{"id":1996,"date":"2020-11-25T00:20:48","date_gmt":"2020-11-24T22:20:48","guid":{"rendered":"https:\/\/fimuskraft.devnettisivu.net\/company\/"},"modified":"2023-10-09T18:44:00","modified_gmt":"2023-10-09T16:44:00","slug":"compania","status":"publish","type":"page","link":"https:\/\/fimuskraft.com\/es\/compania\/","title":{"rendered":"Compa\u00f1\u00eda"},"content":{"rendered":"<p>[et_pb_section fb_built=\u00bb1&#8243; custom_padding_last_edited=\u00bbon|phone\u00bb admin_label=\u00bbMissio Alasivun otsikko\u00bb _builder_version=\u00bb4.22.1&#8243; background_image=\u00bbhttps:\/\/fimuskraft.com\/wp-content\/uploads\/2023\/09\/f6310b97-ef26-48f8-a494-9559e19a6fa9_out-1152&#215;704.jpg\u00bb parallax=\u00bbon\u00bb positioning=\u00bbnone\u00bb custom_margin=\u00bb-16vh||||false|false\u00bb custom_margin_tablet=\u00bb-16vh||||false|false\u00bb custom_margin_phone=\u00bb-80px||||false|false\u00bb custom_margin_last_edited=\u00bbon|phone\u00bb custom_padding=\u00bb25vh||7vh||false|false\u00bb custom_padding_tablet=\u00bb22vh||5vh||false|false\u00bb custom_padding_phone=\u00bb93px||3vh||false|false\u00bb locked=\u00bboff\u00bb global_colors_info=\u00bb{}\u00bb][et_pb_row _builder_version=\u00bb4.19.5&#8243; global_colors_info=\u00bb{}\u00bb][et_pb_column type=\u00bb4_4&#8243; _builder_version=\u00bb4.16&#8243; global_colors_info=\u00bb{}\u00bb][et_pb_text _builder_version=\u00bb4.22.2&#8243; header_text_align=\u00bbcenter\u00bb custom_margin=\u00bb||12px|||\u00bb header_text_align_tablet=\u00bbleft\u00bb header_text_align_phone=\u00bbleft\u00bb header_text_align_last_edited=\u00bbon|tablet\u00bb header_font_size_tablet=\u00bb\u00bb header_font_size_phone=\u00bb28px\u00bb header_font_size_last_edited=\u00bbon|phone\u00bb header_text_shadow_style=\u00bbpreset3&#8243; global_colors_info=\u00bb{%22gcid-43508936-0565-4258-b9b9-165d4cc484fd%22:%91%22icon_color%22%93,%22gcid-fd99c094-06ab-4dac-b621-71dff9d481ed%22:%91%22header_text_shadow_color%22%93}\u00bb]<\/p>\n<h1>FimusKraft compa\u00f1\u00eda<\/h1>\n<p>[\/et_pb_text][\/et_pb_column][\/et_pb_row][\/et_pb_section][et_pb_section fb_built=\u00bb1&#8243; admin_label=\u00bbMissio Valkea osio\u00bb _builder_version=\u00bb4.19.5&#8243; background_color=\u00bb#FFFFFF\u00bb custom_padding=\u00bb7vh||7vh||true|false\u00bb global_colors_info=\u00bb{}\u00bb][et_pb_row column_structure=\u00bb2_5,3_5&#8243; _builder_version=\u00bb4.22.1&#8243; global_colors_info=\u00bb{}\u00bb][et_pb_column type=\u00bb2_5&#8243; _builder_version=\u00bb4.16&#8243; global_colors_info=\u00bb{}\u00bb][et_pb_image src=\u00bbhttps:\/\/fimuskraft.com\/wp-content\/uploads\/2023\/09\/EIC-logo.jpg.webp\u00bb alt=\u00bbman and woman laughing while sitting in front of laptops\u00bb title_text=\u00bbEIC-logo.jpg\u00bb _builder_version=\u00bb4.22.1&#8243; max_height=\u00bb120px\u00bb global_colors_info=\u00bb{}\u00bb][\/et_pb_image][\/et_pb_column][et_pb_column type=\u00bb3_5&#8243; _builder_version=\u00bb4.16&#8243; global_colors_info=\u00bb{}\u00bb][et_pb_text _builder_version=\u00bb4.22.2&#8243; header_font_size=\u00bb34px\u00bb header_2_text_color=\u00bbgcid-43508936-0565-4258-b9b9-165d4cc484fd\u00bb custom_margin=\u00bb||10px|||\u00bb hover_enabled=\u00bb0&#8243; global_colors_info=\u00bb{%22gcid-43508936-0565-4258-b9b9-165d4cc484fd%22:%91%22header_2_text_color%22%93}\u00bb sticky_enabled=\u00bb0&#8243;]<\/p>\n<h2 class=\"has-text-align-center has-virtue-primary-color has-very-light-gray-background-color has-text-color has-background wp-block-heading\"><strong>FimusKraft compa\u00f1\u00eda<\/strong><span>\u00a0<\/span>\u2013<strong><span>\u00a0<\/span>Electrificar los residuos biol\u00f3gicos\u00a0 \/\u00a0 M\u00e1s all\u00e1 del biog\u00e1s<\/strong><\/h2>\n<p>[\/et_pb_text][et_pb_text _builder_version=\u00bb4.22.2&#8243; hover_enabled=\u00bb0&#8243; global_colors_info=\u00bb{}\u00bb sticky_enabled=\u00bb0&#8243; custom_padding=\u00bb||156px|||\u00bb]<\/p>\n<p>&nbsp;<\/p>\n<p>FimusKraft es una empresa emergente de tecnolog\u00edas limpias que trabaja en los \u00e1mbitos de la biotecnolog\u00eda y la econom\u00eda circular. Nuestros productos reducen o eliminan la huella de carbono. Tambi\u00e9n producimos bioenerg\u00eda y materias primas de econom\u00eda circular a partir de diversos tipos de fuentes de biorresiduos. FimusKraft es una empresa con el \u00abSello de Excelencia\u00bb del Comit\u00e9 Europeo de Innovaci\u00f3n.<\/p>\n<p>FimusKraft se dedica a desarrollar y promover soluciones y tecnolog\u00edas innovadoras basadas en los biorresiduos en todo el mundo. Creemos firmemente que los productos y soluciones sostenibles desde el punto de vista medioambiental tambi\u00e9n pueden ser eficientes y econ\u00f3micos. \u00abElectrificar los biorresiduos\u00bb y \u00abM\u00e1s all\u00e1 del biog\u00e1s\u00bb son dos lemas que describen de forma general nuestra pasi\u00f3n.<\/p>\n<p>[\/et_pb_text][et_pb_button button_url=\u00bb@ET-DC@eyJkeW5hbWljIjp0cnVlLCJjb250ZW50IjoicG9zdF9saW5rX3VybF9wYWdlIiwic2V0dGluZ3MiOnsicG9zdF9pZCI6IjI5NCJ9fQ==@\u00bb button_text=\u00bbContacta con nosotros\u00bb button_alignment=\u00bbcenter\u00bb _builder_version=\u00bb4.22.2&#8243; _dynamic_attributes=\u00bbbutton_url\u00bb global_colors_info=\u00bb{}\u00bb][\/et_pb_button][\/et_pb_column][\/et_pb_row][\/et_pb_section][et_pb_section fb_built=\u00bb1&#8243; admin_label=\u00bbMissio Harmaa osio\u00bb _builder_version=\u00bb4.22.1&#8243; background_color=\u00bbgcid-380367c4-e52b-4a17-8ea3-c4252c20ac67&#8243; custom_padding=\u00bb7vh||7vh||true|false\u00bb global_colors_info=\u00bb{%22gcid-380367c4-e52b-4a17-8ea3-c4252c20ac67%22:%91%22background_color%22%93}\u00bb][et_pb_row column_structure=\u00bb3_5,2_5&#8243; _builder_version=\u00bb4.22.1&#8243; width_last_edited=\u00bboff|desktop\u00bb global_colors_info=\u00bb{}\u00bb][et_pb_column type=\u00bb3_5&#8243; _builder_version=\u00bb4.16&#8243; global_colors_info=\u00bb{}\u00bb][et_pb_text _builder_version=\u00bb4.22.2&#8243; header_font_size=\u00bb34px\u00bb header_2_text_color=\u00bbgcid-43508936-0565-4258-b9b9-165d4cc484fd\u00bb custom_margin=\u00bb||10px|||\u00bb global_colors_info=\u00bb{%22gcid-43508936-0565-4258-b9b9-165d4cc484fd%22:%91%22header_2_text_color%22%93}\u00bb]<\/p>\n<h2>Valores<\/h2>\n<p>[\/et_pb_text][et_pb_text _builder_version=\u00bb4.22.2&#8243; hover_enabled=\u00bb0&#8243; global_colors_info=\u00bb{}\u00bb sticky_enabled=\u00bb0&#8243;]<\/p>\n<p><span>FimusKraft considera varios valores importantes en su acci\u00f3n. Lea nuestros valores a continuaci\u00f3n.<\/span><\/p>\n<p><strong>Fiabilidad.<\/strong><span>\u00a0Queremos cumplir nuestras promesas y cumplir con los plazos establecidos. Queremos trabajar con empresas y personas que entiendan el valor de una palabra de honor.<\/span><\/p>\n<p><strong>Orientaci\u00f3n al cliente.<\/strong><span>\u00a0Nuestros clientes est\u00e1n en nuestro coraz\u00f3n. Queremos mejorar el rendimiento de nuestros clientes y comprender qu\u00e9 impulsores tienen en acci\u00f3n.<\/span><\/p>\n<p><strong>Liderazgo tecnol\u00f3gico.<\/strong><span>\u00a0Queremos mejorar y desarrollar continuamente nuestros productos en proceso, as\u00ed como innovar nuevos procesos para que nuestros clientes se beneficien.<\/span><\/p>\n<p><strong>El personal como activo fundamental.<\/strong><span> Nuestro personal est\u00e1 bien organizado y tiene un alto conocimiento de la industria en la que estamos trabajando. Seguimos actualizando al personal mediante la formaci\u00f3n y la educaci\u00f3n cont\u00ednuas. Por lo tanto, la competencia y la tolerancia entre los recursos humanos se mantienen en un buen nivel. Tenemos humanos trabajando para nosotros.<\/span><\/p>\n<p>[\/et_pb_text][\/et_pb_column][et_pb_column type=\u00bb2_5&#8243; _builder_version=\u00bb4.16&#8243; global_colors_info=\u00bb{}\u00bb][et_pb_image src=\u00bbhttps:\/\/fimuskraft.com\/wp-content\/uploads\/2023\/09\/FKBP-moduli-puretaan-rekasta.jpg.webp\u00bb alt=\u00bbperson holding smartphone in front of brown table\u00bb title_text=\u00bbFKBP-moduli-puretaan-rekasta.jpg\u00bb _builder_version=\u00bb4.22.1&#8243; global_colors_info=\u00bb{}\u00bb][\/et_pb_image][et_pb_button button_url=\u00bb@ET-DC@eyJkeW5hbWljIjp0cnVlLCJjb250ZW50IjoicG9zdF9saW5rX3VybF9wYWdlIiwic2V0dGluZ3MiOnsicG9zdF9pZCI6IjI5NCJ9fQ==@\u00bb button_text=\u00bbContacta con nosotros\u00bb button_alignment=\u00bbcenter\u00bb _builder_version=\u00bb4.22.2&#8243; _dynamic_attributes=\u00bbbutton_url\u00bb locked=\u00bboff\u00bb global_colors_info=\u00bb{}\u00bb][\/et_pb_button][\/et_pb_column][\/et_pb_row][\/et_pb_section]<\/p>\n","protected":false},"excerpt":{"rendered":"<p>FimusKraft compa\u00f1\u00edaFimusKraft compa\u00f1\u00eda\u00a0\u2013\u00a0Electrificar los residuos biol\u00f3gicos\u00a0 \/\u00a0 M\u00e1s all\u00e1 del biog\u00e1s&nbsp; FimusKraft es una empresa emergente de tecnolog\u00edas limpias que trabaja en los \u00e1mbitos de la biotecnolog\u00eda y la econom\u00eda circular. Nuestros productos reducen o eliminan la huella de carbono. Tambi\u00e9n producimos bioenerg\u00eda y materias primas de econom\u00eda circular a partir de diversos tipos de [&hellip;]<\/p>\n","protected":false},"author":2,"featured_media":0,"parent":0,"menu_order":0,"comment_status":"closed","ping_status":"closed","template":"","meta":{"_et_pb_use_builder":"on","_et_pb_old_content":"","_et_gb_content_width":"","footnotes":""},"class_list":["post-1996","page","type-page","status-publish","hentry"],"_links":{"self":[{"href":"https:\/\/fimuskraft.com\/es\/wp-json\/wp\/v2\/pages\/1996","targetHints":{"allow":["GET"]}}],"collection":[{"href":"https:\/\/fimuskraft.com\/es\/wp-json\/wp\/v2\/pages"}],"about":[{"href":"https:\/\/fimuskraft.com\/es\/wp-json\/wp\/v2\/types\/page"}],"author":[{"embeddable":true,"href":"https:\/\/fimuskraft.com\/es\/wp-json\/wp\/v2\/users\/2"}],"replies":[{"embeddable":true,"href":"https:\/\/fimuskraft.com\/es\/wp-json\/wp\/v2\/comments?post=1996"}],"version-history":[{"count":4,"href":"https:\/\/fimuskraft.com\/es\/wp-json\/wp\/v2\/pages\/1996\/revisions"}],"predecessor-version":[{"id":2309,"href":"https:\/\/fimuskraft.com\/es\/wp-json\/wp\/v2\/pages\/1996\/revisions\/2309"}],"wp:attachment":[{"href":"https:\/\/fimuskraft.com\/es\/wp-json\/wp\/v2\/media?parent=1996"}],"curies":[{"name":"wp","href":"https:\/\/api.w.org\/{rel}","templated":true}]}}