{"id":1999,"date":"2023-09-05T21:34:23","date_gmt":"2023-09-05T19:34:23","guid":{"rendered":"https:\/\/fimuskraft.devnettisivu.net\/company\/careers\/"},"modified":"2023-10-09T18:47:48","modified_gmt":"2023-10-09T16:47:48","slug":"carreras","status":"publish","type":"page","link":"https:\/\/fimuskraft.com\/es\/compania\/carreras\/","title":{"rendered":"Carreras"},"content":{"rendered":"<p>[et_pb_section fb_built=\u00bb1&#8243; custom_padding_last_edited=\u00bbon|phone\u00bb admin_label=\u00bbMissio Alasivun otsikko\u00bb _builder_version=\u00bb4.22.1&#8243; background_image=\u00bbhttps:\/\/fimuskraft.com\/wp-content\/uploads\/2023\/09\/93effadf-0c28-4226-9708-30812a97c690_out-1152&#215;512.jpg\u00bb parallax=\u00bbon\u00bb positioning=\u00bbnone\u00bb custom_margin=\u00bb-16vh||||false|false\u00bb custom_margin_tablet=\u00bb-16vh||||false|false\u00bb custom_margin_phone=\u00bb-80px||||false|false\u00bb custom_margin_last_edited=\u00bbon|phone\u00bb custom_padding=\u00bb25vh||7vh||false|false\u00bb custom_padding_tablet=\u00bb22vh||5vh||false|false\u00bb custom_padding_phone=\u00bb93px||3vh||false|false\u00bb locked=\u00bboff\u00bb global_colors_info=\u00bb{}\u00bb][et_pb_row _builder_version=\u00bb4.22.2&#8243; hover_enabled=\u00bb0&#8243; global_colors_info=\u00bb{}\u00bb sticky_enabled=\u00bb0&#8243;][et_pb_column type=\u00bb4_4&#8243; _builder_version=\u00bb4.16&#8243; global_colors_info=\u00bb{}\u00bb][et_pb_text _builder_version=\u00bb4.22.2&#8243; custom_margin=\u00bb||12px|||\u00bb hover_enabled=\u00bb0&#8243; header_font_size_tablet=\u00bb\u00bb header_font_size_phone=\u00bb28px\u00bb header_font_size_last_edited=\u00bbon|phone\u00bb header_text_shadow_style=\u00bbpreset3&#8243; global_colors_info=\u00bb{%22gcid-43508936-0565-4258-b9b9-165d4cc484fd%22:%91%22icon_color%22%93,%22gcid-fd99c094-06ab-4dac-b621-71dff9d481ed%22:%91%22header_text_shadow_color%22%93}\u00bb sticky_enabled=\u00bb0&#8243;]<\/p>\n<h1>Carrera profesional<\/h1>\n<p>[\/et_pb_text][\/et_pb_column][\/et_pb_row][\/et_pb_section][et_pb_section fb_built=\u00bb1&#8243; admin_label=\u00bbMissio 2 palstainen otsikko\u00bb _builder_version=\u00bb4.19.5&#8243; custom_padding=\u00bb0px||0px|||\u00bb global_colors_info=\u00bb{}\u00bb][et_pb_row column_structure=\u00bb1_2,1_2&#8243; use_custom_gutter=\u00bbon\u00bb gutter_width=\u00bb1&#8243; make_equal=\u00bbon\u00bb _builder_version=\u00bb4.22.1&#8243; width=\u00bb100%\u00bb max_width=\u00bb2560px\u00bb custom_padding=\u00bb0px||28px||false|true\u00bb global_colors_info=\u00bb{}\u00bb][et_pb_column type=\u00bb1_2&#8243; _builder_version=\u00bb4.19.5&#8243; custom_padding=\u00bb7vh|5%|7vh|5%|true|true\u00bb global_colors_info=\u00bb{}\u00bb][et_pb_text _builder_version=\u00bb4.22.2&#8243; header_2_text_align=\u00bbleft\u00bb header_2_text_color=\u00bbgcid-43508936-0565-4258-b9b9-165d4cc484fd\u00bb custom_margin=\u00bb||10px|||\u00bb global_colors_info=\u00bb{%22gcid-43508936-0565-4258-b9b9-165d4cc484fd%22:%91%22header_2_text_color%22%93}\u00bb]<\/p>\n<h2>\u00bfQuieres trabajar con nosotros?<\/h2>\n<p>[\/et_pb_text][et_pb_text _builder_version=\u00bb4.22.2&#8243; hover_enabled=\u00bb0&#8243; global_colors_info=\u00bb{}\u00bb sticky_enabled=\u00bb0&#8243;]<\/p>\n<div class=\"wp-block-kadence-rowlayout alignnone\">\n<div id=\"kt-layout-id_a99103-53\" class=\"kt-row-layout-inner kt-layout-id_a99103-53\">\n<div class=\"kt-row-column-wrap kt-has-1-columns kt-gutter-default kt-v-gutter-default kt-row-valign-top kt-row-layout-equal kt-tab-layout-inherit kt-m-colapse-left-to-right kt-mobile-layout-row\">\n<div class=\"wp-block-kadence-column inner-column-1 kadence-column_29d79b-96\">\n<div class=\"kt-inside-inner-col\">\n<div class=\"wp-block-kadence-rowlayout alignnone\">\n<div id=\"kt-layout-id_a99103-53\" class=\"kt-row-layout-inner kt-layout-id_a99103-53\">\n<div class=\"kt-row-column-wrap kt-has-1-columns kt-gutter-default kt-v-gutter-default kt-row-valign-top kt-row-layout-equal kt-tab-layout-inherit kt-m-colapse-left-to-right kt-mobile-layout-row\">\n<div class=\"wp-block-kadence-column inner-column-1 kadence-column_29d79b-96\">\n<div class=\"kt-inside-inner-col\">\n<p>\u00bfEst\u00e1s interesado en unirte a nuestro equipo innovador para manejar los residuos biol\u00f3gicos en los procesos ambientales para reducir la huella de carbono y acelerar el r\u00e1pido crecimiento de esta nueva empresa? \u00a1Comenzaremos el reclutamiento pronto! Visite esta p\u00e1gina o nuestro perfil de<span>\u00a0<\/span><a href=\"https:\/\/www.linkedin.com\/company\/fimuskraft\/\">LinkedIn<\/a><span>\u00a0<\/span>regularmente para ver los puestos vacantes. Leer m\u00e1s sobre nuesta compa\u00f1\u00eda<span>\u00a0<\/span>aqu\u00ed.<\/p>\n<\/div>\n<\/div>\n<\/div>\n<\/div>\n<\/div>\n<\/div>\n<\/div>\n<\/div>\n<\/div>\n<\/div>\n<p>[\/et_pb_text][et_pb_button button_url=\u00bb@ET-DC@eyJkeW5hbWljIjp0cnVlLCJjb250ZW50IjoicG9zdF9saW5rX3VybF9wYWdlIiwic2V0dGluZ3MiOnsicG9zdF9pZCI6IjI5NCJ9fQ==@\u00bb button_text=\u00bbContacta con nosotros\u00bb button_alignment=\u00bbcenter\u00bb _builder_version=\u00bb4.22.2&#8243; _dynamic_attributes=\u00bbbutton_url\u00bb custom_margin=\u00bb16px||||false|false\u00bb global_colors_info=\u00bb{}\u00bb][\/et_pb_button][\/et_pb_column][et_pb_column type=\u00bb1_2&#8243; _builder_version=\u00bb4.22.1&#8243; background_color=\u00bbgcid-d39821b6-1a81-4642-8a2c-3e56d09ce01d\u00bb custom_padding=\u00bb7vh|5%|7vh|5%|true|true\u00bb global_colors_info=\u00bb{%22gcid-d39821b6-1a81-4642-8a2c-3e56d09ce01d%22:%91%22background_color%22%93}\u00bb][et_pb_text _builder_version=\u00bb4.22.2&#8243; header_text_color=\u00bb#FFFFFF\u00bb header_2_text_align=\u00bbleft\u00bb header_2_text_color=\u00bb#FFFFFF\u00bb header_2_font_size=\u00bb38px\u00bb header_3_text_color=\u00bb#FFFFFF\u00bb header_4_text_color=\u00bb#FFFFFF\u00bb header_5_text_color=\u00bb#FFFFFF\u00bb header_6_text_color=\u00bb#FFFFFF\u00bb custom_margin=\u00bb13px||10px|||\u00bb header_2_text_align_tablet=\u00bbcenter\u00bb header_2_text_align_phone=\u00bbcenter\u00bb header_2_text_align_last_edited=\u00bbon|tablet\u00bb header_2_font_size_tablet=\u00bb30px\u00bb header_2_font_size_phone=\u00bb30px\u00bb header_2_font_size_last_edited=\u00bbon|tablet\u00bb global_colors_info=\u00bb{}\u00bb]<\/p>\n<h2>\u00a1Somos un equipo de personas apasionadas que trabajamos por un futuro mejor!<\/h2>\n<p>[\/et_pb_text][\/et_pb_column][\/et_pb_row][\/et_pb_section]<\/p>\n","protected":false},"excerpt":{"rendered":"<p>Carrera profesional\u00bfQuieres trabajar con nosotros? \u00bfEst\u00e1s interesado en unirte a nuestro equipo innovador para manejar los residuos biol\u00f3gicos en los procesos ambientales para reducir la huella de carbono y acelerar el r\u00e1pido crecimiento de esta nueva empresa? \u00a1Comenzaremos el reclutamiento pronto! Visite esta p\u00e1gina o nuestro perfil de\u00a0LinkedIn\u00a0regularmente para ver los puestos vacantes. Leer m\u00e1s [&hellip;]<\/p>\n","protected":false},"author":2,"featured_media":0,"parent":1996,"menu_order":0,"comment_status":"closed","ping_status":"closed","template":"","meta":{"_et_pb_use_builder":"on","_et_pb_old_content":"","_et_gb_content_width":"","footnotes":""},"class_list":["post-1999","page","type-page","status-publish","hentry"],"_links":{"self":[{"href":"https:\/\/fimuskraft.com\/es\/wp-json\/wp\/v2\/pages\/1999","targetHints":{"allow":["GET"]}}],"collection":[{"href":"https:\/\/fimuskraft.com\/es\/wp-json\/wp\/v2\/pages"}],"about":[{"href":"https:\/\/fimuskraft.com\/es\/wp-json\/wp\/v2\/types\/page"}],"author":[{"embeddable":true,"href":"https:\/\/fimuskraft.com\/es\/wp-json\/wp\/v2\/users\/2"}],"replies":[{"embeddable":true,"href":"https:\/\/fimuskraft.com\/es\/wp-json\/wp\/v2\/comments?post=1999"}],"version-history":[{"count":3,"href":"https:\/\/fimuskraft.com\/es\/wp-json\/wp\/v2\/pages\/1999\/revisions"}],"predecessor-version":[{"id":2311,"href":"https:\/\/fimuskraft.com\/es\/wp-json\/wp\/v2\/pages\/1999\/revisions\/2311"}],"up":[{"embeddable":true,"href":"https:\/\/fimuskraft.com\/es\/wp-json\/wp\/v2\/pages\/1996"}],"wp:attachment":[{"href":"https:\/\/fimuskraft.com\/es\/wp-json\/wp\/v2\/media?parent=1999"}],"curies":[{"name":"wp","href":"https:\/\/api.w.org\/{rel}","templated":true}]}}