{"id":2005,"date":"2023-09-05T21:28:19","date_gmt":"2023-09-05T19:28:19","guid":{"rendered":"https:\/\/fimuskraft.devnettisivu.net\/customers\/"},"modified":"2023-10-13T11:04:43","modified_gmt":"2023-10-13T09:04:43","slug":"fuentes-de-los-residuos-biologicos","status":"publish","type":"page","link":"https:\/\/fimuskraft.com\/es\/fuentes-de-los-residuos-biologicos\/","title":{"rendered":"Clientes"},"content":{"rendered":"<p>[et_pb_section fb_built=\u00bb1&#8243; custom_padding_last_edited=\u00bbon|phone\u00bb admin_label=\u00bbMissio Alasivun otsikko\u00bb _builder_version=\u00bb4.22.1&#8243; background_image=\u00bbhttps:\/\/fimuskraft.com\/wp-content\/uploads\/2023\/09\/a2bd9b9d-84d3-4ad2-a6f9-ea99191328f4_out-1200&#215;704.jpg\u00bb parallax=\u00bbon\u00bb positioning=\u00bbnone\u00bb custom_margin=\u00bb-16vh||||false|false\u00bb custom_margin_tablet=\u00bb-16vh||||false|false\u00bb custom_margin_phone=\u00bb-80px||||false|false\u00bb custom_margin_last_edited=\u00bbon|phone\u00bb custom_padding=\u00bb29vh||7vh||false|false\u00bb custom_padding_tablet=\u00bb22vh||5vh||false|false\u00bb custom_padding_phone=\u00bb93px||3vh||false|false\u00bb locked=\u00bboff\u00bb global_colors_info=\u00bb{}\u00bb][et_pb_row _builder_version=\u00bb4.19.5&#8243; global_colors_info=\u00bb{}\u00bb][et_pb_column type=\u00bb4_4&#8243; _builder_version=\u00bb4.16&#8243; global_colors_info=\u00bb{}\u00bb][et_pb_text _builder_version=\u00bb4.22.2&#8243; custom_margin=\u00bb||12px|||\u00bb hover_enabled=\u00bb0&#8243; header_text_shadow_style=\u00bbpreset3&#8243; global_colors_info=\u00bb{%22gcid-43508936-0565-4258-b9b9-165d4cc484fd%22:%91%22icon_color%22%93,%22gcid-fd99c094-06ab-4dac-b621-71dff9d481ed%22:%91%22header_text_shadow_color%22%93}\u00bb sticky_enabled=\u00bb0&#8243;]<\/p>\n<h1>Industrias con las que trabajamos<\/h1>\n<p>[\/et_pb_text][\/et_pb_column][\/et_pb_row][\/et_pb_section][et_pb_section fb_built=\u00bb1&#8243; custom_padding_last_edited=\u00bbon|phone\u00bb admin_label=\u00bbMissio Valkea osio\u00bb _builder_version=\u00bb4.22.1&#8243; background_color=\u00bb#FFFFFF\u00bb use_background_color_gradient=\u00bbon\u00bb background_color_gradient_direction=\u00bb90deg\u00bb background_color_gradient_stops=\u00bb#ffffff 50%|gcid-fd99c094-06ab-4dac-b621-71dff9d481ed 50%\u00bb custom_padding=\u00bb7vh||7vh||true|false\u00bb custom_padding_tablet=\u00bb0vh||0vh||true|false\u00bb custom_padding_phone=\u00bb0vh||0vh||true|false\u00bb background_last_edited=\u00bbon|tablet\u00bb use_background_color_gradient_tablet=\u00bboff\u00bb global_colors_info=\u00bb{%22gcid-380367c4-e52b-4a17-8ea3-c4252c20ac67%22:%91%22background_color_gradient_stops%22,%22background_color%22,%22background_color_gradient_stops%22%93,%22gcid-fd99c094-06ab-4dac-b621-71dff9d481ed%22:%91%22background_color_gradient_stops%22,%22background_color_gradient_stops%22%93}\u00bb][et_pb_row column_structure=\u00bb1_2,1_2&#8243; custom_padding_last_edited=\u00bbon|tablet\u00bb _builder_version=\u00bb4.22.1&#8243; custom_margin=\u00bb||||false|false\u00bb custom_padding=\u00bb||||false|false\u00bb custom_padding_tablet=\u00bb||0px||false|false\u00bb custom_padding_phone=\u00bb||0px||false|false\u00bb global_colors_info=\u00bb{}\u00bb][et_pb_column type=\u00bb1_2&#8243; _builder_version=\u00bb4.22.1&#8243; custom_padding_tablet=\u00bb10px||10px||true|false\u00bb custom_padding_phone=\u00bb10px||10px||true|false\u00bb custom_padding_last_edited=\u00bbon|tablet\u00bb global_colors_info=\u00bb{}\u00bb][et_pb_blurb title=\u00bbAgricultura\u00bb use_icon=\u00bbon\u00bb font_icon=\u00bb&#xf722;||fa||900&#8243; icon_color=\u00bbgcid-43508936-0565-4258-b9b9-165d4cc484fd\u00bb icon_placement=\u00bbleft\u00bb image_icon_width=\u00bb54px\u00bb content_max_width=\u00bb100%\u00bb _builder_version=\u00bb4.22.2&#8243; _module_preset=\u00bbdefault\u00bb header_level=\u00bbh2&#8243; header_font=\u00bb|800|||||||\u00bb header_text_color=\u00bbgcid-43508936-0565-4258-b9b9-165d4cc484fd\u00bb global_colors_info=\u00bb{%22gcid-43508936-0565-4258-b9b9-165d4cc484fd%22:%91%22icon_color%22,%22header_text_color%22%93}\u00bb header_2_font_size_last_edited=\u00bbon|phone\u00bb]<\/p>\n<p>Los cultivos requieren agua y\u00a0 fertilizantes. El bombeo del agua para el riego, la iluminaci\u00f3n y la calefacci\u00f3n de los invernaderos, as\u00ed como otros dispositivos y maquinaria, todo ello requiere electricidad. De hecho, el coste de la electricidad y los fertilizantes es todo un reto. El transporte de estos biorresiduos a los vertederos y las tasas de entrada tambi\u00e9n son costosos. La falta de espacio para los residuos biol\u00f3gicos tambi\u00e9n puede ser un desaf\u00edo.<\/p>\n<p>[\/et_pb_blurb][et_pb_button button_url=\u00bb@ET-DC@eyJkeW5hbWljIjp0cnVlLCJjb250ZW50IjoicG9zdF9saW5rX3VybF9wYWdlIiwic2V0dGluZ3MiOnsicG9zdF9pZCI6Ijk0NCJ9fQ==@\u00bb button_text=\u00bbAplicaciones en agricultura\u00bb button_alignment=\u00bbleft\u00bb button_alignment_tablet=\u00bbcenter\u00bb button_alignment_phone=\u00bbcenter\u00bb button_alignment_last_edited=\u00bboff|tablet\u00bb _builder_version=\u00bb4.22.2&#8243; _dynamic_attributes=\u00bbbutton_url\u00bb custom_margin=\u00bb0px|||76px|false|false\u00bb custom_margin_tablet=\u00bb||||false|false\u00bb custom_margin_phone=\u00bb||||false|false\u00bb custom_margin_last_edited=\u00bbon|phone\u00bb custom_padding=\u00bb||||false|false\u00bb global_colors_info=\u00bb{}\u00bb][\/et_pb_button][\/et_pb_column][et_pb_column type=\u00bb1_2&#8243; _builder_version=\u00bb4.16&#8243; custom_padding_tablet=\u00bb10px||10px||true|false\u00bb custom_padding_phone=\u00bb10px||10px||true|false\u00bb custom_padding_last_edited=\u00bbon|tablet\u00bb global_colors_info=\u00bb{}\u00bb][et_pb_blurb title=\u00bbGanader\u00eda\u00bb use_icon=\u00bbon\u00bb font_icon=\u00bb&#xf494;||fa||900&#8243; icon_color=\u00bbgcid-43508936-0565-4258-b9b9-165d4cc484fd\u00bb icon_placement=\u00bbleft\u00bb image_icon_width=\u00bb54px\u00bb content_max_width=\u00bb100%\u00bb _builder_version=\u00bb4.22.2&#8243; _module_preset=\u00bbdefault\u00bb header_level=\u00bbh2&#8243; header_font=\u00bb|800|||||||\u00bb header_text_color=\u00bbgcid-43508936-0565-4258-b9b9-165d4cc484fd\u00bb body_text_color=\u00bb#FFFFFF\u00bb body_text_color_tablet=\u00bbgcid-fd99c094-06ab-4dac-b621-71dff9d481ed\u00bb body_text_color_phone=\u00bbgcid-fd99c094-06ab-4dac-b621-71dff9d481ed\u00bb body_text_color_last_edited=\u00bbon|tablet\u00bb global_colors_info=\u00bb{%22gcid-43508936-0565-4258-b9b9-165d4cc484fd%22:%91%22icon_color%22,%22header_text_color%22%93,%22gcid-fd99c094-06ab-4dac-b621-71dff9d481ed%22:%91%22body_text_color_tablet%22%93}\u00bb header_2_font_size_last_edited=\u00bbon|phone\u00bb]<\/p>\n<p>La ganader\u00eda se enfrenta al reto del esti\u00e9rcol por su olor adem\u00e1s de por c\u00f3mo gestionarlo de forma rentable. El coste del transporte y las tasas de entrada se producir\u00e1n al llevarlo a los vertederos. Adem\u00e1s, las fuentes de biorresiduos pueden contener restos de forraje y ensilado de hierba. No es bueno para el medio ambiente esparcirlo por los campos tal cual. Tambi\u00e9n es importante tener en cuenta la normativa medioambiental y las ecotendencias del momento.<\/p>\n<p>[\/et_pb_blurb][et_pb_button button_url=\u00bb@ET-DC@eyJkeW5hbWljIjp0cnVlLCJjb250ZW50IjoicG9zdF9saW5rX3VybF9wYWdlIiwic2V0dGluZ3MiOnsicG9zdF9pZCI6Ijk0NiJ9fQ==@\u00bb button_text=\u00bbAplicaciones en ganader\u00eda\u00bb button_alignment=\u00bbleft\u00bb button_alignment_tablet=\u00bbcenter\u00bb button_alignment_phone=\u00bbcenter\u00bb button_alignment_last_edited=\u00bboff|tablet\u00bb _builder_version=\u00bb4.22.2&#8243; _dynamic_attributes=\u00bbbutton_url\u00bb custom_margin=\u00bb0px|||76px|false|false\u00bb custom_margin_tablet=\u00bb||||false|false\u00bb custom_margin_phone=\u00bb||||false|false\u00bb custom_margin_last_edited=\u00bbon|phone\u00bb custom_padding=\u00bb||||false|false\u00bb global_colors_info=\u00bb{}\u00bb][\/et_pb_button][\/et_pb_column][\/et_pb_row][\/et_pb_section][et_pb_section fb_built=\u00bb1&#8243; custom_padding_last_edited=\u00bbon|phone\u00bb admin_label=\u00bbMissio Valkea osio\u00bb _builder_version=\u00bb4.22.1&#8243; background_color=\u00bb#FFFFFF\u00bb use_background_color_gradient=\u00bbon\u00bb background_color_gradient_direction=\u00bb270deg\u00bb background_color_gradient_stops=\u00bb#ffffff 50%|gcid-fd99c094-06ab-4dac-b621-71dff9d481ed 50%\u00bb custom_padding=\u00bb7vh||7vh||true|false\u00bb custom_padding_tablet=\u00bb0vh||0vh||true|false\u00bb custom_padding_phone=\u00bb0vh||0vh||true|false\u00bb background_last_edited=\u00bbon|tablet\u00bb use_background_color_gradient_tablet=\u00bboff\u00bb global_colors_info=\u00bb{%22gcid-380367c4-e52b-4a17-8ea3-c4252c20ac67%22:%91%22background_color_gradient_stops%22,%22background_color%22%93,%22gcid-fd99c094-06ab-4dac-b621-71dff9d481ed%22:%91%22background_color_gradient_stops%22%93}\u00bb][et_pb_row column_structure=\u00bb1_2,1_2&#8243; custom_padding_last_edited=\u00bbon|tablet\u00bb _builder_version=\u00bb4.22.1&#8243; custom_padding=\u00bb||||false|false\u00bb custom_padding_tablet=\u00bb||0px||false|false\u00bb custom_padding_phone=\u00bb||0px||false|false\u00bb global_colors_info=\u00bb{}\u00bb][et_pb_column type=\u00bb1_2&#8243; _builder_version=\u00bb4.16&#8243; custom_padding_tablet=\u00bb10px||10px||true|false\u00bb custom_padding_phone=\u00bb10px||10px||true|false\u00bb custom_padding_last_edited=\u00bbon|tablet\u00bb global_colors_info=\u00bb{}\u00bb][et_pb_blurb title=\u00bbIndustria de alimentos y bebidas\u00bb use_icon=\u00bbon\u00bb font_icon=\u00bb&#xf805;||fa||900&#8243; icon_color=\u00bbgcid-43508936-0565-4258-b9b9-165d4cc484fd\u00bb icon_placement=\u00bbleft\u00bb image_icon_width=\u00bb54px\u00bb content_max_width=\u00bb100%\u00bb _builder_version=\u00bb4.22.2&#8243; _module_preset=\u00bbdefault\u00bb header_level=\u00bbh2&#8243; header_font=\u00bb|800|||||||\u00bb header_text_color=\u00bbgcid-43508936-0565-4258-b9b9-165d4cc484fd\u00bb body_text_color=\u00bb#FFFFFF\u00bb body_text_color_tablet=\u00bbgcid-fd99c094-06ab-4dac-b621-71dff9d481ed\u00bb body_text_color_phone=\u00bbgcid-fd99c094-06ab-4dac-b621-71dff9d481ed\u00bb body_text_color_last_edited=\u00bbon|tablet\u00bb global_colors_info=\u00bb{%22gcid-43508936-0565-4258-b9b9-165d4cc484fd%22:%91%22icon_color%22,%22header_text_color%22,%22icon_color%22,%22header_text_color%22%93,%22gcid-fd99c094-06ab-4dac-b621-71dff9d481ed%22:%91%22body_text_color_tablet%22%93}\u00bb header_2_font_size_last_edited=\u00bbon|phone\u00bb]<\/p>\n<p>Los retos de la industria alimentaria y de bebidas son los costes de transporte y las tasas de entrada de los biorresiduos, as\u00ed como el r\u00e1pido aumento de los costes de electricidad. La falta de espacio para los biorresiduos y el olor podr\u00edan constituir otros retos.<\/p>\n<p>[\/et_pb_blurb][et_pb_button button_url=\u00bb@ET-DC@eyJkeW5hbWljIjp0cnVlLCJjb250ZW50IjoicG9zdF9saW5rX3VybF9wYWdlIiwic2V0dGluZ3MiOnsicG9zdF9pZCI6Ijk0OCJ9fQ==@\u00bb button_text=\u00bbAplicaciones en la industria de alimentos y bebidas\u00bb button_alignment=\u00bbleft\u00bb button_text_tablet=\u00bbFood &#038; Beverage Applications\u00bb button_text_phone=\u00bbFood Applications\u00bb button_text_last_edited=\u00bbon|phone\u00bb button_alignment_tablet=\u00bbcenter\u00bb button_alignment_phone=\u00bbcenter\u00bb button_alignment_last_edited=\u00bboff|tablet\u00bb _builder_version=\u00bb4.22.2&#8243; _dynamic_attributes=\u00bbbutton_url\u00bb custom_margin=\u00bb0px|||76px|false|false\u00bb custom_margin_tablet=\u00bb||||false|false\u00bb custom_margin_phone=\u00bb||||false|false\u00bb custom_margin_last_edited=\u00bbon|phone\u00bb custom_padding=\u00bb||||false|false\u00bb global_colors_info=\u00bb{}\u00bb][\/et_pb_button][\/et_pb_column][et_pb_column type=\u00bb1_2&#8243; _builder_version=\u00bb4.16&#8243; custom_padding_tablet=\u00bb10px||10px||true|false\u00bb custom_padding_phone=\u00bb10px||10px||true|false\u00bb custom_padding_last_edited=\u00bbon|tablet\u00bb global_colors_info=\u00bb{}\u00bb][et_pb_blurb title=\u00bbAcuicultura\u00bb use_icon=\u00bbon\u00bb font_icon=\u00bb&#xf578;||fa||900&#8243; icon_color=\u00bbgcid-43508936-0565-4258-b9b9-165d4cc484fd\u00bb icon_placement=\u00bbleft\u00bb image_icon_width=\u00bb54px\u00bb content_max_width=\u00bb100%\u00bb _builder_version=\u00bb4.22.2&#8243; _module_preset=\u00bbdefault\u00bb header_level=\u00bbh2&#8243; header_font=\u00bb|800|||||||\u00bb header_text_color=\u00bbgcid-43508936-0565-4258-b9b9-165d4cc484fd\u00bb custom_padding=\u00bb||||false|false\u00bb custom_padding_tablet=\u00bb||||false|false\u00bb custom_padding_phone=\u00bb||0px||false|false\u00bb custom_padding_last_edited=\u00bbon|tablet\u00bb global_colors_info=\u00bb{%22gcid-43508936-0565-4258-b9b9-165d4cc484fd%22:%91%22icon_color%22,%22header_text_color%22%93}\u00bb header_2_font_size_last_edited=\u00bbon|phone\u00bb]<\/p>\n<p>La acuicultura se enfrenta al reto de gestionar los residuos biol\u00f3gicos de forma rentable. Adem\u00e1s, los residuos de pescado y marisco son muy olorosos. Los retos son las tasas de entrada y los costes de llevar los residuos biol\u00f3gicos a los vertederos. El aumento del precio de la energ\u00eda as\u00ed como la falta de espacio para los residuos biol\u00f3gicos son otros de los problemas.<\/p>\n<p>[\/et_pb_blurb][et_pb_button button_url=\u00bb@ET-DC@eyJkeW5hbWljIjp0cnVlLCJjb250ZW50IjoicG9zdF9saW5rX3VybF9wYWdlIiwic2V0dGluZ3MiOnsicG9zdF9pZCI6Ijk1MCJ9fQ==@\u00bb button_text=\u00bbAplicaciones en acuicultura\u00bb button_alignment=\u00bbleft\u00bb button_alignment_tablet=\u00bbcenter\u00bb button_alignment_phone=\u00bbcenter\u00bb button_alignment_last_edited=\u00bboff|tablet\u00bb _builder_version=\u00bb4.22.2&#8243; _dynamic_attributes=\u00bbbutton_url\u00bb custom_margin=\u00bb0px|||76px|false|false\u00bb custom_margin_tablet=\u00bb||||false|false\u00bb custom_margin_phone=\u00bb||||false|false\u00bb custom_margin_last_edited=\u00bbon|phone\u00bb custom_padding=\u00bb||||false|false\u00bb global_colors_info=\u00bb{}\u00bb][\/et_pb_button][\/et_pb_column][\/et_pb_row][\/et_pb_section][et_pb_section fb_built=\u00bb1&#8243; custom_padding_last_edited=\u00bbon|phone\u00bb admin_label=\u00bbMissio Valkea osio\u00bb _builder_version=\u00bb4.22.1&#8243; background_color=\u00bb#FFFFFF\u00bb use_background_color_gradient=\u00bbon\u00bb background_color_gradient_direction=\u00bb90deg\u00bb background_color_gradient_stops=\u00bb#ffffff 50%|gcid-fd99c094-06ab-4dac-b621-71dff9d481ed 50%\u00bb custom_padding=\u00bb7vh||7vh||true|false\u00bb custom_padding_tablet=\u00bb0vh||5vh||false|false\u00bb custom_padding_phone=\u00bb0vh||5vh||false|false\u00bb background_last_edited=\u00bbon|tablet\u00bb use_background_color_gradient_tablet=\u00bboff\u00bb global_colors_info=\u00bb{%22gcid-380367c4-e52b-4a17-8ea3-c4252c20ac67%22:%91%22background_color_gradient_stops%22,%22background_color%22,%22background_color_gradient_stops%22%93,%22gcid-fd99c094-06ab-4dac-b621-71dff9d481ed%22:%91%22background_color_gradient_stops%22,%22background_color_gradient_stops%22%93}\u00bb][et_pb_row column_structure=\u00bb1_2,1_2&#8243; custom_padding_last_edited=\u00bbon|tablet\u00bb _builder_version=\u00bb4.22.1&#8243; custom_padding=\u00bb||||false|false\u00bb custom_padding_tablet=\u00bb||0px||false|false\u00bb custom_padding_phone=\u00bb||0px||false|false\u00bb global_colors_info=\u00bb{}\u00bb][et_pb_column type=\u00bb1_2&#8243; _builder_version=\u00bb4.16&#8243; custom_padding_tablet=\u00bb10px||10px||true|false\u00bb custom_padding_phone=\u00bb10px||10px||true|false\u00bb custom_padding_last_edited=\u00bbon|tablet\u00bb global_colors_info=\u00bb{}\u00bb][et_pb_blurb title=\u00bbPlantas de tratamiento de aguas residuales\u00bb use_icon=\u00bbon\u00bb font_icon=\u00bb&#xf773;||fa||900&#8243; icon_color=\u00bbgcid-43508936-0565-4258-b9b9-165d4cc484fd\u00bb icon_placement=\u00bbleft\u00bb image_icon_width=\u00bb54px\u00bb content_max_width=\u00bb100%\u00bb _builder_version=\u00bb4.22.2&#8243; _module_preset=\u00bbdefault\u00bb header_level=\u00bbh2&#8243; header_font=\u00bb|800|||||||\u00bb header_text_color=\u00bbgcid-43508936-0565-4258-b9b9-165d4cc484fd\u00bb global_colors_info=\u00bb{%22gcid-43508936-0565-4258-b9b9-165d4cc484fd%22:%91%22icon_color%22,%22header_text_color%22%93}\u00bb header_2_font_size_last_edited=\u00bbon|phone\u00bb]<\/p>\n<p>La planta de biog\u00e1s FimusKraft puede utilizarse tambi\u00e9n en plantas de tratamiento de aguas residuales. El reto puede ser el aumento de los precios de la energ\u00eda. Los lodos de depuradora de las plantas de tratamiento de aguas residuales contienen, por ejemplo, residuos de retretes y otros residuos org\u00e1nicos y biodegradables. El sistema FKBP transforma estos biorresiduos en bioenerg\u00eda mediante un avanzado proceso de fermentaci\u00f3n. Tambi\u00e9n es importante tener en cuenta la normativa medioambiental y las ecotendencias.<\/p>\n<p>[\/et_pb_blurb][et_pb_button button_url=\u00bb@ET-DC@eyJkeW5hbWljIjp0cnVlLCJjb250ZW50IjoicG9zdF9saW5rX3VybF9wYWdlIiwic2V0dGluZ3MiOnsicG9zdF9pZCI6Ijk1NSJ9fQ==@\u00bb button_text=\u00bbAplicaciones en plantas de tratamiento de aguas residuales\u00bb button_alignment=\u00bbleft\u00bb button_text_tablet=\u00bbWastewater Applications\u00bb button_text_phone=\u00bbWastewater Applications\u00bb button_text_last_edited=\u00bbon|phone\u00bb button_alignment_tablet=\u00bbcenter\u00bb button_alignment_phone=\u00bbcenter\u00bb button_alignment_last_edited=\u00bboff|tablet\u00bb _builder_version=\u00bb4.22.2&#8243; _dynamic_attributes=\u00bbbutton_url\u00bb custom_margin=\u00bb0px|||76px|false|false\u00bb custom_margin_tablet=\u00bb||||false|false\u00bb custom_margin_phone=\u00bb||||false|false\u00bb custom_margin_last_edited=\u00bbon|phone\u00bb custom_padding=\u00bb||||false|false\u00bb global_colors_info=\u00bb{}\u00bb][\/et_pb_button][\/et_pb_column][et_pb_column type=\u00bb1_2&#8243; _builder_version=\u00bb4.16&#8243; custom_padding_tablet=\u00bb10px||10px||true|false\u00bb custom_padding_phone=\u00bb10px||10px||true|false\u00bb custom_padding_last_edited=\u00bbon|tablet\u00bb global_colors_info=\u00bb{}\u00bb][et_pb_blurb title=\u00bbOtros productores de residuos biol\u00f3gicos\u00bb use_icon=\u00bbon\u00bb font_icon=\u00bb&#xf1b8;||fa||900&#8243; icon_color=\u00bbgcid-43508936-0565-4258-b9b9-165d4cc484fd\u00bb icon_placement=\u00bbleft\u00bb image_icon_width=\u00bb54px\u00bb content_max_width=\u00bb100%\u00bb _builder_version=\u00bb4.22.2&#8243; _module_preset=\u00bbdefault\u00bb header_level=\u00bbh2&#8243; header_font=\u00bb|800|||||||\u00bb header_text_color=\u00bbgcid-43508936-0565-4258-b9b9-165d4cc484fd\u00bb body_text_color=\u00bb#FFFFFF\u00bb body_text_color_tablet=\u00bbgcid-fd99c094-06ab-4dac-b621-71dff9d481ed\u00bb body_text_color_phone=\u00bbgcid-fd99c094-06ab-4dac-b621-71dff9d481ed\u00bb body_text_color_last_edited=\u00bbon|tablet\u00bb global_colors_info=\u00bb{%22gcid-43508936-0565-4258-b9b9-165d4cc484fd%22:%91%22icon_color%22,%22header_text_color%22,%22icon_color%22,%22header_text_color%22%93,%22gcid-fd99c094-06ab-4dac-b621-71dff9d481ed%22:%91%22body_text_color_tablet%22%93}\u00bb header_2_font_size_last_edited=\u00bbon|phone\u00bb]<\/p>\n<p>Los restaurantes, los hogares y las tiendas de alimentaci\u00f3n se enfrentan a varios retos a la hora de gestionar los biorresiduos. El r\u00e1pido aumento de los precios de la energ\u00eda representa todo un reto. Los residuos biol\u00f3gicos se transportan a los vertederos y cada tienda, restaurante y hogar paga el coste del transporte y las tasas de entrada. La falta de espacio y el olor de los residuos biol\u00f3gicos pueden ser un problema para los hogares y las tiendas de alimentaci\u00f3n.<\/p>\n<p>[\/et_pb_blurb][et_pb_button button_url=\u00bb@ET-DC@eyJkeW5hbWljIjp0cnVlLCJjb250ZW50IjoicG9zdF9saW5rX3VybF9wYWdlIiwic2V0dGluZ3MiOnsicG9zdF9pZCI6IjExNTYifX0=@\u00bb button_text=\u00bbM\u00e1s aplicaciones\u00bb button_alignment=\u00bbleft\u00bb button_alignment_tablet=\u00bbcenter\u00bb button_alignment_phone=\u00bbcenter\u00bb button_alignment_last_edited=\u00bboff|tablet\u00bb _builder_version=\u00bb4.22.2&#8243; _dynamic_attributes=\u00bbbutton_url\u00bb custom_margin=\u00bb0px|||76px|false|false\u00bb custom_margin_tablet=\u00bb||||false|false\u00bb custom_margin_phone=\u00bb||||false|false\u00bb custom_margin_last_edited=\u00bbon|phone\u00bb custom_padding=\u00bb||||false|false\u00bb global_colors_info=\u00bb{}\u00bb][\/et_pb_button][\/et_pb_column][\/et_pb_row][\/et_pb_section]<\/p>\n","protected":false},"excerpt":{"rendered":"<p>Industrias con las que trabajamosLos cultivos requieren agua y\u00a0 fertilizantes. El bombeo del agua para el riego, la iluminaci\u00f3n y la calefacci\u00f3n de los invernaderos, as\u00ed como otros dispositivos y maquinaria, todo ello requiere electricidad. De hecho, el coste de la electricidad y los fertilizantes es todo un reto. El transporte de estos biorresiduos a [&hellip;]<\/p>\n","protected":false},"author":2,"featured_media":0,"parent":0,"menu_order":0,"comment_status":"closed","ping_status":"closed","template":"","meta":{"_et_pb_use_builder":"on","_et_pb_old_content":"","_et_gb_content_width":"","footnotes":""},"class_list":["post-2005","page","type-page","status-publish","hentry"],"_links":{"self":[{"href":"https:\/\/fimuskraft.com\/es\/wp-json\/wp\/v2\/pages\/2005","targetHints":{"allow":["GET"]}}],"collection":[{"href":"https:\/\/fimuskraft.com\/es\/wp-json\/wp\/v2\/pages"}],"about":[{"href":"https:\/\/fimuskraft.com\/es\/wp-json\/wp\/v2\/types\/page"}],"author":[{"embeddable":true,"href":"https:\/\/fimuskraft.com\/es\/wp-json\/wp\/v2\/users\/2"}],"replies":[{"embeddable":true,"href":"https:\/\/fimuskraft.com\/es\/wp-json\/wp\/v2\/comments?post=2005"}],"version-history":[{"count":16,"href":"https:\/\/fimuskraft.com\/es\/wp-json\/wp\/v2\/pages\/2005\/revisions"}],"predecessor-version":[{"id":2380,"href":"https:\/\/fimuskraft.com\/es\/wp-json\/wp\/v2\/pages\/2005\/revisions\/2380"}],"wp:attachment":[{"href":"https:\/\/fimuskraft.com\/es\/wp-json\/wp\/v2\/media?parent=2005"}],"curies":[{"name":"wp","href":"https:\/\/api.w.org\/{rel}","templated":true}]}}