{"id":2007,"date":"2023-09-05T21:29:51","date_gmt":"2023-09-05T19:29:51","guid":{"rendered":"https:\/\/fimuskraft.devnettisivu.net\/customers\/cultivation\/"},"modified":"2023-10-13T11:01:06","modified_gmt":"2023-10-13T09:01:06","slug":"cultivacion","status":"publish","type":"page","link":"https:\/\/fimuskraft.com\/es\/cultivacion\/","title":{"rendered":"Agricultura"},"content":{"rendered":"<p>[et_pb_section fb_built=\u00bb1&#8243; custom_padding_last_edited=\u00bbon|phone\u00bb admin_label=\u00bbMissio Alasivun otsikko\u00bb _builder_version=\u00bb4.22.1&#8243; background_image=\u00bbhttps:\/\/fimuskraft.com\/wp-content\/uploads\/2023\/09\/b6b134b9-0591-4af5-9a4a-b3e5b43041c7_out-1152&#215;512.jpg\u00bb parallax=\u00bbon\u00bb positioning=\u00bbnone\u00bb custom_margin=\u00bb-16vh||||false|false\u00bb custom_margin_tablet=\u00bb-16vh||||false|false\u00bb custom_margin_phone=\u00bb-80px||||false|false\u00bb custom_margin_last_edited=\u00bbon|phone\u00bb custom_padding=\u00bb25vh||7vh||false|false\u00bb custom_padding_tablet=\u00bb22vh||5vh||false|false\u00bb custom_padding_phone=\u00bb93px||3vh||false|false\u00bb locked=\u00bboff\u00bb global_colors_info=\u00bb{}\u00bb][et_pb_row _builder_version=\u00bb4.19.5&#8243; global_colors_info=\u00bb{}\u00bb][et_pb_column type=\u00bb4_4&#8243; _builder_version=\u00bb4.16&#8243; global_colors_info=\u00bb{}\u00bb][et_pb_text _builder_version=\u00bb4.22.2&#8243; custom_margin=\u00bb||12px|||\u00bb header_font_size_tablet=\u00bb\u00bb header_font_size_phone=\u00bb28px\u00bb header_font_size_last_edited=\u00bbon|phone\u00bb header_text_shadow_style=\u00bbpreset3&#8243; global_colors_info=\u00bb{%22gcid-43508936-0565-4258-b9b9-165d4cc484fd%22:%91%22icon_color%22%93,%22gcid-fd99c094-06ab-4dac-b621-71dff9d481ed%22:%91%22header_text_shadow_color%22%93}\u00bb]<\/p>\n<h1>Agricultura<\/h1>\n<p>[\/et_pb_text][\/et_pb_column][\/et_pb_row][\/et_pb_section][et_pb_section fb_built=\u00bb1&#8243; admin_label=\u00bbMissio 2 palstainen otsikko\u00bb _builder_version=\u00bb4.19.5&#8243; custom_padding=\u00bb0px||0px|||\u00bb global_colors_info=\u00bb{}\u00bb][et_pb_row column_structure=\u00bb1_2,1_2&#8243; use_custom_gutter=\u00bbon\u00bb gutter_width=\u00bb1&#8243; make_equal=\u00bbon\u00bb _builder_version=\u00bb4.22.1&#8243; width=\u00bb100%\u00bb max_width=\u00bb2560px\u00bb custom_padding=\u00bb7vh||9vh||false|true\u00bb global_colors_info=\u00bb{}\u00bb][et_pb_column type=\u00bb1_2&#8243; _builder_version=\u00bb4.22.1&#8243; custom_padding=\u00bb0px|5%|0px|5%|true|true\u00bb global_colors_info=\u00bb{}\u00bb][et_pb_text _builder_version=\u00bb4.22.2&#8243; header_2_text_align=\u00bbleft\u00bb header_2_text_color=\u00bbgcid-43508936-0565-4258-b9b9-165d4cc484fd\u00bb custom_margin=\u00bb||3px|||\u00bb global_colors_info=\u00bb{%22gcid-43508936-0565-4258-b9b9-165d4cc484fd%22:%91%22header_2_text_color%22,%22header_2_text_color%22%93}\u00bb]<\/p>\n<h2>Desaf\u00edos<\/h2>\n<p>[\/et_pb_text][et_pb_text _builder_version=\u00bb4.22.2&#8243; custom_padding=\u00bb||35px|||\u00bb hover_enabled=\u00bb0&#8243; global_colors_info=\u00bb{}\u00bb sticky_enabled=\u00bb0&#8243;]<\/p>\n<p>Los cultivos necesitan agua y fertilizantes. El bombeo del agua para el riego, la iluminaci\u00f3n y la calefacci\u00f3n de los invernaderos, as\u00ed como otros dispositivos y m\u00e1quinas, todo ello requiere electricidad. De hecho, el coste de la electricidad y los fertilizantes es todo un reto. El transporte de estos biorresiduos a los vertederos y las tasas de entrada tambi\u00e9n son costosos. La falta de espacio para los residuos biol\u00f3gicos tambi\u00e9n puede ser un problema.<\/p>\n<p>[\/et_pb_text][et_pb_text _builder_version=\u00bb4.22.2&#8243; header_2_text_align=\u00bbleft\u00bb header_2_text_color=\u00bbgcid-43508936-0565-4258-b9b9-165d4cc484fd\u00bb custom_margin=\u00bb||3px|||\u00bb global_colors_info=\u00bb{%22gcid-43508936-0565-4258-b9b9-165d4cc484fd%22:%91%22header_2_text_color%22%93}\u00bb]<\/p>\n<h2 class=\"has-virtue-primary-color has-text-color wp-block-heading\">Biorresiduos<\/h2>\n<p>[\/et_pb_text][et_pb_text _builder_version=\u00bb4.22.2&#8243; custom_padding=\u00bb||35px|||\u00bb hover_enabled=\u00bb0&#8243; global_colors_info=\u00bb{}\u00bb sticky_enabled=\u00bb0&#8243;]<\/p>\n<p id=\"block-9d422e83-03f5-47b9-8e64-86aa7d2c3918\">Las granjas que cultivan cosechas, verduras o frutas son grandes productoras de biorresiduos. Las plantas en mal estado, las sobras y los residuos vegetales son ejemplos de este tipo de biorresiduos.<\/p>\n<p>[\/et_pb_text][et_pb_text _builder_version=\u00bb4.22.2&#8243; header_2_text_align=\u00bbleft\u00bb header_2_text_color=\u00bbgcid-43508936-0565-4258-b9b9-165d4cc484fd\u00bb custom_margin=\u00bb||3px|||\u00bb hover_enabled=\u00bb0&#8243; global_colors_info=\u00bb{%22gcid-43508936-0565-4258-b9b9-165d4cc484fd%22:%91%22header_2_text_color%22,%22header_2_text_color%22%93}\u00bb sticky_enabled=\u00bb0&#8243;]<\/p>\n<h2 class=\"has-virtue-primary-color has-text-color wp-block-heading\">\u00bfQu\u00e9 puede ofrecerle la Planta de Biog\u00e1s de<span style=\"font-size: 16px;\"><\/span>FimusKraft (FKBP)?<\/h2>\n<p>[\/et_pb_text][et_pb_text _builder_version=\u00bb4.22.2&#8243; custom_padding=\u00bb||35px|||\u00bb hover_enabled=\u00bb0&#8243; global_colors_info=\u00bb{}\u00bb sticky_enabled=\u00bb0&#8243;]<\/p>\n<p>&nbsp;<\/p>\n<p>Las Plantas de Biog\u00e1s FimusKraft tienen numerosas ventajas para las explotaciones agr\u00edcolas. Por lo general, cada m\u00f3dulo produce un m\u00ednimo de 30 kW de electricidad. En total, una FKBP ubicada en una explotaci\u00f3n agr\u00edcola aporta electricidad, que puede utilizarse para iluminar y cargar la maquinaria y los dispositivos. El calor puede utilizarse para calentar invernaderos y otros edificios. Cada m\u00f3dulo genera un m\u00ednimo de 60 kW de calor.<\/p>\n<p>El proceso de fermentaci\u00f3n convierte los biorresiduos en un biofertilizante natural rico en nutrientes. Tras la fermentaci\u00f3n, los lodos se procesan para obtener un biofertilizante de alta calidad en forma s\u00f3lida y l\u00edquida. Este biofertilizante puede utilizarse en la producci\u00f3n de alimentos, el cultivo de piensos o el cultivo de hortalizas y cereales.<\/p>\n<figure class=\"wp-block-image size-large is-resized\"><\/figure>\n<p>[\/et_pb_text][\/et_pb_column][et_pb_column type=\u00bb1_2&#8243; _builder_version=\u00bb4.19.5&#8243; custom_padding=\u00bb0px|5%|0px|5%|true|true\u00bb global_colors_info=\u00bb{}\u00bb][et_pb_text _builder_version=\u00bb4.22.2&#8243; header_2_text_align=\u00bbleft\u00bb header_2_text_color=\u00bbgcid-43508936-0565-4258-b9b9-165d4cc484fd\u00bb custom_margin=\u00bb||3px|||\u00bb hover_enabled=\u00bb0&#8243; global_colors_info=\u00bb{%22gcid-43508936-0565-4258-b9b9-165d4cc484fd%22:%91%22header_2_text_color%22,%22header_2_text_color%22%93}\u00bb sticky_enabled=\u00bb0&#8243;]<\/p>\n<h2 class=\"has-virtue-primary-color has-text-color wp-block-heading\" id=\"block-bfe2d5ef-71e7-4f27-a1f7-0aee143a854e\">Beneficiese de de sus biorresiduos<span style=\"font-size: 16px;\">\u00a0<\/span><\/h2>\n<p>&nbsp;<\/p>\n<p>[\/et_pb_text][et_pb_text _builder_version=\u00bb4.22.2&#8243; custom_padding=\u00bb||35px|||\u00bb hover_enabled=\u00bb0&#8243; global_colors_info=\u00bb{}\u00bb sticky_enabled=\u00bb0&#8243;]<\/p>\n<div class=\"wp-block-media-text alignwide is-stacked-on-mobile is-vertically-aligned-top\">\n<div class=\"wp-block-media-text__content\">\n<p>Con la tecnolog\u00eda FKBP, puede convertir los residuos biol\u00f3gicos de algunas frutas y hortalizas en valiosas materias primas para las industrias farmac\u00e9utica, alimentaria y qu\u00edmica. La venta de este producto secundario aumentar\u00e1 la rentabilidad de la explotaci\u00f3n hort\u00edcola.<\/p>\n<p>Con FKBP, usted gestiona sus biorresiduos localmente y evita pagar posibles tasas de entrada al no tener que transportar las fuentes de biorresiduos a ninguna parte. En los invernaderos, puede aumentar la producci\u00f3n de hortalizas. FKBP ofrece un dise\u00f1o modular compacto que facilita la instalaci\u00f3n y permite su ampliaci\u00f3n. El sistema requiere una inversi\u00f3n reducida y se amortiza en poco tiempo.<\/p>\n<p>Este proceso tambi\u00e9n reducir\u00e1 la huella de carbono y las emisiones de gases de efecto invernadero en los procesos agr\u00edcolas. En definitiva, el sistema FKBP es una forma ecol\u00f3gica de gestionar los residuos.<\/p>\n<p>&nbsp;<\/p>\n<\/div>\n<\/div>\n<p>[\/et_pb_text][et_pb_image src=\u00bbhttps:\/\/fimuskraft.com\/wp-content\/uploads\/2023\/09\/ES-taulukko.png.webp\u00bb title_text=\u00bbES-taulukko.png\u00bb _builder_version=\u00bb4.22.2&#8243; _module_preset=\u00bbdefault\u00bb max_height=\u00bb515px\u00bb custom_padding=\u00bb||40px|||\u00bb hover_enabled=\u00bb0&#8243; global_colors_info=\u00bb{}\u00bb sticky_enabled=\u00bb0&#8243;][\/et_pb_image][et_pb_button button_url=\u00bb@ET-DC@eyJkeW5hbWljIjp0cnVlLCJjb250ZW50IjoicG9zdF9saW5rX3VybF9wYWdlIiwic2V0dGluZ3MiOnsicG9zdF9pZCI6IjI5NCJ9fQ==@\u00bb button_text=\u00bbContacta con nosotros!\u00bb button_alignment=\u00bbcenter\u00bb _builder_version=\u00bb4.22.2&#8243; _dynamic_attributes=\u00bbbutton_url\u00bb _module_preset=\u00bbdefault\u00bb global_colors_info=\u00bb{}\u00bb][\/et_pb_button][\/et_pb_column][\/et_pb_row][\/et_pb_section]<\/p>\n","protected":false},"excerpt":{"rendered":"<p>AgriculturaDesaf\u00edosLos cultivos necesitan agua y fertilizantes. El bombeo del agua para el riego, la iluminaci\u00f3n y la calefacci\u00f3n de los invernaderos, as\u00ed como otros dispositivos y m\u00e1quinas, todo ello requiere electricidad. De hecho, el coste de la electricidad y los fertilizantes es todo un reto. El transporte de estos biorresiduos a los vertederos y las [&hellip;]<\/p>\n","protected":false},"author":2,"featured_media":0,"parent":0,"menu_order":0,"comment_status":"closed","ping_status":"closed","template":"","meta":{"_et_pb_use_builder":"on","_et_pb_old_content":"","_et_gb_content_width":"","footnotes":""},"class_list":["post-2007","page","type-page","status-publish","hentry"],"_links":{"self":[{"href":"https:\/\/fimuskraft.com\/es\/wp-json\/wp\/v2\/pages\/2007","targetHints":{"allow":["GET"]}}],"collection":[{"href":"https:\/\/fimuskraft.com\/es\/wp-json\/wp\/v2\/pages"}],"about":[{"href":"https:\/\/fimuskraft.com\/es\/wp-json\/wp\/v2\/types\/page"}],"author":[{"embeddable":true,"href":"https:\/\/fimuskraft.com\/es\/wp-json\/wp\/v2\/users\/2"}],"replies":[{"embeddable":true,"href":"https:\/\/fimuskraft.com\/es\/wp-json\/wp\/v2\/comments?post=2007"}],"version-history":[{"count":5,"href":"https:\/\/fimuskraft.com\/es\/wp-json\/wp\/v2\/pages\/2007\/revisions"}],"predecessor-version":[{"id":2378,"href":"https:\/\/fimuskraft.com\/es\/wp-json\/wp\/v2\/pages\/2007\/revisions\/2378"}],"wp:attachment":[{"href":"https:\/\/fimuskraft.com\/es\/wp-json\/wp\/v2\/media?parent=2007"}],"curies":[{"name":"wp","href":"https:\/\/api.w.org\/{rel}","templated":true}]}}