{"id":2011,"date":"2023-09-05T21:31:05","date_gmt":"2023-09-05T19:31:05","guid":{"rendered":"https:\/\/fimuskraft.devnettisivu.net\/customers\/fisheries\/"},"modified":"2023-10-13T11:01:24","modified_gmt":"2023-10-13T09:01:24","slug":"pesquerias","status":"publish","type":"page","link":"https:\/\/fimuskraft.com\/es\/pesquerias\/","title":{"rendered":"Acuicultura"},"content":{"rendered":"<p>[et_pb_section fb_built=\u00bb1&#8243; custom_padding_last_edited=\u00bbon|phone\u00bb admin_label=\u00bbMissio Alasivun otsikko\u00bb _builder_version=\u00bb4.22.1&#8243; background_image=\u00bbhttps:\/\/fimuskraft.com\/wp-content\/uploads\/2023\/09\/a2bd9b9d-84d3-4ad2-a6f9-ea99191328f4_out-1200&#215;704.jpg\u00bb parallax=\u00bbon\u00bb positioning=\u00bbnone\u00bb custom_margin=\u00bb-16vh||||false|false\u00bb custom_margin_tablet=\u00bb-16vh||||false|false\u00bb custom_margin_phone=\u00bb-80px||||false|false\u00bb custom_margin_last_edited=\u00bbon|phone\u00bb custom_padding=\u00bb25vh||7vh||false|false\u00bb custom_padding_tablet=\u00bb22vh||5vh||false|false\u00bb custom_padding_phone=\u00bb93px||3vh||false|false\u00bb locked=\u00bboff\u00bb global_colors_info=\u00bb{}\u00bb][et_pb_row _builder_version=\u00bb4.19.5&#8243; global_colors_info=\u00bb{}\u00bb][et_pb_column type=\u00bb4_4&#8243; _builder_version=\u00bb4.16&#8243; global_colors_info=\u00bb{}\u00bb][et_pb_text _builder_version=\u00bb4.22.2&#8243; custom_margin=\u00bb||12px|||\u00bb hover_enabled=\u00bb0&#8243; header_font_size_tablet=\u00bb\u00bb header_font_size_phone=\u00bb28px\u00bb header_font_size_last_edited=\u00bbon|phone\u00bb header_text_shadow_style=\u00bbpreset3&#8243; global_colors_info=\u00bb{%22gcid-43508936-0565-4258-b9b9-165d4cc484fd%22:%91%22icon_color%22%93,%22gcid-fd99c094-06ab-4dac-b621-71dff9d481ed%22:%91%22header_text_shadow_color%22%93}\u00bb sticky_enabled=\u00bb0&#8243;]<\/p>\n<h1>Acuicultura<\/h1>\n<p>[\/et_pb_text][\/et_pb_column][\/et_pb_row][\/et_pb_section][et_pb_section fb_built=\u00bb1&#8243; admin_label=\u00bbMissio 2 palstainen otsikko\u00bb _builder_version=\u00bb4.19.5&#8243; custom_padding=\u00bb0px||0px|||\u00bb locked=\u00bboff\u00bb global_colors_info=\u00bb{}\u00bb][et_pb_row column_structure=\u00bb1_2,1_2&#8243; use_custom_gutter=\u00bbon\u00bb gutter_width=\u00bb1&#8243; make_equal=\u00bbon\u00bb _builder_version=\u00bb4.22.1&#8243; width=\u00bb100%\u00bb max_width=\u00bb2560px\u00bb custom_padding=\u00bb7vh||9vh||false|true\u00bb global_colors_info=\u00bb{}\u00bb][et_pb_column type=\u00bb1_2&#8243; _builder_version=\u00bb4.22.1&#8243; custom_padding=\u00bb0px|5%|0px|5%|true|true\u00bb global_colors_info=\u00bb{}\u00bb][et_pb_text _builder_version=\u00bb4.22.2&#8243; header_2_text_align=\u00bbleft\u00bb header_2_text_color=\u00bbgcid-43508936-0565-4258-b9b9-165d4cc484fd\u00bb custom_margin=\u00bb||3px|||\u00bb global_colors_info=\u00bb{%22gcid-43508936-0565-4258-b9b9-165d4cc484fd%22:%91%22header_2_text_color%22,%22header_2_text_color%22%93}\u00bb]<\/p>\n<h2>Desaf\u00edos<\/h2>\n<p>[\/et_pb_text][et_pb_text _builder_version=\u00bb4.22.2&#8243; custom_padding=\u00bb||35px|||\u00bb hover_enabled=\u00bb0&#8243; global_colors_info=\u00bb{}\u00bb sticky_enabled=\u00bb0&#8243;]<\/p>\n<p>La acuicultura se enfrenta al reto de gestionar los residuos biol\u00f3gicos de forma rentable. Adem\u00e1s, los residuos de pescado y marisco huelen mal. Los retos son las tasas de entrada y los costes de llevar los residuos biol\u00f3gicos a los vertederos. El aumento del precio de la energ\u00eda tambi\u00e9n es un problema. La falta de espacio para los residuos biol\u00f3gicos tambi\u00e9n puede ser un problema.<\/p>\n<p>[\/et_pb_text][et_pb_text _builder_version=\u00bb4.22.2&#8243; header_2_text_align=\u00bbleft\u00bb header_2_text_color=\u00bbgcid-43508936-0565-4258-b9b9-165d4cc484fd\u00bb custom_margin=\u00bb||3px|||\u00bb hover_enabled=\u00bb0&#8243; global_colors_info=\u00bb{%22gcid-43508936-0565-4258-b9b9-165d4cc484fd%22:%91%22header_2_text_color%22%93}\u00bb sticky_enabled=\u00bb0&#8243;]<\/p>\n<h2>Biorresiduos<\/h2>\n<p>[\/et_pb_text][et_pb_text _builder_version=\u00bb4.22.2&#8243; custom_padding=\u00bb||35px|||\u00bb hover_enabled=\u00bb0&#8243; global_colors_info=\u00bb{}\u00bb sticky_enabled=\u00bb0&#8243;]<\/p>\n<p>Los residuos de pescado y otros mariscos tambi\u00e9n pueden utilizarse como materia prima para la planta de biog\u00e1s FimusKraft. \u00a1Gane dinero con los residuos y el material sobrante de su biomasa!<\/p>\n<p>[\/et_pb_text][et_pb_text _builder_version=\u00bb4.22.2&#8243; header_2_text_align=\u00bbleft\u00bb header_2_text_color=\u00bbgcid-43508936-0565-4258-b9b9-165d4cc484fd\u00bb custom_margin=\u00bb||3px|||\u00bb hover_enabled=\u00bb0&#8243; global_colors_info=\u00bb{%22gcid-43508936-0565-4258-b9b9-165d4cc484fd%22:%91%22header_2_text_color%22,%22header_2_text_color%22%93}\u00bb sticky_enabled=\u00bb0&#8243;]<\/p>\n<h2 class=\"wp-block-heading\">\u00bfQu\u00e9 puede ofrecerle la Planta de Biog\u00e1s FimusKraft (FKBP)?<\/h2>\n<p>[\/et_pb_text][et_pb_text _builder_version=\u00bb4.22.2&#8243; custom_padding=\u00bb||35px|||\u00bb hover_enabled=\u00bb0&#8243; global_colors_info=\u00bb{}\u00bb sticky_enabled=\u00bb0&#8243;]<\/p>\n<p>En muchas zonas costeras hay cada vez m\u00e1s piscifactor\u00edas. Si las \u00e9stas son peque\u00f1as, podr\u00edan recoger los residuos de pescado en un solo lugar para obtener suficientes residuos biol\u00f3gicos para el proceso de fermentaci\u00f3n. Cada m\u00f3dulo del sistema FKBP produce un m\u00ednimo de 30 kW de electricidad, que puede utilizarse para alimentar la red con bioelectricidad. La necesidad de electricidad para cargar la maquinaria, la iluminaci\u00f3n y el funcionamiento de los procesos puede cubrirse con esta bioenerg\u00eda. Por lo general, cada m\u00f3dulo produce un m\u00ednimo de 60 kW de calor, que puede utilizarse en los procesos y para calentar los edificios.<\/p>\n<p>El proceso de fermentaci\u00f3n convierte los residuos biol\u00f3gicos en biofertilizantes ricos en nutrientes, con un alto contenido en nitr\u00f3geno y f\u00f3sforo. El tratamiento posterior a la fermentaci\u00f3n produce biofertilizante de alta calidad en forma s\u00f3lida y l\u00edquida. Este biofertilizante puede venderse a los agricultores.<\/p>\n<figure class=\"wp-block-image size-large is-resized\"><\/figure>\n<p>[\/et_pb_text][\/et_pb_column][et_pb_column type=\u00bb1_2&#8243; _builder_version=\u00bb4.19.5&#8243; custom_padding=\u00bb0px|5%|0px|5%|true|true\u00bb global_colors_info=\u00bb{}\u00bb][et_pb_text _builder_version=\u00bb4.22.2&#8243; header_2_text_align=\u00bbleft\u00bb header_2_text_color=\u00bbgcid-43508936-0565-4258-b9b9-165d4cc484fd\u00bb custom_margin=\u00bb||3px|||\u00bb hover_enabled=\u00bb0&#8243; global_colors_info=\u00bb{%22gcid-43508936-0565-4258-b9b9-165d4cc484fd%22:%91%22header_2_text_color%22,%22header_2_text_color%22%93}\u00bb sticky_enabled=\u00bb0&#8243;]<\/p>\n<h2 class=\"wp-block-heading\">Obtenga beneficios de sus biorresiduos<\/h2>\n<p>[\/et_pb_text][et_pb_text _builder_version=\u00bb4.22.2&#8243; custom_padding=\u00bb||35px|||\u00bb hover_enabled=\u00bb0&#8243; global_colors_info=\u00bb{}\u00bb sticky_enabled=\u00bb0&#8243;]<\/p>\n<div class=\"wp-block-media-text alignwide is-stacked-on-mobile is-vertically-aligned-top\">\n<div class=\"wp-block-media-text__content\">\n<p>En funci\u00f3n de su contenido, los biorresiduos marinos pueden ser una valiosa fuente de materias primas para las industrias farmac\u00e9utica, alimentaria y qu\u00edmica. Si se solicita, FimusKraft realizar\u00e1 las pruebas y, si los resultados son positivos, el desarrollo de estos materiales se incluir\u00e1 en el sistema FKBP. La venta de este producto secundario aumenta la rentabilidad de la empresa, lo que implica un ingreso extraordinario. Con el sistema FKBP puede disponer de electricidad y calefacci\u00f3n para sus instalaciones.<\/p>\n<p>Cuando la empresa gestiona los biorresiduos localmente, se ahorra los costes de transporte y evita las tasas de entrada. Tambi\u00e9n es una forma respetuosa con el medio ambiente al gestionar los residuos all\u00ed donde se generan. Tambi\u00e9n se reduce la huella de carbono y las emisiones de gases de efecto invernadero. En definitiva, el sistema FKBP es una forma ecol\u00f3gica de gestionar los residuos.<\/p>\n<\/div>\n<\/div>\n<p>[\/et_pb_text][et_pb_image src=\u00bbhttps:\/\/fimuskraft.com\/wp-content\/uploads\/2023\/09\/kalat-ES.png.webp\u00bb title_text=\u00bbkalat-ES.png\u00bb _builder_version=\u00bb4.22.2&#8243; _module_preset=\u00bbdefault\u00bb max_height=\u00bb454px\u00bb custom_padding=\u00bb||40px|||\u00bb global_colors_info=\u00bb{}\u00bb][\/et_pb_image][et_pb_button button_url=\u00bb@ET-DC@eyJkeW5hbWljIjp0cnVlLCJjb250ZW50IjoicG9zdF9saW5rX3VybF9wYWdlIiwic2V0dGluZ3MiOnsicG9zdF9pZCI6IjI5NCJ9fQ==@\u00bb button_text=\u00bbContacta con nosotros!\u00bb button_alignment=\u00bbcenter\u00bb _builder_version=\u00bb4.22.2&#8243; _dynamic_attributes=\u00bbbutton_url\u00bb _module_preset=\u00bbdefault\u00bb global_colors_info=\u00bb{}\u00bb][\/et_pb_button][\/et_pb_column][\/et_pb_row][\/et_pb_section]<\/p>\n","protected":false},"excerpt":{"rendered":"<p>AcuiculturaDesaf\u00edosLa acuicultura se enfrenta al reto de gestionar los residuos biol\u00f3gicos de forma rentable. Adem\u00e1s, los residuos de pescado y marisco huelen mal. Los retos son las tasas de entrada y los costes de llevar los residuos biol\u00f3gicos a los vertederos. El aumento del precio de la energ\u00eda tambi\u00e9n es un problema. La falta de [&hellip;]<\/p>\n","protected":false},"author":2,"featured_media":0,"parent":0,"menu_order":0,"comment_status":"closed","ping_status":"closed","template":"","meta":{"_et_pb_use_builder":"on","_et_pb_old_content":"","_et_gb_content_width":"","footnotes":""},"class_list":["post-2011","page","type-page","status-publish","hentry"],"_links":{"self":[{"href":"https:\/\/fimuskraft.com\/es\/wp-json\/wp\/v2\/pages\/2011","targetHints":{"allow":["GET"]}}],"collection":[{"href":"https:\/\/fimuskraft.com\/es\/wp-json\/wp\/v2\/pages"}],"about":[{"href":"https:\/\/fimuskraft.com\/es\/wp-json\/wp\/v2\/types\/page"}],"author":[{"embeddable":true,"href":"https:\/\/fimuskraft.com\/es\/wp-json\/wp\/v2\/users\/2"}],"replies":[{"embeddable":true,"href":"https:\/\/fimuskraft.com\/es\/wp-json\/wp\/v2\/comments?post=2011"}],"version-history":[{"count":4,"href":"https:\/\/fimuskraft.com\/es\/wp-json\/wp\/v2\/pages\/2011\/revisions"}],"predecessor-version":[{"id":2379,"href":"https:\/\/fimuskraft.com\/es\/wp-json\/wp\/v2\/pages\/2011\/revisions\/2379"}],"wp:attachment":[{"href":"https:\/\/fimuskraft.com\/es\/wp-json\/wp\/v2\/media?parent=2011"}],"curies":[{"name":"wp","href":"https:\/\/api.w.org\/{rel}","templated":true}]}}