{"id":2013,"date":"2023-09-05T21:30:47","date_gmt":"2023-09-05T19:30:47","guid":{"rendered":"https:\/\/fimuskraft.devnettisivu.net\/customers\/food-and-beverage-industry\/"},"modified":"2023-10-09T19:38:05","modified_gmt":"2023-10-09T17:38:05","slug":"industria-de-alimentos-y-bebidas","status":"publish","type":"page","link":"https:\/\/fimuskraft.com\/es\/industria-de-alimentos-y-bebidas\/","title":{"rendered":"Industr\u00eda de alimentos y bebidas"},"content":{"rendered":"<p>[et_pb_section fb_built=\u00bb1&#8243; custom_padding_last_edited=\u00bbon|phone\u00bb admin_label=\u00bbMissio Alasivun otsikko\u00bb _builder_version=\u00bb4.22.1&#8243; background_image=\u00bbhttps:\/\/fimuskraft.com\/wp-content\/uploads\/2023\/09\/2dc85f40-3025-46d9-9d9b-1d864f6c817c_out-1152&#215;512-e1694120818825.jpg\u00bb parallax=\u00bbon\u00bb positioning=\u00bbnone\u00bb custom_margin=\u00bb-16vh||||false|false\u00bb custom_margin_tablet=\u00bb-16vh||||false|false\u00bb custom_margin_phone=\u00bb-80px||||false|false\u00bb custom_margin_last_edited=\u00bbon|phone\u00bb custom_padding=\u00bb25vh||7vh||false|false\u00bb custom_padding_tablet=\u00bb22vh||5vh||false|false\u00bb custom_padding_phone=\u00bb93px||3vh||false|false\u00bb locked=\u00bboff\u00bb global_colors_info=\u00bb{}\u00bb][et_pb_row _builder_version=\u00bb4.19.5&#8243; global_colors_info=\u00bb{}\u00bb][et_pb_column type=\u00bb4_4&#8243; _builder_version=\u00bb4.16&#8243; global_colors_info=\u00bb{}\u00bb][et_pb_text _builder_version=\u00bb4.22.2&#8243; custom_margin=\u00bb||12px|||\u00bb header_font_size_tablet=\u00bb\u00bb header_font_size_phone=\u00bb28px\u00bb header_font_size_last_edited=\u00bbon|phone\u00bb header_text_shadow_style=\u00bbpreset3&#8243; global_colors_info=\u00bb{%22gcid-43508936-0565-4258-b9b9-165d4cc484fd%22:%91%22icon_color%22%93,%22gcid-fd99c094-06ab-4dac-b621-71dff9d481ed%22:%91%22header_text_shadow_color%22%93}\u00bb]<\/p>\n<h1>Industr\u00eda de alimentos y bebidas<\/h1>\n<p>[\/et_pb_text][\/et_pb_column][\/et_pb_row][\/et_pb_section][et_pb_section fb_built=\u00bb1&#8243; admin_label=\u00bbMissio 2 palstainen otsikko\u00bb _builder_version=\u00bb4.19.5&#8243; custom_padding=\u00bb0px||0px|||\u00bb locked=\u00bboff\u00bb global_colors_info=\u00bb{}\u00bb][et_pb_row column_structure=\u00bb1_2,1_2&#8243; use_custom_gutter=\u00bbon\u00bb gutter_width=\u00bb1&#8243; make_equal=\u00bbon\u00bb _builder_version=\u00bb4.22.1&#8243; width=\u00bb100%\u00bb max_width=\u00bb2560px\u00bb custom_padding=\u00bb7vh||9vh||false|true\u00bb global_colors_info=\u00bb{}\u00bb][et_pb_column type=\u00bb1_2&#8243; _builder_version=\u00bb4.22.1&#8243; custom_padding=\u00bb0px|5%|0px|5%|true|true\u00bb global_colors_info=\u00bb{}\u00bb][et_pb_text _builder_version=\u00bb4.22.2&#8243; header_2_text_align=\u00bbleft\u00bb header_2_text_color=\u00bbgcid-43508936-0565-4258-b9b9-165d4cc484fd\u00bb custom_margin=\u00bb||3px|||\u00bb global_colors_info=\u00bb{%22gcid-43508936-0565-4258-b9b9-165d4cc484fd%22:%91%22header_2_text_color%22,%22header_2_text_color%22%93}\u00bb]<\/p>\n<h2>Desaf\u00edos<\/h2>\n<p>[\/et_pb_text][et_pb_text _builder_version=\u00bb4.22.2&#8243; custom_padding=\u00bb||35px|||\u00bb hover_enabled=\u00bb0&#8243; global_colors_info=\u00bb{}\u00bb sticky_enabled=\u00bb0&#8243;]<\/p>\n<p>Los retos de la industria alimentaria y de bebidas son los costes de transporte y las tasas de entrada de los biorresiduos, as\u00ed como el r\u00e1pido aumento de los costes de electricidad. La falta de espacio para los biorresiduos y el olor podr\u00edan constituir otros retos.<\/p>\n<p>[\/et_pb_text][et_pb_text _builder_version=\u00bb4.22.2&#8243; header_2_text_align=\u00bbleft\u00bb header_2_text_color=\u00bbgcid-43508936-0565-4258-b9b9-165d4cc484fd\u00bb custom_margin=\u00bb||3px|||\u00bb global_colors_info=\u00bb{%22gcid-43508936-0565-4258-b9b9-165d4cc484fd%22:%91%22header_2_text_color%22%93}\u00bb]<\/p>\n<h2>Biorresiduos<\/h2>\n<p>[\/et_pb_text][et_pb_text _builder_version=\u00bb4.22.2&#8243; custom_padding=\u00bb||35px|||\u00bb hover_enabled=\u00bb0&#8243; global_colors_info=\u00bb{}\u00bb sticky_enabled=\u00bb0&#8243;]<\/p>\n<p>La industria alimentaria y de bebidas produce muchos tipos diferentes de biorresiduos. Por ejemplo, materiales sobrantes y residuos de frutas, verduras y residuos de origen animal, as\u00ed como alimentos en mal estado. Las f\u00e1bricas de alimentos suelen ser fuentes dedicadas a los biorresiduos y al flujo continuo de la biomasa. Los biorresiduos representan una gran fuente de energ\u00eda verde. \u00a1Gane dinero con los residuos y materiales sobrantes de su biomasa!<\/p>\n<p>[\/et_pb_text][et_pb_text _builder_version=\u00bb4.22.2&#8243; header_2_text_align=\u00bbleft\u00bb header_2_text_color=\u00bbgcid-43508936-0565-4258-b9b9-165d4cc484fd\u00bb custom_margin=\u00bb||3px|||\u00bb hover_enabled=\u00bb0&#8243; global_colors_info=\u00bb{%22gcid-43508936-0565-4258-b9b9-165d4cc484fd%22:%91%22header_2_text_color%22,%22header_2_text_color%22%93}\u00bb sticky_enabled=\u00bb0&#8243;]<\/p>\n<h2 class=\"wp-block-heading\">\u00bfQu\u00e9 puede ofrecerle la Planta de Biog\u00e1s FimusKraft (FKBP)?<\/h2>\n<p>[\/et_pb_text][et_pb_text _builder_version=\u00bb4.22.2&#8243; custom_padding=\u00bb||35px|||\u00bb hover_enabled=\u00bb0&#8243; global_colors_info=\u00bb{}\u00bb sticky_enabled=\u00bb0&#8243;]<\/p>\n<p>Las empresas de alimentaci\u00f3n y bebidas obtendr\u00edan muchos beneficios de la implantaci\u00f3n del sistema FKBP. El propio biog\u00e1s puede utilizarse, por ejemplo, para calentar los hornos de la panader\u00eda. Cada m\u00f3dulo de FKBP ubicado en la f\u00e1brica de alimentos produce un m\u00ednimo de 30 kW de electricidad que puede utilizarse para los procesos de la f\u00e1brica y la iluminaci\u00f3n. El calor puede utilizarse en los procesos y para calentar los edificios. Cada m\u00f3dulo produce un m\u00ednimo de 60 kW de calor.<\/p>\n<p>El proceso de fermentaci\u00f3n transforma los biorresiduos en biofertilizantes ricos en nutrientes. El tratamiento posterior de los lodos tras la fermentaci\u00f3n produce un biofertilizante de alta calidad en forma s\u00f3lida y l\u00edquida. Este producto secundario sin gases de efecto invernadero puede venderse, por ejemplo, a los agricultores.<\/p>\n<p>[\/et_pb_text][\/et_pb_column][et_pb_column type=\u00bb1_2&#8243; _builder_version=\u00bb4.19.5&#8243; custom_padding=\u00bb0px|5%|0px|5%|true|true\u00bb global_colors_info=\u00bb{}\u00bb][et_pb_text _builder_version=\u00bb4.22.2&#8243; header_2_text_align=\u00bbleft\u00bb header_2_text_color=\u00bbgcid-43508936-0565-4258-b9b9-165d4cc484fd\u00bb custom_margin=\u00bb||3px|||\u00bb hover_enabled=\u00bb0&#8243; global_colors_info=\u00bb{%22gcid-43508936-0565-4258-b9b9-165d4cc484fd%22:%91%22header_2_text_color%22,%22header_2_text_color%22%93}\u00bb sticky_enabled=\u00bb0&#8243;]<\/p>\n<h2 class=\"wp-block-heading\">Obtenga beneficios de sus biorresiduos<\/h2>\n<p>[\/et_pb_text][et_pb_text _builder_version=\u00bb4.22.2&#8243; custom_padding=\u00bb||35px|||\u00bb hover_enabled=\u00bb0&#8243; global_colors_info=\u00bb{}\u00bb sticky_enabled=\u00bb0&#8243;]<\/p>\n<div class=\"wp-block-media-text alignwide is-stacked-on-mobile is-vertically-aligned-top\">\n<div class=\"wp-block-media-text__content\">\n<p>A partir de residuos espec\u00edficos, la Planta de Biog\u00e1s FimusKraft puede desarrollar valiosas materias primas para la industria farmac\u00e9utica, alimentaria y qu\u00edmica. La venta de este producto secundario aumenta la rentabilidad de la empresa. FimusKraft puede realizar pruebas de laboratorio de los residuos biol\u00f3gicos a petici\u00f3n del cliente para averiguar las posibilidades de flujo secundario del tipo de residuo. En general, obtendr\u00e1 buenos beneficios y recibir\u00e1 un valor de marca a\u00f1adido.<\/p>\n<p>Cuando la empresa gestiona los biorresiduos localmente, se ahorra los costes de transporte y evita las tasas de entrada. Tambi\u00e9n es una forma respetuosa con el medio ambiente de gestionar los residuos all\u00ed donde se producen, ya que reduce la huella de carbono y las emisiones de gases de efecto invernadero. FKBP ofrece un dise\u00f1o modular compacto de f\u00e1cil instalaci\u00f3n que permite su ampliaci\u00f3n. El sistema requiere una inversi\u00f3n m\u00ednima y se amortiza en poco tiempo. Reduzca sus costes y obtenga beneficios de sus biorresiduos.<\/p>\n<\/div>\n<\/div>\n<p>[\/et_pb_text][et_pb_image src=\u00bbhttps:\/\/fimuskraft.com\/wp-content\/uploads\/2023\/09\/ES-taulukko.png.webp\u00bb title_text=\u00bbES-taulukko.png\u00bb _builder_version=\u00bb4.22.2&#8243; _module_preset=\u00bbdefault\u00bb max_height=\u00bb424px\u00bb custom_padding=\u00bb||40px|||\u00bb global_colors_info=\u00bb{}\u00bb][\/et_pb_image][et_pb_button button_url=\u00bb@ET-DC@eyJkeW5hbWljIjp0cnVlLCJjb250ZW50IjoicG9zdF9saW5rX3VybF9wYWdlIiwic2V0dGluZ3MiOnsicG9zdF9pZCI6IjI5NCJ9fQ==@\u00bb button_text=\u00bbContacta con nosotros!\u00bb button_alignment=\u00bbcenter\u00bb _builder_version=\u00bb4.22.2&#8243; _dynamic_attributes=\u00bbbutton_url\u00bb _module_preset=\u00bbdefault\u00bb global_colors_info=\u00bb{}\u00bb][\/et_pb_button][\/et_pb_column][\/et_pb_row][\/et_pb_section]<\/p>\n","protected":false},"excerpt":{"rendered":"<p>Industr\u00eda de alimentos y bebidasDesaf\u00edosLos retos de la industria alimentaria y de bebidas son los costes de transporte y las tasas de entrada de los biorresiduos, as\u00ed como el r\u00e1pido aumento de los costes de electricidad. La falta de espacio para los biorresiduos y el olor podr\u00edan constituir otros retos.BiorresiduosLa industria alimentaria y de bebidas [&hellip;]<\/p>\n","protected":false},"author":2,"featured_media":0,"parent":0,"menu_order":0,"comment_status":"closed","ping_status":"closed","template":"","meta":{"_et_pb_use_builder":"on","_et_pb_old_content":"","_et_gb_content_width":"","footnotes":""},"class_list":["post-2013","page","type-page","status-publish","hentry"],"_links":{"self":[{"href":"https:\/\/fimuskraft.com\/es\/wp-json\/wp\/v2\/pages\/2013","targetHints":{"allow":["GET"]}}],"collection":[{"href":"https:\/\/fimuskraft.com\/es\/wp-json\/wp\/v2\/pages"}],"about":[{"href":"https:\/\/fimuskraft.com\/es\/wp-json\/wp\/v2\/types\/page"}],"author":[{"embeddable":true,"href":"https:\/\/fimuskraft.com\/es\/wp-json\/wp\/v2\/users\/2"}],"replies":[{"embeddable":true,"href":"https:\/\/fimuskraft.com\/es\/wp-json\/wp\/v2\/comments?post=2013"}],"version-history":[{"count":4,"href":"https:\/\/fimuskraft.com\/es\/wp-json\/wp\/v2\/pages\/2013\/revisions"}],"predecessor-version":[{"id":2321,"href":"https:\/\/fimuskraft.com\/es\/wp-json\/wp\/v2\/pages\/2013\/revisions\/2321"}],"wp:attachment":[{"href":"https:\/\/fimuskraft.com\/es\/wp-json\/wp\/v2\/media?parent=2013"}],"curies":[{"name":"wp","href":"https:\/\/api.w.org\/{rel}","templated":true}]}}