{"id":2018,"date":"2023-09-05T21:30:33","date_gmt":"2023-09-05T19:30:33","guid":{"rendered":"https:\/\/fimuskraft.devnettisivu.net\/customers\/livestock-farming\/"},"modified":"2023-10-09T19:30:53","modified_gmt":"2023-10-09T17:30:53","slug":"ganaderia","status":"publish","type":"page","link":"https:\/\/fimuskraft.com\/es\/ganaderia\/","title":{"rendered":"Ganader\u00eda"},"content":{"rendered":"<p>[et_pb_section fb_built=\u00bb1&#8243; custom_padding_last_edited=\u00bbon|phone\u00bb admin_label=\u00bbMissio Alasivun otsikko\u00bb _builder_version=\u00bb4.22.1&#8243; background_image=\u00bbhttps:\/\/fimuskraft.com\/wp-content\/uploads\/2023\/09\/c74d52d2-ac8a-495c-b516-9b6e02aa544c_out-1152&#215;704-e1694119022203.jpg\u00bb parallax=\u00bbon\u00bb positioning=\u00bbnone\u00bb custom_margin=\u00bb-16vh||||false|false\u00bb custom_margin_tablet=\u00bb-16vh||||false|false\u00bb custom_margin_phone=\u00bb-80px||||false|false\u00bb custom_margin_last_edited=\u00bbon|phone\u00bb custom_padding=\u00bb25vh||7vh||false|false\u00bb custom_padding_tablet=\u00bb22vh||5vh||false|false\u00bb custom_padding_phone=\u00bb93px||3vh||false|false\u00bb locked=\u00bboff\u00bb global_colors_info=\u00bb{}\u00bb][et_pb_row _builder_version=\u00bb4.19.5&#8243; global_colors_info=\u00bb{}\u00bb][et_pb_column type=\u00bb4_4&#8243; _builder_version=\u00bb4.16&#8243; global_colors_info=\u00bb{}\u00bb][et_pb_text _builder_version=\u00bb4.22.2&#8243; custom_margin=\u00bb||12px|||\u00bb header_font_size_tablet=\u00bb\u00bb header_font_size_phone=\u00bb28px\u00bb header_font_size_last_edited=\u00bbon|phone\u00bb header_text_shadow_style=\u00bbpreset3&#8243; global_colors_info=\u00bb{%22gcid-43508936-0565-4258-b9b9-165d4cc484fd%22:%91%22icon_color%22%93,%22gcid-fd99c094-06ab-4dac-b621-71dff9d481ed%22:%91%22header_text_shadow_color%22%93}\u00bb]<\/p>\n<h1>Ganader\u00eda<\/h1>\n<p>[\/et_pb_text][\/et_pb_column][\/et_pb_row][\/et_pb_section][et_pb_section fb_built=\u00bb1&#8243; admin_label=\u00bbMissio 2 palstainen otsikko\u00bb _builder_version=\u00bb4.19.5&#8243; custom_padding=\u00bb0px||0px|||\u00bb locked=\u00bboff\u00bb global_colors_info=\u00bb{}\u00bb][et_pb_row column_structure=\u00bb1_2,1_2&#8243; use_custom_gutter=\u00bbon\u00bb gutter_width=\u00bb1&#8243; make_equal=\u00bbon\u00bb _builder_version=\u00bb4.22.1&#8243; width=\u00bb100%\u00bb max_width=\u00bb2560px\u00bb custom_padding=\u00bb7vh||9vh||false|true\u00bb global_colors_info=\u00bb{}\u00bb][et_pb_column type=\u00bb1_2&#8243; _builder_version=\u00bb4.22.1&#8243; custom_padding=\u00bb0px|5%|0px|5%|true|true\u00bb global_colors_info=\u00bb{}\u00bb][et_pb_text _builder_version=\u00bb4.22.2&#8243; header_2_text_align=\u00bbleft\u00bb header_2_text_color=\u00bbgcid-43508936-0565-4258-b9b9-165d4cc484fd\u00bb custom_margin=\u00bb||3px|||\u00bb global_colors_info=\u00bb{%22gcid-43508936-0565-4258-b9b9-165d4cc484fd%22:%91%22header_2_text_color%22,%22header_2_text_color%22%93}\u00bb]<\/p>\n<h2>Desaf\u00edos<\/h2>\n<p>[\/et_pb_text][et_pb_text _builder_version=\u00bb4.22.2&#8243; custom_padding=\u00bb||35px|||\u00bb hover_enabled=\u00bb0&#8243; global_colors_info=\u00bb{}\u00bb sticky_enabled=\u00bb0&#8243;]<\/p>\n<p>La ganader\u00eda se enfrenta al reto del esti\u00e9rcol por su olor y por c\u00f3mo gestionarlo de forma rentable. El coste del transporte y las tasas de entrada se producir\u00e1n al llevarlo a los vertederos.<\/p>\n<p>Adem\u00e1s, las fuentes de biorresiduos pueden contener restos de forraje y ensilado de hierba. No es bueno para el medio ambiente esparcirlo por los campos tal cual. Tambi\u00e9n es importante tener en cuenta la normativa medioambiental y las ecotendencias del momento.<\/p>\n<p>[\/et_pb_text][et_pb_text _builder_version=\u00bb4.22.2&#8243; header_2_text_align=\u00bbleft\u00bb header_2_text_color=\u00bbgcid-43508936-0565-4258-b9b9-165d4cc484fd\u00bb custom_margin=\u00bb||3px|||\u00bb global_colors_info=\u00bb{%22gcid-43508936-0565-4258-b9b9-165d4cc484fd%22:%91%22header_2_text_color%22%93}\u00bb]<\/p>\n<h2>Biorresiduos<\/h2>\n<p>[\/et_pb_text][et_pb_text _builder_version=\u00bb4.22.2&#8243; custom_padding=\u00bb||35px|||\u00bb hover_enabled=\u00bb0&#8243; global_colors_info=\u00bb{}\u00bb sticky_enabled=\u00bb0&#8243;]<\/p>\n<p>Los biorresiduos de la ganader\u00eda contienen principalmente el esti\u00e9rcol de los animales de granja. Los lodos, el ensilado de hierba y los restos de forraje tambi\u00e9n pueden considerarse una buena fuente de biorresiduos. \u00a1Gane dinero con los residuos y el material sobrante de su biomasa!<\/p>\n<p>[\/et_pb_text][et_pb_text _builder_version=\u00bb4.22.2&#8243; header_2_text_align=\u00bbleft\u00bb header_2_text_color=\u00bbgcid-43508936-0565-4258-b9b9-165d4cc484fd\u00bb custom_margin=\u00bb||3px|||\u00bb hover_enabled=\u00bb0&#8243; global_colors_info=\u00bb{%22gcid-43508936-0565-4258-b9b9-165d4cc484fd%22:%91%22header_2_text_color%22,%22header_2_text_color%22%93}\u00bb sticky_enabled=\u00bb0&#8243;]<\/p>\n<h2 class=\"wp-block-heading\">\u00bfQu\u00e9 puede ofrecerle la Planta de Biog\u00e1s FimusKraft (FKBP)?<\/h2>\n<p>[\/et_pb_text][et_pb_text _builder_version=\u00bb4.22.2&#8243; custom_padding=\u00bb||35px|||\u00bb hover_enabled=\u00bb0&#8243; global_colors_info=\u00bb{}\u00bb sticky_enabled=\u00bb0&#8243;]<\/p>\n<p>La Planta de Biog\u00e1s FimusKraft, FKBP, transforma la biomasa en energ\u00eda. Por ejemplo, el contenido de biog\u00e1s del esti\u00e9rcol de vaca es de unos 15-25 m3 \/ tonelada de peso h\u00famedo y el contenido de metano del biog\u00e1s es del 60% o superior. Por lo general, el contenido de biog\u00e1s del esti\u00e9rcol de cerdo es de unos 25-35 m3 \/ tonelada de peso h\u00famedo y el contenido de metano del biog\u00e1s es del 65% o superior.<\/p>\n<p>Cada m\u00f3dulo FKBP produce un m\u00ednimo de 30 kW de electricidad. La electricidad se utiliza para las necesidades de la granja, la iluminaci\u00f3n y el uso y carga de m\u00e1quinas y dispositivos. Es posible alimentar la red local de energ\u00eda e\u00f3lica e hidr\u00e1ulica con bioelectricidad.<\/p>\n<p>En total, el proceso produce un m\u00ednimo de 60 kW de calor por m\u00f3dulo. Normalmente se utiliza para los procesos de la granja, por ejemplo, los l\u00e1cteos, y para calentar los edificios y almacenes.<\/p>\n<p>&nbsp;<\/p>\n<figure class=\"wp-block-image size-large is-resized\"><\/figure>\n<p>[\/et_pb_text][\/et_pb_column][et_pb_column type=\u00bb1_2&#8243; _builder_version=\u00bb4.22.1&#8243; custom_padding=\u00bb0px|5%|0px|5%|true|true\u00bb global_colors_info=\u00bb{}\u00bb][et_pb_text _builder_version=\u00bb4.22.2&#8243; header_2_text_align=\u00bbleft\u00bb header_2_text_color=\u00bbgcid-43508936-0565-4258-b9b9-165d4cc484fd\u00bb custom_margin=\u00bb||3px|||\u00bb hover_enabled=\u00bb0&#8243; global_colors_info=\u00bb{%22gcid-43508936-0565-4258-b9b9-165d4cc484fd%22:%91%22header_2_text_color%22,%22header_2_text_color%22%93}\u00bb sticky_enabled=\u00bb0&#8243;]<\/p>\n<h2 class=\"wp-block-heading\">Obtenga beneficios de sus biorresiduos<\/h2>\n<p>[\/et_pb_text][et_pb_text _builder_version=\u00bb4.22.2&#8243; custom_padding=\u00bb||35px|||\u00bb hover_enabled=\u00bb0&#8243; global_colors_info=\u00bb{}\u00bb sticky_enabled=\u00bb0&#8243;]<\/p>\n<div class=\"wp-block-media-text alignwide is-stacked-on-mobile is-vertically-aligned-top\">\n<div class=\"wp-block-media-text__content\">\n<p>El producto del esti\u00e9rcol fermentado es un biofertilizante respetuoso con el medio ambiente, que en general huele mucho menos. Los biorresiduos representan una gran fuente de energ\u00eda verde. Si usted mismo no necesita un buen fertilizante, puede venderlo. Tambi\u00e9n reducir\u00e1 la huella de carbono y las emisiones de gases de efecto invernadero en los procesos agr\u00edcolas. En definitiva, el sistema FKBP es una forma ecol\u00f3gica de gestionar los residuos.<\/p>\n<p>Con FKBP, los residuos se gestionan localmente y no es necesario transportarlos a ninguna parte. El dise\u00f1o modular compacto facilita la instalaci\u00f3n y permite ampliar el sistema por completo. El sistema ofrece una baja inversi\u00f3n y tiene un corto plazo de amortizaci\u00f3n. Con FKBP, tiene la posibilidad de utilizar los sistemas de fermentaci\u00f3n existentes y obtener beneficios de sus biorresiduos.<\/p>\n<\/div>\n<\/div>\n<p>[\/et_pb_text][et_pb_image src=\u00bbhttps:\/\/fimuskraft.com\/wp-content\/uploads\/2023\/09\/karjanhoito-ES.png.webp\u00bb title_text=\u00bbkarjanhoito-ES.png\u00bb _builder_version=\u00bb4.22.2&#8243; _module_preset=\u00bbdefault\u00bb custom_padding=\u00bb||40px|||\u00bb global_colors_info=\u00bb{}\u00bb][\/et_pb_image][et_pb_button button_url=\u00bb@ET-DC@eyJkeW5hbWljIjp0cnVlLCJjb250ZW50IjoicG9zdF9saW5rX3VybF9wYWdlIiwic2V0dGluZ3MiOnsicG9zdF9pZCI6IjI5NCJ9fQ==@\u00bb button_text=\u00bbContacta con nosotros!\u00bb button_alignment=\u00bbcenter\u00bb _builder_version=\u00bb4.22.2&#8243; _dynamic_attributes=\u00bbbutton_url\u00bb _module_preset=\u00bbdefault\u00bb global_colors_info=\u00bb{}\u00bb][\/et_pb_button][\/et_pb_column][\/et_pb_row][\/et_pb_section]<\/p>\n","protected":false},"excerpt":{"rendered":"<p>Ganader\u00edaDesaf\u00edosLa ganader\u00eda se enfrenta al reto del esti\u00e9rcol por su olor y por c\u00f3mo gestionarlo de forma rentable. El coste del transporte y las tasas de entrada se producir\u00e1n al llevarlo a los vertederos. Adem\u00e1s, las fuentes de biorresiduos pueden contener restos de forraje y ensilado de hierba. No es bueno para el medio ambiente [&hellip;]<\/p>\n","protected":false},"author":2,"featured_media":0,"parent":0,"menu_order":0,"comment_status":"closed","ping_status":"closed","template":"","meta":{"_et_pb_use_builder":"on","_et_pb_old_content":"","_et_gb_content_width":"","footnotes":""},"class_list":["post-2018","page","type-page","status-publish","hentry"],"_links":{"self":[{"href":"https:\/\/fimuskraft.com\/es\/wp-json\/wp\/v2\/pages\/2018","targetHints":{"allow":["GET"]}}],"collection":[{"href":"https:\/\/fimuskraft.com\/es\/wp-json\/wp\/v2\/pages"}],"about":[{"href":"https:\/\/fimuskraft.com\/es\/wp-json\/wp\/v2\/types\/page"}],"author":[{"embeddable":true,"href":"https:\/\/fimuskraft.com\/es\/wp-json\/wp\/v2\/users\/2"}],"replies":[{"embeddable":true,"href":"https:\/\/fimuskraft.com\/es\/wp-json\/wp\/v2\/comments?post=2018"}],"version-history":[{"count":3,"href":"https:\/\/fimuskraft.com\/es\/wp-json\/wp\/v2\/pages\/2018\/revisions"}],"predecessor-version":[{"id":2319,"href":"https:\/\/fimuskraft.com\/es\/wp-json\/wp\/v2\/pages\/2018\/revisions\/2319"}],"wp:attachment":[{"href":"https:\/\/fimuskraft.com\/es\/wp-json\/wp\/v2\/media?parent=2018"}],"curies":[{"name":"wp","href":"https:\/\/api.w.org\/{rel}","templated":true}]}}