{"id":2021,"date":"2023-09-07T22:20:04","date_gmt":"2023-09-07T20:20:04","guid":{"rendered":"https:\/\/fimuskraft.devnettisivu.net\/customers\/other-biowaste-producers\/"},"modified":"2023-10-09T19:56:25","modified_gmt":"2023-10-09T17:56:25","slug":"restaurantes-domesticos-y-tiendas-de-comestibles","status":"publish","type":"page","link":"https:\/\/fimuskraft.com\/es\/restaurantes-domesticos-y-tiendas-de-comestibles\/","title":{"rendered":"Otros productores de residuos biol\u00f3gicos"},"content":{"rendered":"<p>[et_pb_section fb_built=\u00bb1&#8243; custom_padding_last_edited=\u00bbon|phone\u00bb admin_label=\u00bbMissio Alasivun otsikko\u00bb _builder_version=\u00bb4.22.1&#8243; background_image=\u00bbhttps:\/\/fimuskraft.com\/wp-content\/uploads\/2023\/09\/e762b5fc-3906-4212-8d2d-e12a3ce26cad_out-1200&#215;512.jpg\u00bb parallax=\u00bbon\u00bb positioning=\u00bbnone\u00bb custom_margin=\u00bb-16vh||||false|false\u00bb custom_margin_tablet=\u00bb-16vh||||false|false\u00bb custom_margin_phone=\u00bb-80px||||false|false\u00bb custom_margin_last_edited=\u00bbon|phone\u00bb custom_padding=\u00bb25vh||7vh||false|false\u00bb custom_padding_tablet=\u00bb22vh||5vh||false|false\u00bb custom_padding_phone=\u00bb93px||3vh||false|false\u00bb locked=\u00bboff\u00bb global_colors_info=\u00bb{}\u00bb][et_pb_row _builder_version=\u00bb4.19.5&#8243; global_colors_info=\u00bb{}\u00bb][et_pb_column type=\u00bb4_4&#8243; _builder_version=\u00bb4.16&#8243; global_colors_info=\u00bb{}\u00bb][et_pb_text _builder_version=\u00bb4.22.2&#8243; custom_margin=\u00bb||12px|||\u00bb header_font_size_tablet=\u00bb\u00bb header_font_size_phone=\u00bb28px\u00bb header_font_size_last_edited=\u00bbon|phone\u00bb header_text_shadow_style=\u00bbpreset3&#8243; global_colors_info=\u00bb{%22gcid-43508936-0565-4258-b9b9-165d4cc484fd%22:%91%22icon_color%22%93,%22gcid-fd99c094-06ab-4dac-b621-71dff9d481ed%22:%91%22header_text_shadow_color%22%93}\u00bb]<\/p>\n<h1>Otros productores de residuos biol\u00f3gicos<\/h1>\n<p>[\/et_pb_text][\/et_pb_column][\/et_pb_row][\/et_pb_section][et_pb_section fb_built=\u00bb1&#8243; admin_label=\u00bbMissio 2 palstainen otsikko\u00bb _builder_version=\u00bb4.19.5&#8243; custom_padding=\u00bb0px||0px|||\u00bb locked=\u00bboff\u00bb global_colors_info=\u00bb{}\u00bb][et_pb_row column_structure=\u00bb1_2,1_2&#8243; use_custom_gutter=\u00bbon\u00bb gutter_width=\u00bb1&#8243; make_equal=\u00bbon\u00bb _builder_version=\u00bb4.22.1&#8243; width=\u00bb100%\u00bb max_width=\u00bb2560px\u00bb custom_padding=\u00bb7vh||9vh||false|true\u00bb global_colors_info=\u00bb{}\u00bb][et_pb_column type=\u00bb1_2&#8243; _builder_version=\u00bb4.22.1&#8243; custom_padding=\u00bb0px|5%|0px|5%|true|true\u00bb global_colors_info=\u00bb{}\u00bb][et_pb_text _builder_version=\u00bb4.22.2&#8243; header_2_text_align=\u00bbleft\u00bb header_2_text_color=\u00bbgcid-43508936-0565-4258-b9b9-165d4cc484fd\u00bb custom_margin=\u00bb||3px|||\u00bb global_colors_info=\u00bb{%22gcid-43508936-0565-4258-b9b9-165d4cc484fd%22:%91%22header_2_text_color%22,%22header_2_text_color%22%93}\u00bb]<\/p>\n<h2>Desaf\u00edos<\/h2>\n<p>[\/et_pb_text][et_pb_text _builder_version=\u00bb4.22.2&#8243; custom_padding=\u00bb||35px|||\u00bb hover_enabled=\u00bb0&#8243; global_colors_info=\u00bb{}\u00bb sticky_enabled=\u00bb0&#8243;]<\/p>\n<p>Los restaurantes, los hogares y las tiendas de alimentaci\u00f3n se enfrentan a varios retos a la hora de gestionar los biorresiduos. El r\u00e1pido aumento de los precios de la energ\u00eda representa todo un desaf\u00edo. Los residuos biol\u00f3gicos se transportan a los vertederos y cada tienda, restaurante y hogar paga el coste del transporte y las tasas de entrada. La falta de espacio y el olor de los residuos biol\u00f3gicos pueden ser un problema para los hogares y las tiendas de alimentaci\u00f3n.<\/p>\n<p>[\/et_pb_text][et_pb_text _builder_version=\u00bb4.22.2&#8243; header_2_text_align=\u00bbleft\u00bb header_2_text_color=\u00bbgcid-43508936-0565-4258-b9b9-165d4cc484fd\u00bb custom_margin=\u00bb||3px|||\u00bb global_colors_info=\u00bb{%22gcid-43508936-0565-4258-b9b9-165d4cc484fd%22:%91%22header_2_text_color%22%93}\u00bb]<\/p>\n<h2>Biorresiduos<\/h2>\n<p>[\/et_pb_text][et_pb_text _builder_version=\u00bb4.22.2&#8243; custom_padding=\u00bb||35px|||\u00bb hover_enabled=\u00bb0&#8243; global_colors_info=\u00bb{}\u00bb sticky_enabled=\u00bb0&#8243;]<\/p>\n<p>Los restaurantes, los hogares y las tiendas de alimentaci\u00f3n producen muchos tipos diferentes de biorresiduos. Por ejemplo, materiales sobrantes y residuos de frutas, verduras y animales, as\u00ed como alimentos en mal estado. \u00a1Gane dinero con los residuos y materiales sobrantes de su biomasa!<\/p>\n<p>[\/et_pb_text][et_pb_text _builder_version=\u00bb4.22.2&#8243; header_2_text_align=\u00bbleft\u00bb header_2_text_color=\u00bbgcid-43508936-0565-4258-b9b9-165d4cc484fd\u00bb custom_margin=\u00bb||3px|||\u00bb hover_enabled=\u00bb0&#8243; global_colors_info=\u00bb{%22gcid-43508936-0565-4258-b9b9-165d4cc484fd%22:%91%22header_2_text_color%22,%22header_2_text_color%22%93}\u00bb sticky_enabled=\u00bb0&#8243;]<\/p>\n<h2 class=\"wp-block-heading\">\u00bfQu\u00e9 puede ofrecerle la Planta de Biog\u00e1s FimusKraft (FKBP)?<\/h2>\n<p>[\/et_pb_text][et_pb_text _builder_version=\u00bb4.22.2&#8243; custom_padding=\u00bb||35px|||\u00bb hover_enabled=\u00bb0&#8243; global_colors_info=\u00bb{}\u00bb sticky_enabled=\u00bb0&#8243;]<\/p>\n<p>En general, cada m\u00f3dulo produce un m\u00ednimo de 30 kW de electricidad y un m\u00ednimo de 60 kW de calor. La bioenerg\u00eda producida podr\u00eda utilizarse para iluminar los edificios, para uso general y para la alimentaci\u00f3n de maquinaria y otros equipos.<\/p>\n<p>Si varios restaurantes y tiendas de alimentaci\u00f3n de un centro comercial recogen juntos los biorresiduos, el centro comercial podr\u00e1 utilizar la bioenerg\u00eda producida para iluminaci\u00f3n y calefacci\u00f3n. Los restaurantes, los hogares y las tiendas de alimentaci\u00f3n tambi\u00e9n pueden combinar el sistema FKBP. Los grandes edificios de apartamentos y las zonas residenciales compactas tambi\u00e9n podr\u00edan tener un punto de recogida de biorresiduos m\u00e1s grande para obtener suficiente material para el proceso de biofermentaci\u00f3n.<\/p>\n<p>El proceso de fermentaci\u00f3n transforma los residuos biol\u00f3gicos en biofertilizantes ricos en nutrientes y libres de gases de efecto invernadero. Tras la fermentaci\u00f3n, se obtiene un biofertilizante de alta calidad, tanto s\u00f3lido como l\u00edquido. El inversor del sistema puede obtener alg\u00fan dinero vendiendo este producto secundario a los agricultores, por ejemplo.<\/p>\n<figure class=\"wp-block-image size-large is-resized\"><\/figure>\n<p>[\/et_pb_text][\/et_pb_column][et_pb_column type=\u00bb1_2&#8243; _builder_version=\u00bb4.19.5&#8243; custom_padding=\u00bb0px|5%|0px|5%|true|true\u00bb global_colors_info=\u00bb{}\u00bb][et_pb_text _builder_version=\u00bb4.22.2&#8243; header_2_text_align=\u00bbleft\u00bb header_2_text_color=\u00bbgcid-43508936-0565-4258-b9b9-165d4cc484fd\u00bb custom_margin=\u00bb||3px|||\u00bb hover_enabled=\u00bb0&#8243; global_colors_info=\u00bb{%22gcid-43508936-0565-4258-b9b9-165d4cc484fd%22:%91%22header_2_text_color%22,%22header_2_text_color%22%93}\u00bb sticky_enabled=\u00bb0&#8243;]<\/p>\n<h2 class=\"wp-block-heading\">Obtenga beneficios de sus biorresiduos<\/h2>\n<p>[\/et_pb_text][et_pb_text _builder_version=\u00bb4.22.2&#8243; custom_padding=\u00bb||35px|||\u00bb hover_enabled=\u00bb0&#8243; global_colors_info=\u00bb{}\u00bb sticky_enabled=\u00bb0&#8243;]<\/p>\n<div class=\"wp-block-media-text alignwide is-stacked-on-mobile is-vertically-aligned-top\">\n<div class=\"wp-block-media-text__content\">\n<p>Cuando FKBP gestiona los biorresiduos localmente, no es necesario transportarlos al vertedero. Esto ahorra costes de transporte y tasas de entrada. La gesti\u00f3n de los residuos biol\u00f3gicos en el lugar donde se producen tambi\u00e9n es importante para el medio ambiente. El valor a\u00f1adido de la marca es tambi\u00e9n una gran ventaja en los mercados.<\/p>\n<p>Esto reduce la huella de carbono y las emisiones de gases de efecto invernadero. Como ventaja, el valor a\u00f1adido de la marca es una gran oportunidad para reforzar los aspectos de energ\u00eda verde de su empresa. En definitiva, el sistema FKBP es una forma ecol\u00f3gica de gestionar los residuos. Reduzca sus costes y salve el medio ambiente.<\/p>\n<\/div>\n<\/div>\n<p>[\/et_pb_text][et_pb_image src=\u00bbhttps:\/\/fimuskraft.com\/wp-content\/uploads\/2023\/09\/ravintolat-ES.png.webp\u00bb title_text=\u00bbravintolat-ES.png\u00bb _builder_version=\u00bb4.22.2&#8243; _module_preset=\u00bbdefault\u00bb max_height=\u00bb450px\u00bb custom_padding=\u00bb||40px|||\u00bb global_colors_info=\u00bb{}\u00bb][\/et_pb_image][et_pb_button button_url=\u00bb@ET-DC@eyJkeW5hbWljIjp0cnVlLCJjb250ZW50IjoicG9zdF9saW5rX3VybF9wYWdlIiwic2V0dGluZ3MiOnsicG9zdF9pZCI6IjI5NCJ9fQ==@\u00bb button_text=\u00bbContacta con nosotros!\u00bb button_alignment=\u00bbcenter\u00bb _builder_version=\u00bb4.22.2&#8243; _dynamic_attributes=\u00bbbutton_url\u00bb _module_preset=\u00bbdefault\u00bb global_colors_info=\u00bb{}\u00bb][\/et_pb_button][\/et_pb_column][\/et_pb_row][\/et_pb_section]<\/p>\n","protected":false},"excerpt":{"rendered":"<p>Otros productores de residuos biol\u00f3gicosDesaf\u00edosLos restaurantes, los hogares y las tiendas de alimentaci\u00f3n se enfrentan a varios retos a la hora de gestionar los biorresiduos. El r\u00e1pido aumento de los precios de la energ\u00eda representa todo un desaf\u00edo. Los residuos biol\u00f3gicos se transportan a los vertederos y cada tienda, restaurante y hogar paga el coste [&hellip;]<\/p>\n","protected":false},"author":2,"featured_media":0,"parent":0,"menu_order":0,"comment_status":"closed","ping_status":"closed","template":"","meta":{"_et_pb_use_builder":"on","_et_pb_old_content":"","_et_gb_content_width":"","footnotes":""},"class_list":["post-2021","page","type-page","status-publish","hentry"],"_links":{"self":[{"href":"https:\/\/fimuskraft.com\/es\/wp-json\/wp\/v2\/pages\/2021","targetHints":{"allow":["GET"]}}],"collection":[{"href":"https:\/\/fimuskraft.com\/es\/wp-json\/wp\/v2\/pages"}],"about":[{"href":"https:\/\/fimuskraft.com\/es\/wp-json\/wp\/v2\/types\/page"}],"author":[{"embeddable":true,"href":"https:\/\/fimuskraft.com\/es\/wp-json\/wp\/v2\/users\/2"}],"replies":[{"embeddable":true,"href":"https:\/\/fimuskraft.com\/es\/wp-json\/wp\/v2\/comments?post=2021"}],"version-history":[{"count":4,"href":"https:\/\/fimuskraft.com\/es\/wp-json\/wp\/v2\/pages\/2021\/revisions"}],"predecessor-version":[{"id":2322,"href":"https:\/\/fimuskraft.com\/es\/wp-json\/wp\/v2\/pages\/2021\/revisions\/2322"}],"wp:attachment":[{"href":"https:\/\/fimuskraft.com\/es\/wp-json\/wp\/v2\/media?parent=2021"}],"curies":[{"name":"wp","href":"https:\/\/api.w.org\/{rel}","templated":true}]}}