{"id":2023,"date":"2023-09-05T21:32:15","date_gmt":"2023-09-05T19:32:15","guid":{"rendered":"https:\/\/fimuskraft.devnettisivu.net\/customers\/wastewater-treatment-plants\/"},"modified":"2023-10-09T20:14:39","modified_gmt":"2023-10-09T18:14:39","slug":"plantas-de-tratamiento-de-aguas-residuales","status":"publish","type":"page","link":"https:\/\/fimuskraft.com\/es\/plantas-de-tratamiento-de-aguas-residuales\/","title":{"rendered":"Plantas de tratamiento de aguas residuales"},"content":{"rendered":"<p>[et_pb_section fb_built=\u00bb1&#8243; custom_padding_last_edited=\u00bbon|phone\u00bb admin_label=\u00bbMissio Alasivun otsikko\u00bb _builder_version=\u00bb4.22.1&#8243; background_image=\u00bbhttps:\/\/fimuskraft.com\/wp-content\/uploads\/2023\/09\/081585a8-5176-4877-b12f-4f4696987d09_out-1152&#215;512.jpg\u00bb parallax=\u00bbon\u00bb positioning=\u00bbnone\u00bb custom_margin=\u00bb-16vh||||false|false\u00bb custom_margin_tablet=\u00bb-16vh||||false|false\u00bb custom_margin_phone=\u00bb-80px||||false|false\u00bb custom_margin_last_edited=\u00bbon|phone\u00bb custom_padding=\u00bb25vh||7vh||false|false\u00bb custom_padding_tablet=\u00bb22vh||5vh||false|false\u00bb custom_padding_phone=\u00bb93px||3vh||false|false\u00bb locked=\u00bboff\u00bb global_colors_info=\u00bb{}\u00bb][et_pb_row _builder_version=\u00bb4.19.5&#8243; global_colors_info=\u00bb{}\u00bb][et_pb_column type=\u00bb4_4&#8243; _builder_version=\u00bb4.16&#8243; global_colors_info=\u00bb{}\u00bb][et_pb_text _builder_version=\u00bb4.22.2&#8243; custom_margin=\u00bb||12px|||\u00bb hover_enabled=\u00bb0&#8243; header_font_size_tablet=\u00bb\u00bb header_font_size_phone=\u00bb28px\u00bb header_font_size_last_edited=\u00bbon|phone\u00bb header_text_shadow_style=\u00bbpreset3&#8243; global_colors_info=\u00bb{%22gcid-43508936-0565-4258-b9b9-165d4cc484fd%22:%91%22icon_color%22%93,%22gcid-fd99c094-06ab-4dac-b621-71dff9d481ed%22:%91%22header_text_shadow_color%22%93}\u00bb sticky_enabled=\u00bb0&#8243;]<\/p>\n<h1>Plantas de tratamiento de aguas residuales (EDAR)<\/h1>\n<p>[\/et_pb_text][\/et_pb_column][\/et_pb_row][\/et_pb_section][et_pb_section fb_built=\u00bb1&#8243; admin_label=\u00bbMissio 2 palstainen otsikko\u00bb _builder_version=\u00bb4.19.5&#8243; custom_padding=\u00bb0px||0px|||\u00bb locked=\u00bboff\u00bb global_colors_info=\u00bb{}\u00bb][et_pb_row column_structure=\u00bb1_2,1_2&#8243; use_custom_gutter=\u00bbon\u00bb gutter_width=\u00bb1&#8243; make_equal=\u00bbon\u00bb _builder_version=\u00bb4.22.1&#8243; width=\u00bb100%\u00bb max_width=\u00bb2560px\u00bb custom_padding=\u00bb7vh||9vh||false|true\u00bb global_colors_info=\u00bb{}\u00bb][et_pb_column type=\u00bb1_2&#8243; _builder_version=\u00bb4.22.1&#8243; custom_padding=\u00bb0px|5%|0px|5%|true|true\u00bb global_colors_info=\u00bb{}\u00bb][et_pb_text _builder_version=\u00bb4.22.2&#8243; header_2_text_align=\u00bbleft\u00bb header_2_text_color=\u00bbgcid-43508936-0565-4258-b9b9-165d4cc484fd\u00bb custom_margin=\u00bb||3px|||\u00bb global_colors_info=\u00bb{%22gcid-43508936-0565-4258-b9b9-165d4cc484fd%22:%91%22header_2_text_color%22,%22header_2_text_color%22%93}\u00bb]<\/p>\n<h2>Desaf\u00edos<\/h2>\n<p>[\/et_pb_text][et_pb_text _builder_version=\u00bb4.22.2&#8243; custom_padding=\u00bb||35px|||\u00bb global_colors_info=\u00bb{}\u00bb]<\/p>\n<p>La Planta de Biog\u00e1s FimusKraft puede utilizarse tambi\u00e9n en plantas de tratamiento de aguas residuales. El reto puede ser el aumento de los precios de la energ\u00eda. Los lodos de las depuradoras de las plantas de tratamiento de aguas residuales contienen, por ejemplo, residuos de retretes y otros residuos org\u00e1nicos y biodegradables. El sistema FKBP transforma estos biorresiduos en bioenerg\u00eda mediante un avanzado proceso de fermentaci\u00f3n. Tambi\u00e9n es importante tener en cuenta la normativa medioambiental y las ecotendencias.<\/p>\n<p>[\/et_pb_text][et_pb_text _builder_version=\u00bb4.22.2&#8243; header_2_text_align=\u00bbleft\u00bb header_2_text_color=\u00bbgcid-43508936-0565-4258-b9b9-165d4cc484fd\u00bb custom_margin=\u00bb||3px|||\u00bb global_colors_info=\u00bb{%22gcid-43508936-0565-4258-b9b9-165d4cc484fd%22:%91%22header_2_text_color%22%93}\u00bb]<\/p>\n<h2>Biorresiduos<\/h2>\n<p>[\/et_pb_text][et_pb_text _builder_version=\u00bb4.22.2&#8243; custom_padding=\u00bb||35px|||\u00bb global_colors_info=\u00bb{}\u00bb]<\/p>\n<p>Las plantas de tratamiento de aguas residuales tienen un potencial de residuos biol\u00f3gicos para la planta de biog\u00e1s, por ejemplo, las aguas residuales comunales y las aguas residuales industriales. \u00a1Obtenga beneficios con las aguas residuales de su biomasa!<\/p>\n<p>[\/et_pb_text][et_pb_text _builder_version=\u00bb4.22.2&#8243; header_2_text_align=\u00bbleft\u00bb header_2_text_color=\u00bbgcid-43508936-0565-4258-b9b9-165d4cc484fd\u00bb custom_margin=\u00bb||3px|||\u00bb global_colors_info=\u00bb{%22gcid-43508936-0565-4258-b9b9-165d4cc484fd%22:%91%22header_2_text_color%22,%22header_2_text_color%22%93}\u00bb]<\/p>\n<h2 class=\"wp-block-heading\">\u00bfQu\u00e9 puede ofrecerle la Planta de Biog\u00e1s FimusKraft\u00a0 (FKBP)?<\/h2>\n<p>[\/et_pb_text][et_pb_text _builder_version=\u00bb4.22.2&#8243; custom_padding=\u00bb||35px|||\u00bb global_colors_info=\u00bb{}\u00bb]<\/p>\n<p>El proceso de fermentaci\u00f3n transforma los residuos biol\u00f3gicos en biofertilizantes ricos en nutrientes. El procesamiento posterior a la fermentaci\u00f3n produce biofertilizante de alta calidad en forma s\u00f3lida y l\u00edquida. El inversor del sistema puede obtener un ingreso extraordinario vendiendo este producto secundario a los agricultores.<\/p>\n<p>En general, cada m\u00f3dulo de FKBP produce un m\u00ednimo de 30 kW de electricidad y un m\u00ednimo de 60 kW de calor. Estos pueden ser utilizados en la planta de tratamiento de aguas residuales de manera eficiente y rentable.<\/p>\n<figure class=\"wp-block-image size-large is-resized\"><\/figure>\n<p>[\/et_pb_text][\/et_pb_column][et_pb_column type=\u00bb1_2&#8243; _builder_version=\u00bb4.19.5&#8243; custom_padding=\u00bb0px|5%|0px|5%|true|true\u00bb global_colors_info=\u00bb{}\u00bb][et_pb_text _builder_version=\u00bb4.22.2&#8243; header_2_text_align=\u00bbleft\u00bb header_2_text_color=\u00bbgcid-43508936-0565-4258-b9b9-165d4cc484fd\u00bb custom_margin=\u00bb||3px|||\u00bb global_colors_info=\u00bb{%22gcid-43508936-0565-4258-b9b9-165d4cc484fd%22:%91%22header_2_text_color%22,%22header_2_text_color%22%93}\u00bb]<\/p>\n<h2 class=\"wp-block-heading\">Obtenga beneficios de sus biorresiduos<\/h2>\n<p>[\/et_pb_text][et_pb_text _builder_version=\u00bb4.22.2&#8243; custom_padding=\u00bb||35px|||\u00bb global_colors_info=\u00bb{}\u00bb]<\/p>\n<div class=\"wp-block-media-text alignwide is-stacked-on-mobile is-vertically-aligned-top\">\n<div class=\"wp-block-media-text__content\">\n<p>Cuando la FKBP gestione los lodos de su depuradora, los mares estar\u00e1n m\u00e1s limpios en el futuro y la huella de carbono de la planta ser\u00e1 menor, con emisiones de gases de efecto invernadero minimizadas. Como ventaja, obtendr\u00e1 un valor de marca a\u00f1adido que ser\u00e1 una gran oportunidad para destacar el respeto por el medioambiente de su empresa. En definitiva, el sistema FKBP es una forma ecol\u00f3gica de gestionar los residuos. Reduzca sus costes y obtenga beneficios con sus residuos biol\u00f3gicos.<\/p>\n<p>Con FKBP usted gestiona sus residuos localmente y no necesita transportarlos a ninguna parte. El dise\u00f1o compacto y modular de FKBP facilita la instalaci\u00f3n y permite su ampliaci\u00f3n. Esto cubre la necesidad de una baja inversi\u00f3n y tiene un corto plazo de amortizaci\u00f3n. La posibilidad de utilizar sistemas de fermentaci\u00f3n existentes es una buena forma de sacar provecho de sus residuos biol\u00f3gicos.<\/p>\n<\/div>\n<\/div>\n<p>[\/et_pb_text][et_pb_image src=\u00bbhttps:\/\/fimuskraft.com\/wp-content\/uploads\/2023\/09\/jatevedet-ES.png.webp\u00bb title_text=\u00bbjatevedet-ES.png\u00bb _builder_version=\u00bb4.22.2&#8243; _module_preset=\u00bbdefault\u00bb max_height=\u00bb556px\u00bb custom_padding=\u00bb||40px|||\u00bb global_colors_info=\u00bb{}\u00bb][\/et_pb_image][et_pb_button button_url=\u00bb@ET-DC@eyJkeW5hbWljIjp0cnVlLCJjb250ZW50IjoicG9zdF9saW5rX3VybF9wYWdlIiwic2V0dGluZ3MiOnsicG9zdF9pZCI6IjI5NCJ9fQ==@\u00bb button_text=\u00bbContacta con nosotros!\u00bb button_alignment=\u00bbcenter\u00bb _builder_version=\u00bb4.22.2&#8243; _dynamic_attributes=\u00bbbutton_url\u00bb _module_preset=\u00bbdefault\u00bb global_colors_info=\u00bb{}\u00bb][\/et_pb_button][\/et_pb_column][\/et_pb_row][\/et_pb_section]<\/p>\n","protected":false},"excerpt":{"rendered":"<p>Plantas de tratamiento de aguas residuales (EDAR)Desaf\u00edosLa Planta de Biog\u00e1s FimusKraft puede utilizarse tambi\u00e9n en plantas de tratamiento de aguas residuales. El reto puede ser el aumento de los precios de la energ\u00eda. Los lodos de las depuradoras de las plantas de tratamiento de aguas residuales contienen, por ejemplo, residuos de retretes y otros residuos [&hellip;]<\/p>\n","protected":false},"author":2,"featured_media":0,"parent":0,"menu_order":0,"comment_status":"closed","ping_status":"closed","template":"","meta":{"_et_pb_use_builder":"on","_et_pb_old_content":"","_et_gb_content_width":"","footnotes":""},"class_list":["post-2023","page","type-page","status-publish","hentry"],"_links":{"self":[{"href":"https:\/\/fimuskraft.com\/es\/wp-json\/wp\/v2\/pages\/2023","targetHints":{"allow":["GET"]}}],"collection":[{"href":"https:\/\/fimuskraft.com\/es\/wp-json\/wp\/v2\/pages"}],"about":[{"href":"https:\/\/fimuskraft.com\/es\/wp-json\/wp\/v2\/types\/page"}],"author":[{"embeddable":true,"href":"https:\/\/fimuskraft.com\/es\/wp-json\/wp\/v2\/users\/2"}],"replies":[{"embeddable":true,"href":"https:\/\/fimuskraft.com\/es\/wp-json\/wp\/v2\/comments?post=2023"}],"version-history":[{"count":4,"href":"https:\/\/fimuskraft.com\/es\/wp-json\/wp\/v2\/pages\/2023\/revisions"}],"predecessor-version":[{"id":2327,"href":"https:\/\/fimuskraft.com\/es\/wp-json\/wp\/v2\/pages\/2023\/revisions\/2327"}],"wp:attachment":[{"href":"https:\/\/fimuskraft.com\/es\/wp-json\/wp\/v2\/media?parent=2023"}],"curies":[{"name":"wp","href":"https:\/\/api.w.org\/{rel}","templated":true}]}}