{"id":2027,"date":"2023-09-05T21:29:38","date_gmt":"2023-09-05T19:29:38","guid":{"rendered":"https:\/\/fimuskraft.devnettisivu.net\/fimuskraft-bioenergy-plant\/about-biogas\/"},"modified":"2023-10-13T11:49:27","modified_gmt":"2023-10-13T09:49:27","slug":"mas-informacion-de-biogas","status":"publish","type":"page","link":"https:\/\/fimuskraft.com\/es\/tecnologia\/mas-informacion-de-biogas\/","title":{"rendered":"M\u00e1s informaci\u00f3n de biog\u00e1s"},"content":{"rendered":"<p>[et_pb_section fb_built=\u00bb1&#8243; custom_padding_last_edited=\u00bbon|phone\u00bb admin_label=\u00bbMissio Alasivun otsikko\u00bb _builder_version=\u00bb4.22.1&#8243; background_image=\u00bbhttps:\/\/fimuskraft.com\/wp-content\/uploads\/2023\/09\/bdbf5e20-a0c5-48fc-9372-05acef5095f0_out-1152&#215;512.jpg\u00bb parallax=\u00bbon\u00bb positioning=\u00bbnone\u00bb custom_margin=\u00bb-16vh||||false|false\u00bb custom_margin_tablet=\u00bb-16vh||||false|false\u00bb custom_margin_phone=\u00bb-80px||||false|false\u00bb custom_margin_last_edited=\u00bbon|phone\u00bb custom_padding=\u00bb25vh||7vh||false|false\u00bb custom_padding_tablet=\u00bb22vh||5vh||false|false\u00bb custom_padding_phone=\u00bb93px||3vh||false|false\u00bb locked=\u00bboff\u00bb global_colors_info=\u00bb{}\u00bb][et_pb_row _builder_version=\u00bb4.19.5&#8243; global_colors_info=\u00bb{}\u00bb][et_pb_column type=\u00bb4_4&#8243; _builder_version=\u00bb4.16&#8243; global_colors_info=\u00bb{}\u00bb][et_pb_text _builder_version=\u00bb4.22.2&#8243; header_text_align=\u00bbcenter\u00bb text_orientation=\u00bbcenter\u00bb custom_margin=\u00bb||12px|||\u00bb hover_enabled=\u00bb0&#8243; header_text_align_tablet=\u00bbleft\u00bb header_text_align_phone=\u00bbleft\u00bb header_text_align_last_edited=\u00bbon|tablet\u00bb header_font_size_tablet=\u00bb\u00bb header_font_size_phone=\u00bb28px\u00bb header_font_size_last_edited=\u00bbon|phone\u00bb text_orientation_tablet=\u00bbleft\u00bb text_orientation_phone=\u00bbleft\u00bb text_orientation_last_edited=\u00bbon|tablet\u00bb text_text_shadow_style=\u00bbpreset3&#8243; text_text_shadow_color=\u00bbgcid-fd99c094-06ab-4dac-b621-71dff9d481ed\u00bb header_text_shadow_style=\u00bbpreset3&#8243; global_colors_info=\u00bb{%22gcid-43508936-0565-4258-b9b9-165d4cc484fd%22:%91%22header_2_text_color%22,%22icon_color%22%93,%22gcid-fd99c094-06ab-4dac-b621-71dff9d481ed%22:%91%22header_text_shadow_color%22,%22text_text_shadow_color%22%93}\u00bb sticky_enabled=\u00bb0&#8243;]<\/p>\n<h1 class=\"entry-title\" itemprop=\"name\">M\u00e1s informaci\u00f3n sobre el biog\u00e1s<\/h1>\n<p class=\"has-white-color has-virtue-primary-background-color has-text-color has-background has-medium-font-size\">A continuaci\u00f3n encontrar\u00e1 m\u00e1s informaci\u00f3n sobre el biog\u00e1s, el contenido t\u00edpico de biog\u00e1s, la producci\u00f3n de metano a partir del biog\u00e1s y el contenido energ\u00e9tico del biog\u00e1s.<\/p>\n<p>[\/et_pb_text][\/et_pb_column][\/et_pb_row][\/et_pb_section][et_pb_section fb_built=\u00bb1&#8243; admin_label=\u00bbMissio Valkea osio\u00bb _builder_version=\u00bb4.19.5&#8243; background_color=\u00bb#FFFFFF\u00bb custom_padding=\u00bb5vh||5vh||true|false\u00bb global_colors_info=\u00bb{}\u00bb][et_pb_row column_structure=\u00bb1_2,1_2&#8243; _builder_version=\u00bb4.22.1&#8243; global_colors_info=\u00bb{}\u00bb][et_pb_column type=\u00bb1_2&#8243; _builder_version=\u00bb4.16&#8243; global_colors_info=\u00bb{}\u00bb][et_pb_text _builder_version=\u00bb4.22.2&#8243; header_2_text_align=\u00bbleft\u00bb header_2_text_color=\u00bbgcid-43508936-0565-4258-b9b9-165d4cc484fd\u00bb custom_margin=\u00bb||3px|||\u00bb global_colors_info=\u00bb{%22gcid-43508936-0565-4258-b9b9-165d4cc484fd%22:%91%22header_2_text_color%22,%22header_2_text_color%22%93}\u00bb]<\/p>\n<h2>Productos de la fermentaci\u00f3n de biog\u00e1s<\/h2>\n<p>[\/et_pb_text][et_pb_text _builder_version=\u00bb4.22.2&#8243; custom_padding=\u00bb||35px|||\u00bb global_colors_info=\u00bb{}\u00bb]<\/p>\n<ul>\n<li>El biog\u00e1s, contenido de metano 45-70 % (~90 %)<\/li>\n<li>El biog\u00e1s se puede convertir en electricidad y calor<\/li>\n<li>El biog\u00e1s se puede lavar y presurizar como combustible para el tr\u00e1fico<\/li>\n<li>L\u00edquido fertilizante separado<\/li>\n<li>Nitr\u00f3geno rico en nutrientes y preparado en biofertilizante<\/li>\n<li>Bioresiduos y esti\u00e9rcol para su uso en materias primas (no residuos)<\/li>\n<li>Eliminaci\u00f3n del olor<\/li>\n<li>Abono org\u00e1nico higienizado<\/li>\n<\/ul>\n<p>[\/et_pb_text][\/et_pb_column][et_pb_column type=\u00bb1_2&#8243; _builder_version=\u00bb4.16&#8243; global_colors_info=\u00bb{}\u00bb][et_pb_text _builder_version=\u00bb4.22.2&#8243; header_2_text_align=\u00bbleft\u00bb header_2_text_color=\u00bbgcid-43508936-0565-4258-b9b9-165d4cc484fd\u00bb custom_margin=\u00bb||3px|||\u00bb global_colors_info=\u00bb{%22gcid-43508936-0565-4258-b9b9-165d4cc484fd%22:%91%22header_2_text_color%22%93}\u00bb]<\/p>\n<h2>Contenido t\u00edpico de biog\u00e1s<\/h2>\n<p>[\/et_pb_text][et_pb_text _builder_version=\u00bb4.22.2&#8243; custom_padding=\u00bb||35px|||\u00bb global_colors_info=\u00bb{}\u00bb]<\/p>\n<ul>\n<li>Metano CH4 45-75 % (~90 %)<\/li>\n<li>Di\u00f3xido de carbono CO2 25-45 % (~10 %)<\/li>\n<li>\u00d3xido de carbono CO 0-0,3 %<\/li>\n<li>Nitr\u00f3geno N2 1-5\u00a0 %<\/li>\n<li>Hidr\u00f3geno H2 0-3 %<\/li>\n<li>Sulfuro de hidrogeno H2S 0,1-0,5 % (0-40 ppm)<\/li>\n<\/ul>\n<p>[\/et_pb_text][\/et_pb_column][\/et_pb_row][\/et_pb_section][et_pb_section fb_built=\u00bb1&#8243; admin_label=\u00bbMissio Valkea osio\u00bb _builder_version=\u00bb4.22.1&#8243; background_color=\u00bbgcid-fd99c094-06ab-4dac-b621-71dff9d481ed\u00bb custom_padding=\u00bb5vh||5vh||true|false\u00bb global_colors_info=\u00bb{%22gcid-fd99c094-06ab-4dac-b621-71dff9d481ed%22:%91%22background_color%22%93}\u00bb][et_pb_row _builder_version=\u00bb4.22.1&#8243; global_colors_info=\u00bb{}\u00bb][et_pb_column type=\u00bb4_4&#8243; _builder_version=\u00bb4.16&#8243; global_colors_info=\u00bb{}\u00bb][et_pb_text _builder_version=\u00bb4.22.2&#8243; header_2_text_align=\u00bbleft\u00bb header_2_text_color=\u00bbgcid-43508936-0565-4258-b9b9-165d4cc484fd\u00bb custom_margin=\u00bb||3px|||\u00bb global_colors_info=\u00bb{%22gcid-43508936-0565-4258-b9b9-165d4cc484fd%22:%91%22header_2_text_color%22,%22header_2_text_color%22%93}\u00bb]<\/p>\n<h2 style=\"text-align: center;\">La producci\u00f3n t\u00edpica de metano de diferentes biomasas<\/h2>\n<h2 style=\"text-align: center;\">(los valores habituales)<\/h2>\n<p>[\/et_pb_text][et_pb_image src=\u00bbhttps:\/\/fimuskraft.com\/wp-content\/uploads\/2023\/09\/Nayttokuva-2023-9-28-kello-9.09.01.png\u00bb title_text=\u00bbNa\u0308ytto\u0308kuva 2023-9-28 kello 9.09.01&#8243; _builder_version=\u00bb4.22.2&#8243; _module_preset=\u00bbdefault\u00bb global_colors_info=\u00bb{}\u00bb][\/et_pb_image][\/et_pb_column][\/et_pb_row][\/et_pb_section][et_pb_section fb_built=\u00bb1&#8243; admin_label=\u00bbMissio Valkea osio\u00bb _builder_version=\u00bb4.19.5&#8243; background_color=\u00bb#FFFFFF\u00bb custom_padding=\u00bb5vh||7vh||false|false\u00bb global_colors_info=\u00bb{}\u00bb][et_pb_row column_structure=\u00bb2_5,3_5&#8243; _builder_version=\u00bb4.22.1&#8243; global_colors_info=\u00bb{}\u00bb][et_pb_column type=\u00bb2_5&#8243; _builder_version=\u00bb4.16&#8243; global_colors_info=\u00bb{}\u00bb][et_pb_image src=\u00bbhttps:\/\/fimuskraft.com\/wp-content\/uploads\/2023\/09\/Process-chart.jpg\u00bb title_text=\u00bbProcess chart\u00bb _builder_version=\u00bb4.22.1&#8243; _module_preset=\u00bbdefault\u00bb global_colors_info=\u00bb{}\u00bb][\/et_pb_image][\/et_pb_column][et_pb_column type=\u00bb3_5&#8243; _builder_version=\u00bb4.16&#8243; global_colors_info=\u00bb{}\u00bb][et_pb_text _builder_version=\u00bb4.22.2&#8243; header_2_text_align=\u00bbleft\u00bb header_2_text_color=\u00bbgcid-43508936-0565-4258-b9b9-165d4cc484fd\u00bb custom_margin=\u00bb||3px|||\u00bb global_colors_info=\u00bb{%22gcid-43508936-0565-4258-b9b9-165d4cc484fd%22:%91%22header_2_text_color%22,%22header_2_text_color%22%93}\u00bb]<\/p>\n<h2>M\u00e1s informaci\u00f3n de biog\u00e1s y contenido energ\u00e9tico medio del biog\u00e1s (regla de oro):<\/h2>\n<p>[\/et_pb_text][et_pb_text _builder_version=\u00bb4.22.2&#8243; custom_padding=\u00bb||35px|||\u00bb global_colors_info=\u00bb{}\u00bb]<\/p>\n<ul>\n<li>1 m3<span>\u00a0<\/span>de metano (100%) = 1 litro de aceite = 10 kWh energ\u00eda<\/li>\n<li>Se supone que el contenido de metano del biog\u00e1s es de aproximadamente 60 %<\/li>\n<\/ul>\n<p>&gt;&gt;&gt;<\/p>\n<p>1 m3<span>\u00a0<\/span>de biog\u00e1s (contenido de metano sobre 60 %)<br \/>= sobre 6 kWh energ\u00eda<br \/>= sobre 2 kWh electricidad y sobre 3,5 kWh calor<\/p>\n<p>[\/et_pb_text][\/et_pb_column][\/et_pb_row][\/et_pb_section]<\/p>\n","protected":false},"excerpt":{"rendered":"<p>M\u00e1s informaci\u00f3n sobre el biog\u00e1s A continuaci\u00f3n encontrar\u00e1 m\u00e1s informaci\u00f3n sobre el biog\u00e1s, el contenido t\u00edpico de biog\u00e1s, la producci\u00f3n de metano a partir del biog\u00e1s y el contenido energ\u00e9tico del biog\u00e1s.Productos de la fermentaci\u00f3n de biog\u00e1s El biog\u00e1s, contenido de metano 45-70 % (~90 %) El biog\u00e1s se puede convertir en electricidad y calor [&hellip;]<\/p>\n","protected":false},"author":2,"featured_media":0,"parent":2032,"menu_order":0,"comment_status":"closed","ping_status":"closed","template":"","meta":{"_et_pb_use_builder":"on","_et_pb_old_content":"","_et_gb_content_width":"","footnotes":""},"class_list":["post-2027","page","type-page","status-publish","hentry"],"_links":{"self":[{"href":"https:\/\/fimuskraft.com\/es\/wp-json\/wp\/v2\/pages\/2027","targetHints":{"allow":["GET"]}}],"collection":[{"href":"https:\/\/fimuskraft.com\/es\/wp-json\/wp\/v2\/pages"}],"about":[{"href":"https:\/\/fimuskraft.com\/es\/wp-json\/wp\/v2\/types\/page"}],"author":[{"embeddable":true,"href":"https:\/\/fimuskraft.com\/es\/wp-json\/wp\/v2\/users\/2"}],"replies":[{"embeddable":true,"href":"https:\/\/fimuskraft.com\/es\/wp-json\/wp\/v2\/comments?post=2027"}],"version-history":[{"count":6,"href":"https:\/\/fimuskraft.com\/es\/wp-json\/wp\/v2\/pages\/2027\/revisions"}],"predecessor-version":[{"id":2388,"href":"https:\/\/fimuskraft.com\/es\/wp-json\/wp\/v2\/pages\/2027\/revisions\/2388"}],"up":[{"embeddable":true,"href":"https:\/\/fimuskraft.com\/es\/wp-json\/wp\/v2\/pages\/2032"}],"wp:attachment":[{"href":"https:\/\/fimuskraft.com\/es\/wp-json\/wp\/v2\/media?parent=2027"}],"curies":[{"name":"wp","href":"https:\/\/api.w.org\/{rel}","templated":true}]}}