{"id":1995,"date":"2020-11-25T00:20:48","date_gmt":"2020-11-24T22:20:48","guid":{"rendered":"https:\/\/fimuskraft.devnettisivu.net\/company\/"},"modified":"2023-09-28T13:43:00","modified_gmt":"2023-09-28T11:43:00","slug":"yritys","status":"publish","type":"page","link":"https:\/\/fimuskraft.com\/fi\/yritys\/","title":{"rendered":"Yritys"},"content":{"rendered":"<p>[et_pb_section fb_built=&#8221;1&#8243; custom_padding_last_edited=&#8221;on|phone&#8221; admin_label=&#8221;Missio Alasivun otsikko&#8221; _builder_version=&#8221;4.22.1&#8243; background_image=&#8221;https:\/\/fimuskraft.com\/wp-content\/uploads\/2023\/09\/f6310b97-ef26-48f8-a494-9559e19a6fa9_out-1152&#215;704.jpg&#8221; parallax=&#8221;on&#8221; positioning=&#8221;none&#8221; custom_margin=&#8221;-16vh||||false|false&#8221; custom_margin_tablet=&#8221;-16vh||||false|false&#8221; custom_margin_phone=&#8221;-80px||||false|false&#8221; custom_margin_last_edited=&#8221;on|phone&#8221; custom_padding=&#8221;25vh||7vh||false|false&#8221; custom_padding_tablet=&#8221;22vh||5vh||false|false&#8221; custom_padding_phone=&#8221;93px||3vh||false|false&#8221; locked=&#8221;off&#8221; global_colors_info=&#8221;{}&#8221;][et_pb_row _builder_version=&#8221;4.19.5&#8243; global_colors_info=&#8221;{}&#8221;][et_pb_column type=&#8221;4_4&#8243; _builder_version=&#8221;4.16&#8243; global_colors_info=&#8221;{}&#8221;][et_pb_text _builder_version=&#8221;4.22.2&#8243; header_text_align=&#8221;center&#8221; custom_margin=&#8221;||12px|||&#8221; hover_enabled=&#8221;0&#8243; header_text_align_tablet=&#8221;left&#8221; header_text_align_phone=&#8221;left&#8221; header_text_align_last_edited=&#8221;on|tablet&#8221; header_font_size_tablet=&#8221;&#8221; header_font_size_phone=&#8221;28px&#8221; header_font_size_last_edited=&#8221;on|phone&#8221; header_text_shadow_style=&#8221;preset3&#8243; global_colors_info=&#8221;{%22gcid-43508936-0565-4258-b9b9-165d4cc484fd%22:%91%22icon_color%22%93,%22gcid-fd99c094-06ab-4dac-b621-71dff9d481ed%22:%91%22header_text_shadow_color%22%93}&#8221; sticky_enabled=&#8221;0&#8243;]<\/p>\n<h1>Tietoa meist\u00e4<\/h1>\n<p>[\/et_pb_text][\/et_pb_column][\/et_pb_row][\/et_pb_section][et_pb_section fb_built=&#8221;1&#8243; admin_label=&#8221;Missio Valkea osio&#8221; _builder_version=&#8221;4.19.5&#8243; background_color=&#8221;#FFFFFF&#8221; custom_padding=&#8221;7vh||7vh||true|false&#8221; global_colors_info=&#8221;{}&#8221;][et_pb_row column_structure=&#8221;2_5,3_5&#8243; _builder_version=&#8221;4.22.1&#8243; global_colors_info=&#8221;{}&#8221;][et_pb_column type=&#8221;2_5&#8243; _builder_version=&#8221;4.16&#8243; global_colors_info=&#8221;{}&#8221;][et_pb_image src=&#8221;https:\/\/fimuskraft.com\/wp-content\/uploads\/2023\/09\/EIC-logo.jpg.webp&#8221; alt=&#8221;man and woman laughing while sitting in front of laptops&#8221; title_text=&#8221;EIC-logo.jpg&#8221; _builder_version=&#8221;4.22.1&#8243; max_height=&#8221;120px&#8221; global_colors_info=&#8221;{}&#8221;][\/et_pb_image][\/et_pb_column][et_pb_column type=&#8221;3_5&#8243; _builder_version=&#8221;4.16&#8243; global_colors_info=&#8221;{}&#8221;][et_pb_text _builder_version=&#8221;4.22.2&#8243; header_font_size=&#8221;34px&#8221; header_2_text_color=&#8221;gcid-43508936-0565-4258-b9b9-165d4cc484fd&#8221; custom_margin=&#8221;||10px|||&#8221; hover_enabled=&#8221;0&#8243; global_colors_info=&#8221;{%22gcid-43508936-0565-4258-b9b9-165d4cc484fd%22:%91%22header_2_text_color%22%93}&#8221; sticky_enabled=&#8221;0&#8243;]<\/p>\n<h2>Tietoa FimusKraft Oy:st\u00e4<\/h2>\n<p>[\/et_pb_text][et_pb_text _builder_version=&#8221;4.22.2&#8243; hover_enabled=&#8221;0&#8243; global_colors_info=&#8221;{}&#8221; sticky_enabled=&#8221;0&#8243;]<\/p>\n<p>FimusKraft on cleantech start-up yritys, joka ty\u00f6skentelee bioteknologian ja kiertotalouden alalla. Tuotteemme v\u00e4hent\u00e4\u00e4 ja poistaa hiilijalanj\u00e4lke\u00e4 ja tuottaa bioenergiaa sek\u00e4 kiertotalouden raaka-aineita erilaisista bioj\u00e4tteenl\u00e4hteist\u00e4. FimusKraft on Euroopan innovaatiokomitean \u201cSeal of Excellence\u201d yritys.<\/p>\n<p>FimusKraft on sitoutunut kehitt\u00e4m\u00e4\u00e4n ja markkinoimaan uusia innovatiivisia ratkaisuja ja teknologioita bioj\u00e4tteiden hy\u00f6dynt\u00e4miseen maailmanlaajuisesti. FimusKraftilla uskomme vahvasti, ett\u00e4 ymp\u00e4rist\u00f6n kannalta kest\u00e4v\u00e4t tuotteet ja ratkaisut voivat my\u00f6s olla tehokkaita ja taloudellisia. Kiinnostuksemme voidaan kuvailla seuraavilla sloganeilla: \u201cS\u00e4hk\u00f6istet\u00e4\u00e4n bioj\u00e4te\u201d ja \u201cLanta ei ole j\u00e4tett\u00e4 vaan energian l\u00e4hde\u201d.<\/p>\n<p>[\/et_pb_text][et_pb_button button_url=&#8221;@ET-DC@eyJkeW5hbWljIjp0cnVlLCJjb250ZW50IjoicG9zdF9saW5rX3VybF9wYWdlIiwic2V0dGluZ3MiOnsicG9zdF9pZCI6IjI5NCJ9fQ==@&#8221; button_text=&#8221;Ota yhteytt\u00e4&#8221; button_alignment=&#8221;center&#8221; _builder_version=&#8221;4.22.2&#8243; _dynamic_attributes=&#8221;button_url&#8221; hover_enabled=&#8221;0&#8243; global_colors_info=&#8221;{}&#8221; sticky_enabled=&#8221;0&#8243;][\/et_pb_button][\/et_pb_column][\/et_pb_row][\/et_pb_section][et_pb_section fb_built=&#8221;1&#8243; admin_label=&#8221;Missio Harmaa osio&#8221; _builder_version=&#8221;4.22.1&#8243; background_color=&#8221;gcid-380367c4-e52b-4a17-8ea3-c4252c20ac67&#8243; custom_padding=&#8221;7vh||7vh||true|false&#8221; global_colors_info=&#8221;{%22gcid-380367c4-e52b-4a17-8ea3-c4252c20ac67%22:%91%22background_color%22%93}&#8221;][et_pb_row column_structure=&#8221;3_5,2_5&#8243; _builder_version=&#8221;4.22.1&#8243; width_last_edited=&#8221;off|desktop&#8221; global_colors_info=&#8221;{}&#8221;][et_pb_column type=&#8221;3_5&#8243; _builder_version=&#8221;4.16&#8243; global_colors_info=&#8221;{}&#8221;][et_pb_text _builder_version=&#8221;4.22.2&#8243; header_font_size=&#8221;34px&#8221; header_2_text_color=&#8221;gcid-43508936-0565-4258-b9b9-165d4cc484fd&#8221; custom_margin=&#8221;||10px|||&#8221; global_colors_info=&#8221;{%22gcid-43508936-0565-4258-b9b9-165d4cc484fd%22:%91%22header_2_text_color%22%93}&#8221;]<\/p>\n<h2>Arvot<\/h2>\n<p>[\/et_pb_text][et_pb_text _builder_version=&#8221;4.22.2&#8243; hover_enabled=&#8221;0&#8243; global_colors_info=&#8221;{}&#8221; sticky_enabled=&#8221;0&#8243;]<\/p>\n<p><span>FimusKraft ottaa toiminnassaan huomioon useita t\u00e4rkeit\u00e4 arvoja. Lue arvomme alta.<\/span><\/p>\n<p><strong>Luotettavuus.<\/strong><span>\u00a0Haluamme pit\u00e4\u00e4 lupauksemme ja pysy\u00e4 annetuissa aikatauluissa. Haluamme tehd\u00e4 yhteisty\u00f6t\u00e4 yritysten ja ihmisten kanssa, jotka ymm\u00e4rt\u00e4v\u00e4t arvojen ja luotettavuuden voiman.<\/span><\/p>\n<p><strong>Asiakasl\u00e4ht\u00f6isyys.<\/strong><span>\u00a0Asiakkaamme ovat syd\u00e4mess\u00e4mme. Haluamme parantaa asiakkaidemme suorituskyky\u00e4 ja ymm\u00e4rt\u00e4\u00e4 heid\u00e4n tavoitteitaan.<\/span><\/p>\n<p><strong>Teknologinen johtajuus.<\/strong><span>\u00a0Haluamme jatkuvasti parantaa ja kehitt\u00e4\u00e4 prosessissa olevia tuotteitamme sek\u00e4 innovoida uusia prosesseja, joista asiakkaamme voivat hy\u00f6ty\u00e4.<\/span><\/p>\n<p><strong>Henkil\u00f6st\u00f6 ydinvoimavarana.<\/strong><span>\u00a0Henkil\u00f6kuntamme on hyvin organisoitunutta ja heill\u00e4 on hyv\u00e4 ymm\u00e4rrys alasta, jolla ty\u00f6skentelemme. P\u00e4ivit\u00e4mme henkil\u00f6st\u00f6n osaamista jatkuvasti koulutuksella, ja siksi henkil\u00f6st\u00f6resurssien osaaminen ja suvaitsevaisuus pysyv\u00e4t hyv\u00e4ll\u00e4 tasolla. Henkil\u00f6st\u00f6 on ydinvoimavara ty\u00f6skentelyss\u00e4.<\/span><\/p>\n<p>[\/et_pb_text][\/et_pb_column][et_pb_column type=&#8221;2_5&#8243; _builder_version=&#8221;4.16&#8243; global_colors_info=&#8221;{}&#8221;][et_pb_image src=&#8221;https:\/\/fimuskraft.com\/wp-content\/uploads\/2023\/09\/FKBP-moduli-puretaan-rekasta.jpg.webp&#8221; alt=&#8221;person holding smartphone in front of brown table&#8221; title_text=&#8221;FKBP-moduli-puretaan-rekasta.jpg&#8221; _builder_version=&#8221;4.22.1&#8243; global_colors_info=&#8221;{}&#8221;][\/et_pb_image][et_pb_button button_url=&#8221;@ET-DC@eyJkeW5hbWljIjp0cnVlLCJjb250ZW50IjoicG9zdF9saW5rX3VybF9wYWdlIiwic2V0dGluZ3MiOnsicG9zdF9pZCI6IjI5NCJ9fQ==@&#8221; button_text=&#8221;Ota yhteytt\u00e4&#8221; button_alignment=&#8221;center&#8221; _builder_version=&#8221;4.22.2&#8243; _dynamic_attributes=&#8221;button_url&#8221; hover_enabled=&#8221;0&#8243; locked=&#8221;off&#8221; global_colors_info=&#8221;{}&#8221; sticky_enabled=&#8221;0&#8243;][\/et_pb_button][\/et_pb_column][\/et_pb_row][\/et_pb_section]<\/p>\n","protected":false},"excerpt":{"rendered":"<p>Tietoa meist\u00e4Tietoa FimusKraft Oy:st\u00e4FimusKraft on cleantech start-up yritys, joka ty\u00f6skentelee bioteknologian ja kiertotalouden alalla. Tuotteemme v\u00e4hent\u00e4\u00e4 ja poistaa hiilijalanj\u00e4lke\u00e4 ja tuottaa bioenergiaa sek\u00e4 kiertotalouden raaka-aineita erilaisista bioj\u00e4tteenl\u00e4hteist\u00e4. FimusKraft on Euroopan innovaatiokomitean \u201cSeal of Excellence\u201d yritys. FimusKraft on sitoutunut kehitt\u00e4m\u00e4\u00e4n ja markkinoimaan uusia innovatiivisia ratkaisuja ja teknologioita bioj\u00e4tteiden hy\u00f6dynt\u00e4miseen maailmanlaajuisesti. FimusKraftilla uskomme vahvasti, ett\u00e4 ymp\u00e4rist\u00f6n kannalta [&hellip;]<\/p>\n","protected":false},"author":2,"featured_media":0,"parent":0,"menu_order":0,"comment_status":"closed","ping_status":"closed","template":"","meta":{"_et_pb_use_builder":"on","_et_pb_old_content":"","_et_gb_content_width":"","footnotes":""},"class_list":["post-1995","page","type-page","status-publish","hentry"],"_links":{"self":[{"href":"https:\/\/fimuskraft.com\/fi\/wp-json\/wp\/v2\/pages\/1995","targetHints":{"allow":["GET"]}}],"collection":[{"href":"https:\/\/fimuskraft.com\/fi\/wp-json\/wp\/v2\/pages"}],"about":[{"href":"https:\/\/fimuskraft.com\/fi\/wp-json\/wp\/v2\/types\/page"}],"author":[{"embeddable":true,"href":"https:\/\/fimuskraft.com\/fi\/wp-json\/wp\/v2\/users\/2"}],"replies":[{"embeddable":true,"href":"https:\/\/fimuskraft.com\/fi\/wp-json\/wp\/v2\/comments?post=1995"}],"version-history":[{"count":2,"href":"https:\/\/fimuskraft.com\/fi\/wp-json\/wp\/v2\/pages\/1995\/revisions"}],"predecessor-version":[{"id":2104,"href":"https:\/\/fimuskraft.com\/fi\/wp-json\/wp\/v2\/pages\/1995\/revisions\/2104"}],"wp:attachment":[{"href":"https:\/\/fimuskraft.com\/fi\/wp-json\/wp\/v2\/media?parent=1995"}],"curies":[{"name":"wp","href":"https:\/\/api.w.org\/{rel}","templated":true}]}}