{"id":1998,"date":"2023-09-05T21:34:23","date_gmt":"2023-09-05T19:34:23","guid":{"rendered":"https:\/\/fimuskraft.devnettisivu.net\/company\/careers\/"},"modified":"2023-09-28T14:05:41","modified_gmt":"2023-09-28T12:05:41","slug":"urat","status":"publish","type":"page","link":"https:\/\/fimuskraft.com\/fi\/yritys\/urat\/","title":{"rendered":"T\u00f6ihin meille"},"content":{"rendered":"<p>[et_pb_section fb_built=&#8221;1&#8243; custom_padding_last_edited=&#8221;on|phone&#8221; admin_label=&#8221;Missio Alasivun otsikko&#8221; _builder_version=&#8221;4.22.1&#8243; background_image=&#8221;https:\/\/fimuskraft.com\/wp-content\/uploads\/2023\/09\/93effadf-0c28-4226-9708-30812a97c690_out-1152&#215;512.jpg&#8221; parallax=&#8221;on&#8221; positioning=&#8221;none&#8221; custom_margin=&#8221;-16vh||||false|false&#8221; custom_margin_tablet=&#8221;-16vh||||false|false&#8221; custom_margin_phone=&#8221;-80px||||false|false&#8221; custom_margin_last_edited=&#8221;on|phone&#8221; custom_padding=&#8221;25vh||7vh||false|false&#8221; custom_padding_tablet=&#8221;22vh||5vh||false|false&#8221; custom_padding_phone=&#8221;93px||3vh||false|false&#8221; locked=&#8221;off&#8221; global_colors_info=&#8221;{}&#8221;][et_pb_row _builder_version=&#8221;4.19.5&#8243; global_colors_info=&#8221;{}&#8221;][et_pb_column type=&#8221;4_4&#8243; _builder_version=&#8221;4.16&#8243; global_colors_info=&#8221;{}&#8221;][et_pb_text _builder_version=&#8221;4.22.2&#8243; custom_margin=&#8221;||12px|||&#8221; header_font_size_tablet=&#8221;&#8221; header_font_size_phone=&#8221;28px&#8221; header_font_size_last_edited=&#8221;on|phone&#8221; header_text_shadow_style=&#8221;preset3&#8243; global_colors_info=&#8221;{%22gcid-43508936-0565-4258-b9b9-165d4cc484fd%22:%91%22icon_color%22%93,%22gcid-fd99c094-06ab-4dac-b621-71dff9d481ed%22:%91%22header_text_shadow_color%22%93}&#8221;]<\/p>\n<h1>FimusKraft ty\u00f6paikkana<\/h1>\n<p>[\/et_pb_text][\/et_pb_column][\/et_pb_row][\/et_pb_section][et_pb_section fb_built=&#8221;1&#8243; admin_label=&#8221;Missio 2 palstainen otsikko&#8221; _builder_version=&#8221;4.19.5&#8243; custom_padding=&#8221;0px||0px|||&#8221; global_colors_info=&#8221;{}&#8221;][et_pb_row column_structure=&#8221;1_2,1_2&#8243; use_custom_gutter=&#8221;on&#8221; gutter_width=&#8221;1&#8243; make_equal=&#8221;on&#8221; _builder_version=&#8221;4.22.1&#8243; width=&#8221;100%&#8221; max_width=&#8221;2560px&#8221; custom_padding=&#8221;0px||28px||false|true&#8221; global_colors_info=&#8221;{}&#8221;][et_pb_column type=&#8221;1_2&#8243; _builder_version=&#8221;4.19.5&#8243; custom_padding=&#8221;7vh|5%|7vh|5%|true|true&#8221; global_colors_info=&#8221;{}&#8221;][et_pb_text _builder_version=&#8221;4.22.2&#8243; header_2_text_align=&#8221;left&#8221; header_2_text_color=&#8221;gcid-43508936-0565-4258-b9b9-165d4cc484fd&#8221; custom_margin=&#8221;||10px|||&#8221; global_colors_info=&#8221;{%22gcid-43508936-0565-4258-b9b9-165d4cc484fd%22:%91%22header_2_text_color%22%93}&#8221;]<\/p>\n<h2>Haluatko ty\u00f6skennell\u00e4 kanssamme?<\/h2>\n<p>[\/et_pb_text][et_pb_text _builder_version=&#8221;4.22.2&#8243; global_colors_info=&#8221;{}&#8221;]<\/p>\n<div class=\"wp-block-kadence-rowlayout alignnone\">\n<div id=\"kt-layout-id_a99103-53\" class=\"kt-row-layout-inner kt-layout-id_a99103-53\">\n<div class=\"kt-row-column-wrap kt-has-1-columns kt-gutter-default kt-v-gutter-default kt-row-valign-top kt-row-layout-equal kt-tab-layout-inherit kt-m-colapse-left-to-right kt-mobile-layout-row\">\n<div class=\"wp-block-kadence-column inner-column-1 kadence-column_29d79b-96\">\n<div class=\"kt-inside-inner-col\">\n<div class=\"wp-block-kadence-rowlayout alignnone\">\n<div id=\"kt-layout-id_a99103-53\" class=\"kt-row-layout-inner kt-layout-id_a99103-53\">\n<div class=\"kt-row-column-wrap kt-has-1-columns kt-gutter-default kt-v-gutter-default kt-row-valign-top kt-row-layout-equal kt-tab-layout-inherit kt-m-colapse-left-to-right kt-mobile-layout-row\">\n<div class=\"wp-block-kadence-column inner-column-1 kadence-column_29d79b-96\">\n<div class=\"kt-inside-inner-col\">\n<p>Oletko kiinnostunut liittym\u00e4\u00e4n innovatiiviseen tiimiimme ja k\u00e4sittelem\u00e4\u00e4n bioj\u00e4tteit\u00e4 ymp\u00e4rist\u00f6prosesseissa hiilijalanj\u00e4ljen v\u00e4hent\u00e4miseksi ja t\u00e4m\u00e4n nopeasti kasvavan start-up yrityksen kiihdytt\u00e4miseksi? Vieraile t\u00e4ll\u00e4 urat-sivulla ja<span>\u00a0<\/span><a href=\"https:\/\/www.linkedin.com\/company\/76159912\/admin\/\" target=\"_blank\" rel=\"noreferrer noopener\">LinkedIn<\/a>-profiilissamme s\u00e4\u00e4nn\u00f6llisesti n\u00e4hd\u00e4ksesi avoimet ty\u00f6paikat.\u00a0Lue lis\u00e4\u00e4 yrityksest\u00e4mme<span>\u00a0<\/span>t\u00e4\u00e4ll\u00e4.<\/p>\n<\/div>\n<\/div>\n<\/div>\n<\/div>\n<\/div>\n<div class=\"wp-block-kadence-column inner-column-1 kadence-column_897036-44\">\n<div class=\"kt-inside-inner-col\"><\/div>\n<\/div>\n<\/div>\n<\/div>\n<\/div>\n<\/div>\n<\/div>\n<div class=\"wp-block-kadence-column inner-column-1 kadence-column_897036-44\">\n<div class=\"kt-inside-inner-col\"><\/div>\n<\/div>\n<p>[\/et_pb_text][et_pb_button button_url=&#8221;@ET-DC@eyJkeW5hbWljIjp0cnVlLCJjb250ZW50IjoicG9zdF9saW5rX3VybF9wYWdlIiwic2V0dGluZ3MiOnsicG9zdF9pZCI6IjI5NCJ9fQ==@&#8221; button_text=&#8221;Ota yhteytt\u00e4!&#8221; button_alignment=&#8221;center&#8221; _builder_version=&#8221;4.22.2&#8243; _dynamic_attributes=&#8221;button_url&#8221; custom_margin=&#8221;16px||||false|false&#8221; global_colors_info=&#8221;{}&#8221;][\/et_pb_button][\/et_pb_column][et_pb_column type=&#8221;1_2&#8243; _builder_version=&#8221;4.22.1&#8243; background_color=&#8221;gcid-d39821b6-1a81-4642-8a2c-3e56d09ce01d&#8221; custom_padding=&#8221;7vh|5%|7vh|5%|true|true&#8221; global_colors_info=&#8221;{%22gcid-d39821b6-1a81-4642-8a2c-3e56d09ce01d%22:%91%22background_color%22%93}&#8221;][et_pb_text _builder_version=&#8221;4.22.2&#8243; header_text_color=&#8221;#FFFFFF&#8221; header_2_text_align=&#8221;left&#8221; header_2_text_color=&#8221;#FFFFFF&#8221; header_2_font_size=&#8221;38px&#8221; header_3_text_color=&#8221;#FFFFFF&#8221; header_4_text_color=&#8221;#FFFFFF&#8221; header_5_text_color=&#8221;#FFFFFF&#8221; header_6_text_color=&#8221;#FFFFFF&#8221; custom_margin=&#8221;13px||10px|||&#8221; hover_enabled=&#8221;0&#8243; header_2_text_align_tablet=&#8221;center&#8221; header_2_text_align_phone=&#8221;center&#8221; header_2_text_align_last_edited=&#8221;on|tablet&#8221; header_2_font_size_tablet=&#8221;30px&#8221; header_2_font_size_phone=&#8221;30px&#8221; header_2_font_size_last_edited=&#8221;on|tablet&#8221; global_colors_info=&#8221;{}&#8221; sticky_enabled=&#8221;0&#8243;]<\/p>\n<h2>Olemme joukko ahkeria asiantuntijoita, jotka ty\u00f6skentelev\u00e4t paremman tulevaisuuden puolesta!<\/h2>\n<p>[\/et_pb_text][\/et_pb_column][\/et_pb_row][\/et_pb_section]<\/p>\n","protected":false},"excerpt":{"rendered":"<p>FimusKraft ty\u00f6paikkanaHaluatko ty\u00f6skennell\u00e4 kanssamme? Oletko kiinnostunut liittym\u00e4\u00e4n innovatiiviseen tiimiimme ja k\u00e4sittelem\u00e4\u00e4n bioj\u00e4tteit\u00e4 ymp\u00e4rist\u00f6prosesseissa hiilijalanj\u00e4ljen v\u00e4hent\u00e4miseksi ja t\u00e4m\u00e4n nopeasti kasvavan start-up yrityksen kiihdytt\u00e4miseksi? Vieraile t\u00e4ll\u00e4 urat-sivulla ja\u00a0LinkedIn-profiilissamme s\u00e4\u00e4nn\u00f6llisesti n\u00e4hd\u00e4ksesi avoimet ty\u00f6paikat.\u00a0Lue lis\u00e4\u00e4 yrityksest\u00e4mme\u00a0t\u00e4\u00e4ll\u00e4. Olemme joukko ahkeria asiantuntijoita, jotka ty\u00f6skentelev\u00e4t paremman tulevaisuuden puolesta!<\/p>\n","protected":false},"author":2,"featured_media":0,"parent":1995,"menu_order":0,"comment_status":"closed","ping_status":"closed","template":"","meta":{"_et_pb_use_builder":"on","_et_pb_old_content":"","_et_gb_content_width":"","footnotes":""},"class_list":["post-1998","page","type-page","status-publish","hentry"],"_links":{"self":[{"href":"https:\/\/fimuskraft.com\/fi\/wp-json\/wp\/v2\/pages\/1998","targetHints":{"allow":["GET"]}}],"collection":[{"href":"https:\/\/fimuskraft.com\/fi\/wp-json\/wp\/v2\/pages"}],"about":[{"href":"https:\/\/fimuskraft.com\/fi\/wp-json\/wp\/v2\/types\/page"}],"author":[{"embeddable":true,"href":"https:\/\/fimuskraft.com\/fi\/wp-json\/wp\/v2\/users\/2"}],"replies":[{"embeddable":true,"href":"https:\/\/fimuskraft.com\/fi\/wp-json\/wp\/v2\/comments?post=1998"}],"version-history":[{"count":3,"href":"https:\/\/fimuskraft.com\/fi\/wp-json\/wp\/v2\/pages\/1998\/revisions"}],"predecessor-version":[{"id":2111,"href":"https:\/\/fimuskraft.com\/fi\/wp-json\/wp\/v2\/pages\/1998\/revisions\/2111"}],"up":[{"embeddable":true,"href":"https:\/\/fimuskraft.com\/fi\/wp-json\/wp\/v2\/pages\/1995"}],"wp:attachment":[{"href":"https:\/\/fimuskraft.com\/fi\/wp-json\/wp\/v2\/media?parent=1998"}],"curies":[{"name":"wp","href":"https:\/\/api.w.org\/{rel}","templated":true}]}}