{"id":2002,"date":"2020-11-25T00:04:49","date_gmt":"2020-11-24T22:04:49","guid":{"rendered":"https:\/\/fimuskraft.devnettisivu.net\/contact-us\/"},"modified":"2023-09-28T14:03:08","modified_gmt":"2023-09-28T12:03:08","slug":"ota-meihin-yhteytta","status":"publish","type":"page","link":"https:\/\/fimuskraft.com\/fi\/ota-meihin-yhteytta\/","title":{"rendered":"Ota yhteytt\u00e4"},"content":{"rendered":"<p>[et_pb_section fb_built=&#8221;1&#8243; custom_padding_last_edited=&#8221;on|phone&#8221; admin_label=&#8221;Missio Alasivun otsikko&#8221; _builder_version=&#8221;4.22.1&#8243; background_image=&#8221;https:\/\/fimuskraft.com\/wp-content\/uploads\/2023\/09\/3-fe06287d-c17b-4c1a-892c-5f11091a943f-1152&#215;704.jpg&#8221; parallax=&#8221;on&#8221; positioning=&#8221;none&#8221; custom_margin=&#8221;-16vh||||false|false&#8221; custom_margin_tablet=&#8221;-16vh||||false|false&#8221; custom_margin_phone=&#8221;-80px||||false|false&#8221; custom_margin_last_edited=&#8221;on|phone&#8221; custom_padding=&#8221;25vh||7vh||false|false&#8221; custom_padding_tablet=&#8221;22vh||5vh||false|false&#8221; custom_padding_phone=&#8221;93px||3vh||false|false&#8221; locked=&#8221;off&#8221; global_colors_info=&#8221;{}&#8221;][et_pb_row _builder_version=&#8221;4.19.5&#8243; global_colors_info=&#8221;{}&#8221;][et_pb_column type=&#8221;4_4&#8243; _builder_version=&#8221;4.16&#8243; global_colors_info=&#8221;{}&#8221;][et_pb_text _builder_version=&#8221;4.22.2&#8243; header_text_align=&#8221;center&#8221; custom_margin=&#8221;||12px|||&#8221; hover_enabled=&#8221;0&#8243; header_text_align_tablet=&#8221;left&#8221; header_text_align_phone=&#8221;left&#8221; header_text_align_last_edited=&#8221;on|tablet&#8221; header_font_size_tablet=&#8221;&#8221; header_font_size_phone=&#8221;28px&#8221; header_font_size_last_edited=&#8221;on|phone&#8221; header_text_shadow_style=&#8221;preset3&#8243; global_colors_info=&#8221;{%22gcid-43508936-0565-4258-b9b9-165d4cc484fd%22:%91%22icon_color%22%93,%22gcid-fd99c094-06ab-4dac-b621-71dff9d481ed%22:%91%22header_text_shadow_color%22%93}&#8221; sticky_enabled=&#8221;0&#8243;]<\/p>\n<h1>Ota yhteytt\u00e4<\/h1>\n<p>[\/et_pb_text][\/et_pb_column][\/et_pb_row][\/et_pb_section][et_pb_section fb_built=&#8221;1&#8243; admin_label=&#8221;Missio Valkea osio&#8221; _builder_version=&#8221;4.19.5&#8243; background_color=&#8221;#FFFFFF&#8221; custom_padding=&#8221;7vh||7vh||true|false&#8221; global_colors_info=&#8221;{}&#8221;][et_pb_row column_structure=&#8221;1_2,1_2&#8243; _builder_version=&#8221;4.22.1&#8243; width=&#8221;100%&#8221; custom_padding=&#8221;0px|||||&#8221; global_colors_info=&#8221;{}&#8221;][et_pb_column type=&#8221;1_2&#8243; _builder_version=&#8221;4.19.5&#8243; custom_padding=&#8221;|5%||5%|false|false&#8221; global_colors_info=&#8221;{}&#8221;][et_pb_text _builder_version=&#8221;4.22.2&#8243; header_font_size=&#8221;34px&#8221; header_2_text_color=&#8221;gcid-43508936-0565-4258-b9b9-165d4cc484fd&#8221; custom_margin=&#8221;||10px|||&#8221; hover_enabled=&#8221;0&#8243; global_colors_info=&#8221;{%22gcid-43508936-0565-4258-b9b9-165d4cc484fd%22:%91%22header_2_text_color%22%93}&#8221; sticky_enabled=&#8221;0&#8243;]<\/p>\n<h2>Yhteystiedot<\/h2>\n<p>[\/et_pb_text][et_pb_text _builder_version=&#8221;4.22.2&#8243; custom_margin=&#8221;||4px|||&#8221; hover_enabled=&#8221;0&#8243; global_colors_info=&#8221;{}&#8221; sticky_enabled=&#8221;0&#8243;]<\/p>\n<h3><strong>K\u00e4yntiosoite:<\/strong><\/h3>\n<p>Niemenkatu 73 A<br \/>15140 Lahti<br \/>Suomi<\/p>\n<p>MENA:n toimisto<br \/>Beirut,<br \/>Libanon<\/p>\n<h3><strong><\/strong><strong>Postiosoite:<\/strong><\/h3>\n<p>Mets\u00e4niementie 1<br \/>21600 Parainen<br \/>Suomi<br \/><strong><\/strong><\/p>\n<h3><strong>Myynti:<\/strong><\/h3>\n<p>Ahti Koivunen, CEO<br \/>Tel: +358 50 559 3091<br \/><a href=\"mailto:ahti.koivunen@fimuskraft.com\">ahti.koivunen@fimuskraft.com<\/a><\/p>\n<p>Mikael Sepp\u00e4l\u00e4, Sales Director<br \/>Tel: +358 50 060 3020<br \/><a href=\"mailto:mikael.seppala@fimuskraft.com\">mikael.seppala@fimuskraft.com<\/a><\/p>\n<p>Salim Zakharia, VP Sales MENA Region<br \/>Tel: +961 76 629 222<br \/><a href=\"mailto:salim.zakharia@fimuskraft.com\">salim.zakharia@fimuskraft.com<\/a><br \/><strong><\/strong><\/p>\n<h3><strong>L\u00e4het\u00e4 s\u00e4hk\u00f6postia:<\/strong><\/h3>\n<p><a href=\"mailto:info@fimuskraft.com\">info@fimuskraft.com<\/a><br \/>etunimi.sukunimi@fimuskraft.com<\/p>\n<p><strong><\/strong><\/p>\n<h3><strong>Seuraa meit\u00e4:<\/strong><\/h3>\n<p>[\/et_pb_text][et_pb_social_media_follow _builder_version=&#8221;4.22.1&#8243; _module_preset=&#8221;default&#8221; global_colors_info=&#8221;{}&#8221;][et_pb_social_media_follow_network social_network=&#8221;facebook&#8221; url=&#8221;https:\/\/www.facebook.com\/FimusKraft\/&#8221; _builder_version=&#8221;4.22.1&#8243; _module_preset=&#8221;default&#8221; background_color=&#8221;#3b5998&#8243; global_colors_info=&#8221;{}&#8221; follow_button=&#8221;off&#8221; url_new_window=&#8221;on&#8221;]facebook[\/et_pb_social_media_follow_network][et_pb_social_media_follow_network social_network=&#8221;linkedin&#8221; url=&#8221;https:\/\/www.linkedin.com\/company\/fimuskraft\/&#8221; _builder_version=&#8221;4.22.1&#8243; _module_preset=&#8221;default&#8221; background_color=&#8221;#007bb6&#8243; global_colors_info=&#8221;{}&#8221; follow_button=&#8221;off&#8221; url_new_window=&#8221;on&#8221;]linkedin[\/et_pb_social_media_follow_network][\/et_pb_social_media_follow][\/et_pb_column][et_pb_column type=&#8221;1_2&#8243; _builder_version=&#8221;4.19.5&#8243; background_color=&#8221;gcid-d39821b6-1a81-4642-8a2c-3e56d09ce01d&#8221; custom_padding=&#8221;30px|40px|30px|40px|true|true&#8221; custom_padding_tablet=&#8221;|5%||5%|true|true&#8221; custom_padding_phone=&#8221;|5%||5%|true|true&#8221; custom_padding_last_edited=&#8221;on|desktop&#8221; global_colors_info=&#8221;{%22gcid-d39821b6-1a81-4642-8a2c-3e56d09ce01d%22:%91%22background_color%22%93}&#8221;][et_pb_text _builder_version=&#8221;4.22.2&#8243; header_font_size=&#8221;34px&#8221; header_2_text_color=&#8221;#FFFFFF&#8221; custom_margin=&#8221;||10px|||&#8221; global_colors_info=&#8221;{}&#8221;]<\/p>\n<h2>Ota yhteytt\u00e4 niin palaamme asiaan mahdollisimman pian!<\/h2>\n<p>[\/et_pb_text][et_pb_contact_form captcha=&#8221;off&#8221; email=&#8221;info@fimuskraft.com&#8221; custom_message=&#8221;Yhteydenotto FimusKraftin verkkosivuilta||et_pb_line_break_holder||||et_pb_line_break_holder||Nimi: %%Name%%||et_pb_line_break_holder||Yritys: %%Company%%||et_pb_line_break_holder||Puhelin: %%Puhelinnumero%%||et_pb_line_break_holder||S\u00e4hk\u00f6posti: %%Email%%||et_pb_line_break_holder||||et_pb_line_break_holder||Viestisi:||et_pb_line_break_holder||%%Message%%&#8221; _builder_version=&#8221;4.22.2&#8243; _unique_id=&#8221;9e0ba8d1-792a-4144-96f3-e7b1b9f20a37&#8243; form_field_background_color=&#8221;#FFFFFF&#8221; form_field_text_color=&#8221;#000000&#8243; max_width=&#8221;500px&#8221; module_alignment=&#8221;center&#8221; global_module=&#8221;2100&#8243; saved_tabs=&#8221;all&#8221; global_colors_info=&#8221;{}&#8221; button_bg_color__hover_enabled=&#8221;on|hover&#8221; button_bg_color__hover=&#8221;#FFFFFF&#8221; button_bg_enable_color__hover=&#8221;on&#8221;][et_pb_contact_field field_id=&#8221;Name&#8221; field_title=&#8221;Nimi&#8221; fullwidth_field=&#8221;on&#8221; _builder_version=&#8221;4.22.2&#8243; global_colors_info=&#8221;{}&#8221; button_text_size__hover_enabled=&#8221;off&#8221; button_one_text_size__hover_enabled=&#8221;off&#8221; button_two_text_size__hover_enabled=&#8221;off&#8221; button_text_color__hover_enabled=&#8221;off&#8221; button_one_text_color__hover_enabled=&#8221;off&#8221; button_two_text_color__hover_enabled=&#8221;off&#8221; button_border_width__hover_enabled=&#8221;off&#8221; button_one_border_width__hover_enabled=&#8221;off&#8221; button_two_border_width__hover_enabled=&#8221;off&#8221; button_border_color__hover_enabled=&#8221;off&#8221; button_one_border_color__hover_enabled=&#8221;off&#8221; button_two_border_color__hover_enabled=&#8221;off&#8221; button_border_radius__hover_enabled=&#8221;off&#8221; button_one_border_radius__hover_enabled=&#8221;off&#8221; button_two_border_radius__hover_enabled=&#8221;off&#8221; button_letter_spacing__hover_enabled=&#8221;off&#8221; button_one_letter_spacing__hover_enabled=&#8221;off&#8221; button_two_letter_spacing__hover_enabled=&#8221;off&#8221; button_bg_color__hover_enabled=&#8221;off&#8221; button_one_bg_color__hover_enabled=&#8221;off&#8221; button_two_bg_color__hover_enabled=&#8221;off&#8221;][\/et_pb_contact_field][et_pb_contact_field field_id=&#8221;Company&#8221; field_title=&#8221;Yritys&#8221; fullwidth_field=&#8221;on&#8221; _builder_version=&#8221;4.22.2&#8243; global_colors_info=&#8221;{}&#8221; button_text_size__hover_enabled=&#8221;off&#8221; button_one_text_size__hover_enabled=&#8221;off&#8221; button_two_text_size__hover_enabled=&#8221;off&#8221; button_text_color__hover_enabled=&#8221;off&#8221; button_one_text_color__hover_enabled=&#8221;off&#8221; button_two_text_color__hover_enabled=&#8221;off&#8221; button_border_width__hover_enabled=&#8221;off&#8221; button_one_border_width__hover_enabled=&#8221;off&#8221; button_two_border_width__hover_enabled=&#8221;off&#8221; button_border_color__hover_enabled=&#8221;off&#8221; button_one_border_color__hover_enabled=&#8221;off&#8221; button_two_border_color__hover_enabled=&#8221;off&#8221; button_border_radius__hover_enabled=&#8221;off&#8221; button_one_border_radius__hover_enabled=&#8221;off&#8221; button_two_border_radius__hover_enabled=&#8221;off&#8221; button_letter_spacing__hover_enabled=&#8221;off&#8221; button_one_letter_spacing__hover_enabled=&#8221;off&#8221; button_two_letter_spacing__hover_enabled=&#8221;off&#8221; button_bg_color__hover_enabled=&#8221;off&#8221; button_one_bg_color__hover_enabled=&#8221;off&#8221; button_two_bg_color__hover_enabled=&#8221;off&#8221;][\/et_pb_contact_field][et_pb_contact_field field_id=&#8221;Puhelinnumero&#8221; field_title=&#8221;Puhelinnumero&#8221; fullwidth_field=&#8221;on&#8221; _builder_version=&#8221;4.22.2&#8243; global_colors_info=&#8221;{}&#8221;][\/et_pb_contact_field][et_pb_contact_field field_id=&#8221;Email&#8221; field_title=&#8221;S\u00e4hk\u00f6posti&#8221; field_type=&#8221;email&#8221; fullwidth_field=&#8221;on&#8221; _builder_version=&#8221;4.22.2&#8243; global_colors_info=&#8221;{}&#8221; button_text_size__hover_enabled=&#8221;off&#8221; button_one_text_size__hover_enabled=&#8221;off&#8221; button_two_text_size__hover_enabled=&#8221;off&#8221; button_text_color__hover_enabled=&#8221;off&#8221; button_one_text_color__hover_enabled=&#8221;off&#8221; button_two_text_color__hover_enabled=&#8221;off&#8221; button_border_width__hover_enabled=&#8221;off&#8221; button_one_border_width__hover_enabled=&#8221;off&#8221; button_two_border_width__hover_enabled=&#8221;off&#8221; button_border_color__hover_enabled=&#8221;off&#8221; button_one_border_color__hover_enabled=&#8221;off&#8221; button_two_border_color__hover_enabled=&#8221;off&#8221; button_border_radius__hover_enabled=&#8221;off&#8221; button_one_border_radius__hover_enabled=&#8221;off&#8221; button_two_border_radius__hover_enabled=&#8221;off&#8221; button_letter_spacing__hover_enabled=&#8221;off&#8221; button_one_letter_spacing__hover_enabled=&#8221;off&#8221; button_two_letter_spacing__hover_enabled=&#8221;off&#8221; button_bg_color__hover_enabled=&#8221;off&#8221; button_one_bg_color__hover_enabled=&#8221;off&#8221; button_two_bg_color__hover_enabled=&#8221;off&#8221;][\/et_pb_contact_field][et_pb_contact_field field_id=&#8221;Message&#8221; field_title=&#8221;Viestisi&#8221; field_type=&#8221;text&#8221; fullwidth_field=&#8221;on&#8221; _builder_version=&#8221;4.22.2&#8243; global_colors_info=&#8221;{}&#8221; button_text_size__hover_enabled=&#8221;off&#8221; button_one_text_size__hover_enabled=&#8221;off&#8221; button_two_text_size__hover_enabled=&#8221;off&#8221; button_text_color__hover_enabled=&#8221;off&#8221; button_one_text_color__hover_enabled=&#8221;off&#8221; button_two_text_color__hover_enabled=&#8221;off&#8221; button_border_width__hover_enabled=&#8221;off&#8221; button_one_border_width__hover_enabled=&#8221;off&#8221; button_two_border_width__hover_enabled=&#8221;off&#8221; button_border_color__hover_enabled=&#8221;off&#8221; button_one_border_color__hover_enabled=&#8221;off&#8221; button_two_border_color__hover_enabled=&#8221;off&#8221; button_border_radius__hover_enabled=&#8221;off&#8221; button_one_border_radius__hover_enabled=&#8221;off&#8221; button_two_border_radius__hover_enabled=&#8221;off&#8221; button_letter_spacing__hover_enabled=&#8221;off&#8221; button_one_letter_spacing__hover_enabled=&#8221;off&#8221; button_two_letter_spacing__hover_enabled=&#8221;off&#8221; button_bg_color__hover_enabled=&#8221;off&#8221; button_one_bg_color__hover_enabled=&#8221;off&#8221; button_two_bg_color__hover_enabled=&#8221;off&#8221;][\/et_pb_contact_field][\/et_pb_contact_form][\/et_pb_column][\/et_pb_row][\/et_pb_section]<\/p>\n","protected":false},"excerpt":{"rendered":"<p>Ota yhteytt\u00e4YhteystiedotK\u00e4yntiosoite: Niemenkatu 73 A15140 LahtiSuomi MENA:n toimistoBeirut,Libanon Postiosoite: Mets\u00e4niementie 121600 ParainenSuomi Myynti: Ahti Koivunen, CEOTel: +358 50 559 3091ahti.koivunen@fimuskraft.com Mikael Sepp\u00e4l\u00e4, Sales DirectorTel: +358 50 060 3020mikael.seppala@fimuskraft.com Salim Zakharia, VP Sales MENA RegionTel: +961 76 629 222salim.zakharia@fimuskraft.com L\u00e4het\u00e4 s\u00e4hk\u00f6postia: info@fimuskraft.cometunimi.sukunimi@fimuskraft.com Seuraa meit\u00e4:Ota yhteytt\u00e4 niin palaamme asiaan mahdollisimman pian!<\/p>\n","protected":false},"author":2,"featured_media":0,"parent":0,"menu_order":0,"comment_status":"closed","ping_status":"closed","template":"","meta":{"_et_pb_use_builder":"on","_et_pb_old_content":"","_et_gb_content_width":"","footnotes":""},"class_list":["post-2002","page","type-page","status-publish","hentry"],"_links":{"self":[{"href":"https:\/\/fimuskraft.com\/fi\/wp-json\/wp\/v2\/pages\/2002","targetHints":{"allow":["GET"]}}],"collection":[{"href":"https:\/\/fimuskraft.com\/fi\/wp-json\/wp\/v2\/pages"}],"about":[{"href":"https:\/\/fimuskraft.com\/fi\/wp-json\/wp\/v2\/types\/page"}],"author":[{"embeddable":true,"href":"https:\/\/fimuskraft.com\/fi\/wp-json\/wp\/v2\/users\/2"}],"replies":[{"embeddable":true,"href":"https:\/\/fimuskraft.com\/fi\/wp-json\/wp\/v2\/comments?post=2002"}],"version-history":[{"count":3,"href":"https:\/\/fimuskraft.com\/fi\/wp-json\/wp\/v2\/pages\/2002\/revisions"}],"predecessor-version":[{"id":2113,"href":"https:\/\/fimuskraft.com\/fi\/wp-json\/wp\/v2\/pages\/2002\/revisions\/2113"}],"wp:attachment":[{"href":"https:\/\/fimuskraft.com\/fi\/wp-json\/wp\/v2\/media?parent=2002"}],"curies":[{"name":"wp","href":"https:\/\/api.w.org\/{rel}","templated":true}]}}