{"id":2004,"date":"2023-09-05T21:28:19","date_gmt":"2023-09-05T19:28:19","guid":{"rendered":"https:\/\/fimuskraft.devnettisivu.net\/customers\/"},"modified":"2023-09-28T14:03:32","modified_gmt":"2023-09-28T12:03:32","slug":"biomassan-lahteet","status":"publish","type":"page","link":"https:\/\/fimuskraft.com\/fi\/biomassan-lahteet\/","title":{"rendered":"Asiakkaita"},"content":{"rendered":"<p>[et_pb_section fb_built=&#8221;1&#8243; custom_padding_last_edited=&#8221;on|phone&#8221; admin_label=&#8221;Missio Alasivun otsikko&#8221; _builder_version=&#8221;4.22.1&#8243; background_image=&#8221;https:\/\/fimuskraft.com\/wp-content\/uploads\/2023\/09\/a2bd9b9d-84d3-4ad2-a6f9-ea99191328f4_out-1200&#215;704.jpg&#8221; parallax=&#8221;on&#8221; positioning=&#8221;none&#8221; custom_margin=&#8221;-16vh||||false|false&#8221; custom_margin_tablet=&#8221;-16vh||||false|false&#8221; custom_margin_phone=&#8221;-80px||||false|false&#8221; custom_margin_last_edited=&#8221;on|phone&#8221; custom_padding=&#8221;25vh||7vh||false|false&#8221; custom_padding_tablet=&#8221;22vh||5vh||false|false&#8221; custom_padding_phone=&#8221;93px||3vh||false|false&#8221; locked=&#8221;off&#8221; global_colors_info=&#8221;{}&#8221;][et_pb_row _builder_version=&#8221;4.19.5&#8243; global_colors_info=&#8221;{}&#8221;][et_pb_column type=&#8221;4_4&#8243; _builder_version=&#8221;4.16&#8243; global_colors_info=&#8221;{}&#8221;][et_pb_text _builder_version=&#8221;4.22.2&#8243; custom_margin=&#8221;||12px|||&#8221; header_text_shadow_style=&#8221;preset3&#8243; global_colors_info=&#8221;{%22gcid-43508936-0565-4258-b9b9-165d4cc484fd%22:%91%22icon_color%22%93,%22gcid-fd99c094-06ab-4dac-b621-71dff9d481ed%22:%91%22header_text_shadow_color%22%93}&#8221;]<\/p>\n<h1>Asiakkaita<\/h1>\n<p>[\/et_pb_text][\/et_pb_column][\/et_pb_row][\/et_pb_section][et_pb_section fb_built=&#8221;1&#8243; custom_padding_last_edited=&#8221;on|phone&#8221; admin_label=&#8221;Missio Valkea osio&#8221; _builder_version=&#8221;4.22.1&#8243; background_color=&#8221;#FFFFFF&#8221; use_background_color_gradient=&#8221;on&#8221; background_color_gradient_direction=&#8221;90deg&#8221; background_color_gradient_stops=&#8221;#ffffff 50%|gcid-fd99c094-06ab-4dac-b621-71dff9d481ed 50%&#8221; custom_padding=&#8221;7vh||7vh||true|false&#8221; custom_padding_tablet=&#8221;0vh||0vh||true|false&#8221; custom_padding_phone=&#8221;0vh||0vh||true|false&#8221; background_last_edited=&#8221;on|tablet&#8221; use_background_color_gradient_tablet=&#8221;off&#8221; global_colors_info=&#8221;{%22gcid-380367c4-e52b-4a17-8ea3-c4252c20ac67%22:%91%22background_color_gradient_stops%22,%22background_color%22,%22background_color_gradient_stops%22%93,%22gcid-fd99c094-06ab-4dac-b621-71dff9d481ed%22:%91%22background_color_gradient_stops%22,%22background_color_gradient_stops%22%93}&#8221;][et_pb_row column_structure=&#8221;1_2,1_2&#8243; custom_padding_last_edited=&#8221;on|tablet&#8221; _builder_version=&#8221;4.22.1&#8243; custom_margin=&#8221;||||false|false&#8221; custom_padding=&#8221;||||false|false&#8221; custom_padding_tablet=&#8221;||0px||false|false&#8221; custom_padding_phone=&#8221;||0px||false|false&#8221; global_colors_info=&#8221;{}&#8221;][et_pb_column type=&#8221;1_2&#8243; _builder_version=&#8221;4.22.1&#8243; custom_padding_tablet=&#8221;10px||10px||true|false&#8221; custom_padding_phone=&#8221;10px||10px||true|false&#8221; custom_padding_last_edited=&#8221;on|tablet&#8221; global_colors_info=&#8221;{}&#8221;][et_pb_blurb title=&#8221;Maatalous&#8221; use_icon=&#8221;on&#8221; font_icon=&#8221;&#xf722;||fa||900&#8243; icon_color=&#8221;gcid-43508936-0565-4258-b9b9-165d4cc484fd&#8221; icon_placement=&#8221;left&#8221; image_icon_width=&#8221;54px&#8221; content_max_width=&#8221;100%&#8221; _builder_version=&#8221;4.22.2&#8243; _module_preset=&#8221;default&#8221; header_level=&#8221;h2&#8243; header_font=&#8221;|800|||||||&#8221; header_text_color=&#8221;gcid-43508936-0565-4258-b9b9-165d4cc484fd&#8221; global_colors_info=&#8221;{%22gcid-43508936-0565-4258-b9b9-165d4cc484fd%22:%91%22icon_color%22,%22header_text_color%22%93}&#8221; header_2_font_size_last_edited=&#8221;on|phone&#8221;]<\/p>\n<p>Maanviljelyn ja kasvihuoneviljelyn perustana toimivat vesi ja lannoitteet. Maatalous ja sen kasteluj\u00e4rjestelm\u00e4t puolestaan tarvitsevat pumppuja ja kasvihuoneet valaistusta ja l\u00e4mmityst\u00e4. N\u00e4m\u00e4, kuten suuri osa muustakin viljelyss\u00e4 tarvittavasta kalustosta, kuluttavat s\u00e4hk\u00f6\u00e4. Ongelmaksi voikin muodostua sek\u00e4 s\u00e4hk\u00f6n ett\u00e4 erityisesti lannoitteiden hinnat. T\u00e4m\u00e4n bioj\u00e4tteen kuljettamisesta kaatopaikoille aiheutuu kalliita kuljetus- ja porttimaksuja. Haasteena voi olla my\u00f6s tilan puute bioj\u00e4tteelle.<\/p>\n<p>[\/et_pb_blurb][et_pb_button button_url=&#8221;@ET-DC@eyJkeW5hbWljIjp0cnVlLCJjb250ZW50IjoicG9zdF9saW5rX3VybF9wYWdlIiwic2V0dGluZ3MiOnsicG9zdF9pZCI6Ijk0NCJ9fQ==@&#8221; button_text=&#8221;Maatalouksille&#8221; button_alignment=&#8221;left&#8221; button_alignment_tablet=&#8221;center&#8221; button_alignment_phone=&#8221;center&#8221; button_alignment_last_edited=&#8221;off|tablet&#8221; _builder_version=&#8221;4.22.2&#8243; _dynamic_attributes=&#8221;button_url&#8221; custom_margin=&#8221;0px|||76px|false|false&#8221; custom_margin_tablet=&#8221;||||false|false&#8221; custom_margin_phone=&#8221;||||false|false&#8221; custom_margin_last_edited=&#8221;on|phone&#8221; custom_padding=&#8221;||||false|false&#8221; global_colors_info=&#8221;{}&#8221;][\/et_pb_button][\/et_pb_column][et_pb_column type=&#8221;1_2&#8243; _builder_version=&#8221;4.16&#8243; custom_padding_tablet=&#8221;10px||10px||true|false&#8221; custom_padding_phone=&#8221;10px||10px||true|false&#8221; custom_padding_last_edited=&#8221;on|tablet&#8221; global_colors_info=&#8221;{}&#8221;][et_pb_blurb title=&#8221;Karjanhoito&#8221; use_icon=&#8221;on&#8221; font_icon=&#8221;&#xf494;||fa||900&#8243; icon_color=&#8221;gcid-43508936-0565-4258-b9b9-165d4cc484fd&#8221; icon_placement=&#8221;left&#8221; image_icon_width=&#8221;54px&#8221; content_max_width=&#8221;100%&#8221; _builder_version=&#8221;4.22.2&#8243; _module_preset=&#8221;default&#8221; header_level=&#8221;h2&#8243; header_font=&#8221;|800|||||||&#8221; header_text_color=&#8221;gcid-43508936-0565-4258-b9b9-165d4cc484fd&#8221; body_text_color=&#8221;#FFFFFF&#8221; body_text_color_tablet=&#8221;gcid-fd99c094-06ab-4dac-b621-71dff9d481ed&#8221; body_text_color_phone=&#8221;gcid-fd99c094-06ab-4dac-b621-71dff9d481ed&#8221; body_text_color_last_edited=&#8221;on|tablet&#8221; global_colors_info=&#8221;{%22gcid-43508936-0565-4258-b9b9-165d4cc484fd%22:%91%22icon_color%22,%22header_text_color%22%93,%22gcid-fd99c094-06ab-4dac-b621-71dff9d481ed%22:%91%22body_text_color_tablet%22%93}&#8221; header_2_font_size_last_edited=&#8221;on|phone&#8221;]<\/p>\n<p>Karjanhoito ja sen lannan ongelmana on usein sen haju ja jatkok\u00e4sittely kustannustehokkaasti. Lannan levitt\u00e4minen sellaisenaan ei my\u00f6sk\u00e4\u00e4n ole ilmastonmuutoksen n\u00e4k\u00f6kulmasta kannattavaa. Kuljetuskustannukset ja porttimaksut syntyv\u00e4t, kun sit\u00e4 kuljetetaan kaatopaikalle. Lis\u00e4ksi karjanhoito ja siit\u00e4 aiheutuvat bioj\u00e4tel\u00e4hteet voivat sis\u00e4lt\u00e4\u00e4 ylij\u00e4\u00e4m\u00e4\u00e4 rehua ja nurmis\u00e4il\u00f6rehua. On t\u00e4rke\u00e4\u00e4 ottaa huomioon my\u00f6s ymp\u00e4rist\u00f6s\u00e4\u00e4nn\u00f6kset ja ekotrendit toiminnassa.<\/p>\n<p>[\/et_pb_blurb][et_pb_button button_url=&#8221;@ET-DC@eyJkeW5hbWljIjp0cnVlLCJjb250ZW50IjoicG9zdF9saW5rX3VybF9wYWdlIiwic2V0dGluZ3MiOnsicG9zdF9pZCI6Ijk0NiJ9fQ==@&#8221; button_text=&#8221;Karjatiloille&#8221; button_alignment=&#8221;left&#8221; button_alignment_tablet=&#8221;center&#8221; button_alignment_phone=&#8221;center&#8221; button_alignment_last_edited=&#8221;off|tablet&#8221; _builder_version=&#8221;4.22.2&#8243; _dynamic_attributes=&#8221;button_url&#8221; custom_margin=&#8221;0px|||76px|false|false&#8221; custom_margin_tablet=&#8221;||||false|false&#8221; custom_margin_phone=&#8221;||||false|false&#8221; custom_margin_last_edited=&#8221;on|phone&#8221; custom_padding=&#8221;||||false|false&#8221; global_colors_info=&#8221;{}&#8221;][\/et_pb_button][\/et_pb_column][\/et_pb_row][\/et_pb_section][et_pb_section fb_built=&#8221;1&#8243; custom_padding_last_edited=&#8221;on|phone&#8221; admin_label=&#8221;Missio Valkea osio&#8221; _builder_version=&#8221;4.22.1&#8243; background_color=&#8221;#FFFFFF&#8221; use_background_color_gradient=&#8221;on&#8221; background_color_gradient_direction=&#8221;270deg&#8221; background_color_gradient_stops=&#8221;#ffffff 50%|gcid-fd99c094-06ab-4dac-b621-71dff9d481ed 50%&#8221; custom_padding=&#8221;7vh||7vh||true|false&#8221; custom_padding_tablet=&#8221;0vh||0vh||true|false&#8221; custom_padding_phone=&#8221;0vh||0vh||true|false&#8221; background_last_edited=&#8221;on|tablet&#8221; use_background_color_gradient_tablet=&#8221;off&#8221; global_colors_info=&#8221;{%22gcid-380367c4-e52b-4a17-8ea3-c4252c20ac67%22:%91%22background_color_gradient_stops%22,%22background_color%22%93,%22gcid-fd99c094-06ab-4dac-b621-71dff9d481ed%22:%91%22background_color_gradient_stops%22%93}&#8221;][et_pb_row column_structure=&#8221;1_2,1_2&#8243; custom_padding_last_edited=&#8221;on|tablet&#8221; _builder_version=&#8221;4.22.1&#8243; custom_padding=&#8221;||||false|false&#8221; custom_padding_tablet=&#8221;||0px||false|false&#8221; custom_padding_phone=&#8221;||0px||false|false&#8221; global_colors_info=&#8221;{}&#8221;][et_pb_column type=&#8221;1_2&#8243; _builder_version=&#8221;4.16&#8243; custom_padding_tablet=&#8221;10px||10px||true|false&#8221; custom_padding_phone=&#8221;10px||10px||true|false&#8221; custom_padding_last_edited=&#8221;on|tablet&#8221; global_colors_info=&#8221;{}&#8221;][et_pb_blurb title=&#8221;Elintarvike- ja juomateollisuus&#8221; use_icon=&#8221;on&#8221; font_icon=&#8221;&#xf805;||fa||900&#8243; icon_color=&#8221;gcid-43508936-0565-4258-b9b9-165d4cc484fd&#8221; icon_placement=&#8221;left&#8221; image_icon_width=&#8221;54px&#8221; content_max_width=&#8221;100%&#8221; _builder_version=&#8221;4.22.2&#8243; _module_preset=&#8221;default&#8221; header_level=&#8221;h2&#8243; header_font=&#8221;|800|||||||&#8221; header_text_color=&#8221;gcid-43508936-0565-4258-b9b9-165d4cc484fd&#8221; body_text_color=&#8221;#FFFFFF&#8221; body_text_color_tablet=&#8221;gcid-fd99c094-06ab-4dac-b621-71dff9d481ed&#8221; body_text_color_phone=&#8221;gcid-fd99c094-06ab-4dac-b621-71dff9d481ed&#8221; body_text_color_last_edited=&#8221;on|tablet&#8221; global_colors_info=&#8221;{%22gcid-43508936-0565-4258-b9b9-165d4cc484fd%22:%91%22icon_color%22,%22header_text_color%22,%22icon_color%22,%22header_text_color%22%93,%22gcid-fd99c094-06ab-4dac-b621-71dff9d481ed%22:%91%22body_text_color_tablet%22%93}&#8221; header_2_font_size_last_edited=&#8221;on|phone&#8221;]<\/p>\n<p>Elintarvike- ja juomateollisuus sis\u00e4lt\u00e4\u00e4 muutamia haasteita bioj\u00e4tteen hy\u00f6tyk\u00e4ytt\u00f6\u00f6n ja jatkojalostukseen liittyen. Haasteena on bioj\u00e4tteen kuljetus- ja porttimaksut sek\u00e4 energiamaksut. My\u00f6s tilan puute bioj\u00e4tteelle ja hajulle saattaa olla haaste.<\/p>\n<p>[\/et_pb_blurb][et_pb_button button_url=&#8221;@ET-DC@eyJkeW5hbWljIjp0cnVlLCJjb250ZW50IjoicG9zdF9saW5rX3VybF9wYWdlIiwic2V0dGluZ3MiOnsicG9zdF9pZCI6Ijk0OCJ9fQ==@&#8221; button_text=&#8221;Teollisuudelle&#8221; button_alignment=&#8221;left&#8221; button_text_tablet=&#8221;Food &#038; Beverage Applications&#8221; button_text_phone=&#8221;Food Applications&#8221; button_text_last_edited=&#8221;off|tablet&#8221; button_alignment_tablet=&#8221;center&#8221; button_alignment_phone=&#8221;center&#8221; button_alignment_last_edited=&#8221;off|tablet&#8221; _builder_version=&#8221;4.22.2&#8243; _dynamic_attributes=&#8221;button_url&#8221; custom_margin=&#8221;0px|||76px|false|false&#8221; custom_margin_tablet=&#8221;||||false|false&#8221; custom_margin_phone=&#8221;||||false|false&#8221; custom_margin_last_edited=&#8221;on|phone&#8221; custom_padding=&#8221;||||false|false&#8221; global_colors_info=&#8221;{}&#8221;][\/et_pb_button][\/et_pb_column][et_pb_column type=&#8221;1_2&#8243; _builder_version=&#8221;4.16&#8243; custom_padding_tablet=&#8221;10px||10px||true|false&#8221; custom_padding_phone=&#8221;10px||10px||true|false&#8221; custom_padding_last_edited=&#8221;on|tablet&#8221; global_colors_info=&#8221;{}&#8221;][et_pb_blurb title=&#8221;Kalataloudet&#8221; use_icon=&#8221;on&#8221; font_icon=&#8221;&#xf578;||fa||900&#8243; icon_color=&#8221;gcid-43508936-0565-4258-b9b9-165d4cc484fd&#8221; icon_placement=&#8221;left&#8221; image_icon_width=&#8221;54px&#8221; content_max_width=&#8221;100%&#8221; _builder_version=&#8221;4.22.2&#8243; _module_preset=&#8221;default&#8221; header_level=&#8221;h2&#8243; header_font=&#8221;|800|||||||&#8221; header_text_color=&#8221;gcid-43508936-0565-4258-b9b9-165d4cc484fd&#8221; custom_padding=&#8221;||||false|false&#8221; custom_padding_tablet=&#8221;||||false|false&#8221; custom_padding_phone=&#8221;||0px||false|false&#8221; custom_padding_last_edited=&#8221;on|tablet&#8221; global_colors_info=&#8221;{%22gcid-43508936-0565-4258-b9b9-165d4cc484fd%22:%91%22icon_color%22,%22header_text_color%22%93}&#8221; header_2_font_size_last_edited=&#8221;on|phone&#8221;]<\/p>\n<p>Kalatalouksilla on haasteena k\u00e4sitell\u00e4 bioj\u00e4tteet kustannustehokkaasti. Kala ja merenel\u00e4vien bioj\u00e4tteess\u00e4 on my\u00f6s hajuhaittoja. Kalataloudet ja niiden haasteena on kuljetus- ja porttimaksut, kun bioj\u00e4tett\u00e4 vied\u00e4\u00e4n kaatopaikoille. My\u00f6s energianhinta on usein haasteena. Bioj\u00e4tteen varastointitilan puute voi olla my\u00f6s haasteena.<\/p>\n<p>[\/et_pb_blurb][et_pb_button button_url=&#8221;@ET-DC@eyJkeW5hbWljIjp0cnVlLCJjb250ZW50IjoicG9zdF9saW5rX3VybF9wYWdlIiwic2V0dGluZ3MiOnsicG9zdF9pZCI6Ijk1MCJ9fQ==@&#8221; button_text=&#8221;Kalatalouksille&#8221; button_alignment=&#8221;left&#8221; button_alignment_tablet=&#8221;center&#8221; button_alignment_phone=&#8221;center&#8221; button_alignment_last_edited=&#8221;off|tablet&#8221; _builder_version=&#8221;4.22.2&#8243; _dynamic_attributes=&#8221;button_url&#8221; custom_margin=&#8221;0px|||76px|false|false&#8221; custom_margin_tablet=&#8221;||||false|false&#8221; custom_margin_phone=&#8221;||||false|false&#8221; custom_margin_last_edited=&#8221;on|phone&#8221; custom_padding=&#8221;||||false|false&#8221; global_colors_info=&#8221;{}&#8221;][\/et_pb_button][\/et_pb_column][\/et_pb_row][\/et_pb_section][et_pb_section fb_built=&#8221;1&#8243; custom_padding_last_edited=&#8221;on|phone&#8221; admin_label=&#8221;Missio Valkea osio&#8221; _builder_version=&#8221;4.22.1&#8243; background_color=&#8221;#FFFFFF&#8221; use_background_color_gradient=&#8221;on&#8221; background_color_gradient_direction=&#8221;90deg&#8221; background_color_gradient_stops=&#8221;#ffffff 50%|gcid-fd99c094-06ab-4dac-b621-71dff9d481ed 50%&#8221; custom_padding=&#8221;7vh||7vh||true|false&#8221; custom_padding_tablet=&#8221;0vh||5vh||false|false&#8221; custom_padding_phone=&#8221;0vh||5vh||false|false&#8221; background_last_edited=&#8221;on|tablet&#8221; use_background_color_gradient_tablet=&#8221;off&#8221; global_colors_info=&#8221;{%22gcid-380367c4-e52b-4a17-8ea3-c4252c20ac67%22:%91%22background_color_gradient_stops%22,%22background_color%22,%22background_color_gradient_stops%22%93,%22gcid-fd99c094-06ab-4dac-b621-71dff9d481ed%22:%91%22background_color_gradient_stops%22,%22background_color_gradient_stops%22%93}&#8221;][et_pb_row column_structure=&#8221;1_2,1_2&#8243; custom_padding_last_edited=&#8221;on|tablet&#8221; _builder_version=&#8221;4.22.1&#8243; custom_padding=&#8221;||||false|false&#8221; custom_padding_tablet=&#8221;||0px||false|false&#8221; custom_padding_phone=&#8221;||0px||false|false&#8221; global_colors_info=&#8221;{}&#8221;][et_pb_column type=&#8221;1_2&#8243; _builder_version=&#8221;4.16&#8243; custom_padding_tablet=&#8221;10px||10px||true|false&#8221; custom_padding_phone=&#8221;10px||10px||true|false&#8221; custom_padding_last_edited=&#8221;on|tablet&#8221; global_colors_info=&#8221;{}&#8221;][et_pb_blurb title=&#8221;Vesihuolto&#8221; use_icon=&#8221;on&#8221; font_icon=&#8221;&#xf773;||fa||900&#8243; icon_color=&#8221;gcid-43508936-0565-4258-b9b9-165d4cc484fd&#8221; icon_placement=&#8221;left&#8221; image_icon_width=&#8221;54px&#8221; content_max_width=&#8221;100%&#8221; _builder_version=&#8221;4.22.2&#8243; _module_preset=&#8221;default&#8221; header_level=&#8221;h2&#8243; header_font=&#8221;|800|||||||&#8221; header_text_color=&#8221;gcid-43508936-0565-4258-b9b9-165d4cc484fd&#8221; hover_enabled=&#8221;0&#8243; global_colors_info=&#8221;{%22gcid-43508936-0565-4258-b9b9-165d4cc484fd%22:%91%22icon_color%22,%22header_text_color%22%93}&#8221; header_2_font_size_last_edited=&#8221;on|phone&#8221; sticky_enabled=&#8221;0&#8243;]<\/p>\n<p>FimusKraftin biokaasulaitosta voidaan k\u00e4ytt\u00e4\u00e4 my\u00f6s j\u00e4tevedenpuhdistamoissa. J\u00e4tevedenpuhdistamot ja niiden haasteena saattaa olla energian hinnan nousu. J\u00e4tevedenpuhdistamoiden j\u00e4tevesiliete sis\u00e4lt\u00e4\u00e4 mm. k\u00e4ym\u00e4l\u00e4j\u00e4tteit\u00e4 ja muuta orgaanista j\u00e4tett\u00e4 ja biohajoavaa j\u00e4tett\u00e4. FKBP-j\u00e4rjestelm\u00e4 muuttaa t\u00e4m\u00e4n bioj\u00e4tteen bioenergiaksi edistyneell\u00e4 k\u00e4ymisprosessilla. Lis\u00e4ksi on t\u00e4rke\u00e4\u00e4 ottaa huomioon ymp\u00e4rist\u00f6m\u00e4\u00e4r\u00e4ykset ja ekotrendit.<\/p>\n<p>[\/et_pb_blurb][et_pb_button button_url=&#8221;@ET-DC@eyJkeW5hbWljIjp0cnVlLCJjb250ZW50IjoicG9zdF9saW5rX3VybF9wYWdlIiwic2V0dGluZ3MiOnsicG9zdF9pZCI6Ijk1NSJ9fQ==@&#8221; button_text=&#8221;Vedenpuhdistamoille&#8221; button_alignment=&#8221;left&#8221; button_text_tablet=&#8221;Wastewater Applications&#8221; button_text_phone=&#8221;Wastewater Applications&#8221; button_text_last_edited=&#8221;off|desktop&#8221; button_alignment_tablet=&#8221;center&#8221; button_alignment_phone=&#8221;center&#8221; button_alignment_last_edited=&#8221;off|tablet&#8221; _builder_version=&#8221;4.22.2&#8243; _dynamic_attributes=&#8221;button_url&#8221; custom_margin=&#8221;0px|||76px|false|false&#8221; custom_margin_tablet=&#8221;||||false|false&#8221; custom_margin_phone=&#8221;||||false|false&#8221; custom_margin_last_edited=&#8221;on|phone&#8221; custom_padding=&#8221;||||false|false&#8221; global_colors_info=&#8221;{}&#8221;][\/et_pb_button][\/et_pb_column][et_pb_column type=&#8221;1_2&#8243; _builder_version=&#8221;4.16&#8243; custom_padding_tablet=&#8221;10px||10px||true|false&#8221; custom_padding_phone=&#8221;10px||10px||true|false&#8221; custom_padding_last_edited=&#8221;on|tablet&#8221; global_colors_info=&#8221;{}&#8221;][et_pb_blurb title=&#8221;Muut biomassan tuottajat&#8221; use_icon=&#8221;on&#8221; font_icon=&#8221;&#xf1b8;||fa||900&#8243; icon_color=&#8221;gcid-43508936-0565-4258-b9b9-165d4cc484fd&#8221; icon_placement=&#8221;left&#8221; image_icon_width=&#8221;54px&#8221; content_max_width=&#8221;100%&#8221; _builder_version=&#8221;4.22.2&#8243; _module_preset=&#8221;default&#8221; header_level=&#8221;h2&#8243; header_font=&#8221;|800|||||||&#8221; header_text_color=&#8221;gcid-43508936-0565-4258-b9b9-165d4cc484fd&#8221; body_text_color=&#8221;#FFFFFF&#8221; body_text_color_tablet=&#8221;gcid-fd99c094-06ab-4dac-b621-71dff9d481ed&#8221; body_text_color_phone=&#8221;gcid-fd99c094-06ab-4dac-b621-71dff9d481ed&#8221; body_text_color_last_edited=&#8221;on|tablet&#8221; global_colors_info=&#8221;{%22gcid-43508936-0565-4258-b9b9-165d4cc484fd%22:%91%22icon_color%22,%22header_text_color%22,%22icon_color%22,%22header_text_color%22%93,%22gcid-fd99c094-06ab-4dac-b621-71dff9d481ed%22:%91%22body_text_color_tablet%22%93}&#8221; header_2_font_size_last_edited=&#8221;on|phone&#8221;]<\/p>\n<p>Ravintolat, kotitaloudet ja ruokakaupat ja niiden toiminnassa on useita haasteita bioj\u00e4tteen k\u00e4sittelyss\u00e4. Nopeasti nouseva energian hinta on todellakin haaste. Bioj\u00e4te kuljetetaan usein kaatopaikoille ja jokaisella kaupalla, ravintolalla ja kotitaloudella on bioj\u00e4tteen kuljetus- ja porttimaksut. Bioj\u00e4tteen tilan puute voi olla haaste my\u00f6s kotitalouksille ja ruokakaupoille. My\u00f6s bioj\u00e4tteen haju voi olla haaste.<\/p>\n<p>[\/et_pb_blurb][et_pb_button button_url=&#8221;@ET-DC@eyJkeW5hbWljIjp0cnVlLCJjb250ZW50IjoicG9zdF9saW5rX3VybF9wYWdlIiwic2V0dGluZ3MiOnsicG9zdF9pZCI6IjExNTYifX0=@&#8221; button_text=&#8221;Tutustu ratkaisuun&#8221; button_alignment=&#8221;left&#8221; button_alignment_tablet=&#8221;center&#8221; button_alignment_phone=&#8221;center&#8221; button_alignment_last_edited=&#8221;off|tablet&#8221; _builder_version=&#8221;4.22.2&#8243; _dynamic_attributes=&#8221;button_url&#8221; custom_margin=&#8221;0px|||76px|false|false&#8221; custom_margin_tablet=&#8221;||||false|false&#8221; custom_margin_phone=&#8221;||||false|false&#8221; custom_margin_last_edited=&#8221;on|phone&#8221; custom_padding=&#8221;||||false|false&#8221; global_colors_info=&#8221;{}&#8221;][\/et_pb_button][\/et_pb_column][\/et_pb_row][\/et_pb_section]<\/p>\n","protected":false},"excerpt":{"rendered":"<p>AsiakkaitaMaanviljelyn ja kasvihuoneviljelyn perustana toimivat vesi ja lannoitteet. Maatalous ja sen kasteluj\u00e4rjestelm\u00e4t puolestaan tarvitsevat pumppuja ja kasvihuoneet valaistusta ja l\u00e4mmityst\u00e4. N\u00e4m\u00e4, kuten suuri osa muustakin viljelyss\u00e4 tarvittavasta kalustosta, kuluttavat s\u00e4hk\u00f6\u00e4. Ongelmaksi voikin muodostua sek\u00e4 s\u00e4hk\u00f6n ett\u00e4 erityisesti lannoitteiden hinnat. T\u00e4m\u00e4n bioj\u00e4tteen kuljettamisesta kaatopaikoille aiheutuu kalliita kuljetus- ja porttimaksuja. Haasteena voi olla my\u00f6s tilan puute bioj\u00e4tteelle.Karjanhoito [&hellip;]<\/p>\n","protected":false},"author":2,"featured_media":0,"parent":0,"menu_order":0,"comment_status":"closed","ping_status":"closed","template":"","meta":{"_et_pb_use_builder":"on","_et_pb_old_content":"","_et_gb_content_width":"","footnotes":""},"class_list":["post-2004","page","type-page","status-publish","hentry"],"_links":{"self":[{"href":"https:\/\/fimuskraft.com\/fi\/wp-json\/wp\/v2\/pages\/2004","targetHints":{"allow":["GET"]}}],"collection":[{"href":"https:\/\/fimuskraft.com\/fi\/wp-json\/wp\/v2\/pages"}],"about":[{"href":"https:\/\/fimuskraft.com\/fi\/wp-json\/wp\/v2\/types\/page"}],"author":[{"embeddable":true,"href":"https:\/\/fimuskraft.com\/fi\/wp-json\/wp\/v2\/users\/2"}],"replies":[{"embeddable":true,"href":"https:\/\/fimuskraft.com\/fi\/wp-json\/wp\/v2\/comments?post=2004"}],"version-history":[{"count":17,"href":"https:\/\/fimuskraft.com\/fi\/wp-json\/wp\/v2\/pages\/2004\/revisions"}],"predecessor-version":[{"id":2211,"href":"https:\/\/fimuskraft.com\/fi\/wp-json\/wp\/v2\/pages\/2004\/revisions\/2211"}],"wp:attachment":[{"href":"https:\/\/fimuskraft.com\/fi\/wp-json\/wp\/v2\/media?parent=2004"}],"curies":[{"name":"wp","href":"https:\/\/api.w.org\/{rel}","templated":true}]}}