{"id":2006,"date":"2023-09-05T21:29:51","date_gmt":"2023-09-05T19:29:51","guid":{"rendered":"https:\/\/fimuskraft.devnettisivu.net\/customers\/cultivation\/"},"modified":"2023-09-28T08:33:14","modified_gmt":"2023-09-28T06:33:14","slug":"maatalous","status":"publish","type":"page","link":"https:\/\/fimuskraft.com\/fi\/maatalous\/","title":{"rendered":"Maatalous"},"content":{"rendered":"<p>[et_pb_section fb_built=&#8221;1&#8243; custom_padding_last_edited=&#8221;on|phone&#8221; admin_label=&#8221;Missio Alasivun otsikko&#8221; _builder_version=&#8221;4.22.1&#8243; background_image=&#8221;https:\/\/fimuskraft.com\/wp-content\/uploads\/2023\/09\/b6b134b9-0591-4af5-9a4a-b3e5b43041c7_out-1152&#215;512.jpg&#8221; parallax=&#8221;on&#8221; positioning=&#8221;none&#8221; custom_margin=&#8221;-16vh||||false|false&#8221; custom_margin_tablet=&#8221;-16vh||||false|false&#8221; custom_margin_phone=&#8221;-80px||||false|false&#8221; custom_margin_last_edited=&#8221;on|phone&#8221; custom_padding=&#8221;25vh||7vh||false|false&#8221; custom_padding_tablet=&#8221;22vh||5vh||false|false&#8221; custom_padding_phone=&#8221;93px||3vh||false|false&#8221; locked=&#8221;off&#8221; global_colors_info=&#8221;{}&#8221;][et_pb_row _builder_version=&#8221;4.19.5&#8243; global_colors_info=&#8221;{}&#8221;][et_pb_column type=&#8221;4_4&#8243; _builder_version=&#8221;4.16&#8243; global_colors_info=&#8221;{}&#8221;][et_pb_text _builder_version=&#8221;4.22.2&#8243; custom_margin=&#8221;||12px|||&#8221; hover_enabled=&#8221;0&#8243; header_font_size_tablet=&#8221;&#8221; header_font_size_phone=&#8221;28px&#8221; header_font_size_last_edited=&#8221;on|phone&#8221; header_text_shadow_style=&#8221;preset3&#8243; global_colors_info=&#8221;{%22gcid-43508936-0565-4258-b9b9-165d4cc484fd%22:%91%22icon_color%22%93,%22gcid-fd99c094-06ab-4dac-b621-71dff9d481ed%22:%91%22header_text_shadow_color%22%93}&#8221; sticky_enabled=&#8221;0&#8243;]<\/p>\n<h1>Maatalous<\/h1>\n<p>[\/et_pb_text][\/et_pb_column][\/et_pb_row][\/et_pb_section][et_pb_section fb_built=&#8221;1&#8243; admin_label=&#8221;Missio 2 palstainen otsikko&#8221; _builder_version=&#8221;4.19.5&#8243; custom_padding=&#8221;0px||0px|||&#8221; global_colors_info=&#8221;{}&#8221;][et_pb_row column_structure=&#8221;1_2,1_2&#8243; use_custom_gutter=&#8221;on&#8221; gutter_width=&#8221;1&#8243; make_equal=&#8221;on&#8221; _builder_version=&#8221;4.22.1&#8243; width=&#8221;100%&#8221; max_width=&#8221;2560px&#8221; custom_padding=&#8221;7vh||9vh||false|true&#8221; global_colors_info=&#8221;{}&#8221;][et_pb_column type=&#8221;1_2&#8243; _builder_version=&#8221;4.22.1&#8243; custom_padding=&#8221;0px|5%|0px|5%|true|true&#8221; global_colors_info=&#8221;{}&#8221;][et_pb_text _builder_version=&#8221;4.22.2&#8243; header_2_text_align=&#8221;left&#8221; header_2_text_color=&#8221;gcid-43508936-0565-4258-b9b9-165d4cc484fd&#8221; custom_margin=&#8221;||3px|||&#8221; hover_enabled=&#8221;0&#8243; global_colors_info=&#8221;{%22gcid-43508936-0565-4258-b9b9-165d4cc484fd%22:%91%22header_2_text_color%22,%22header_2_text_color%22%93}&#8221; sticky_enabled=&#8221;0&#8243;]<\/p>\n<h2>Haasteet<\/h2>\n<p>[\/et_pb_text][et_pb_text _builder_version=&#8221;4.22.2&#8243; custom_padding=&#8221;||35px|||&#8221; hover_enabled=&#8221;0&#8243; global_colors_info=&#8221;{}&#8221; sticky_enabled=&#8221;0&#8243;]<\/p>\n<p>Maanviljelyn ja kasvihuoneviljelyn perustana toimivat vesi ja lannoitteet. Maatalous ja sen kasteluj\u00e4rjestelm\u00e4t puolestaan tarvitsevat pumppuja ja kasvihuoneet valaistusta ja l\u00e4mmityst\u00e4. N\u00e4m\u00e4, kuten suuri osa muustakin viljelyss\u00e4 tarvittavasta kalustosta, kuluttavat s\u00e4hk\u00f6\u00e4. Ongelmaksi voikin muodostua sek\u00e4 s\u00e4hk\u00f6n ett\u00e4 erityisesti lannoitteiden hinnat. T\u00e4m\u00e4n bioj\u00e4tteen kuljettamisesta kaatopaikoille aiheutuu kalliita kuljetus- ja porttimaksuja. Haasteena voi olla my\u00f6s tilan puute bioj\u00e4tteelle.<\/p>\n<p>[\/et_pb_text][et_pb_text _builder_version=&#8221;4.22.2&#8243; header_2_text_align=&#8221;left&#8221; header_2_text_color=&#8221;gcid-43508936-0565-4258-b9b9-165d4cc484fd&#8221; custom_margin=&#8221;||3px|||&#8221; hover_enabled=&#8221;0&#8243; global_colors_info=&#8221;{%22gcid-43508936-0565-4258-b9b9-165d4cc484fd%22:%91%22header_2_text_color%22%93}&#8221; sticky_enabled=&#8221;0&#8243;]<\/p>\n<h2>Biomassa<\/h2>\n<p>[\/et_pb_text][et_pb_text _builder_version=&#8221;4.22.2&#8243; custom_padding=&#8221;||35px|||&#8221; hover_enabled=&#8221;0&#8243; global_colors_info=&#8221;{}&#8221; sticky_enabled=&#8221;0&#8243;]<\/p>\n<p>Kasvin- ja maanviljelyn biomassa on usein viljaa, vihanneksia ja hedelmi\u00e4. Samaan aikaan viljelt\u00e4ess\u00e4 muodostuu suuria m\u00e4\u00e4ri\u00e4 maatalous bioj\u00e4tett\u00e4 kuten pilaantuneita kasveja ja k\u00e4ytt\u00e4m\u00e4tt\u00f6mi\u00e4 kasvinosia. N\u00e4iden biomassan l\u00e4hteet aiheuttavat erilaisia kustannuksia.<\/p>\n<p>[\/et_pb_text][et_pb_text _builder_version=&#8221;4.22.2&#8243; header_2_text_align=&#8221;left&#8221; header_2_text_color=&#8221;gcid-43508936-0565-4258-b9b9-165d4cc484fd&#8221; custom_margin=&#8221;||3px|||&#8221; hover_enabled=&#8221;0&#8243; global_colors_info=&#8221;{%22gcid-43508936-0565-4258-b9b9-165d4cc484fd%22:%91%22header_2_text_color%22,%22header_2_text_color%22%93}&#8221; sticky_enabled=&#8221;0&#8243;]<\/p>\n<h2 class=\"wp-block-heading\">Mit\u00e4 FimusKraftin bioenergialaitos (FKBP) voi tarjota sinulle?<\/h2>\n<p>[\/et_pb_text][et_pb_text _builder_version=&#8221;4.22.2&#8243; custom_padding=&#8221;||35px|||&#8221; hover_enabled=&#8221;0&#8243; global_colors_info=&#8221;{}&#8221; sticky_enabled=&#8221;0&#8243;]<\/p>\n<p>FimusKraftin Biokaasulaitos tarjoaa viljelij\u00f6ille useita erilaisia hy\u00f6tyj\u00e4 ja ratkaisuja. Biokaasulaitoksen jokainen moduuli tuottaa v\u00e4hint\u00e4\u00e4 30 kW s\u00e4hk\u00f6\u00e4. T\u00e4m\u00e4 s\u00e4hk\u00f6 voidaan k\u00e4ytt\u00e4\u00e4 lokaalisti tilan omiin tarpeisiin valaistuksesta erilaisten laitteiden lataamiseen. S\u00e4hk\u00f6n lis\u00e4ksi noin \u2154 -osaa tuotetusta energiasta on l\u00e4mp\u00f6\u00e4 eli t\u00e4ss\u00e4 tapauksessa 60 kW. Syntyv\u00e4\u00e4 l\u00e4mp\u00f6\u00e4 voidaan hy\u00f6dynt\u00e4\u00e4 kasvihuoneiden ja muiden rakennusten l\u00e4mmitt\u00e4misess\u00e4.<\/p>\n<p>Fermentaatioprosessin aikana bioj\u00e4tteest\u00e4 tuotetaan ravinnerikasta biolannoitetta. T\u00e4m\u00e4n lietteen jatkok\u00e4sittely fermentaatioprosessin j\u00e4lkeen tuottaa korkeatasoista biolannoitetta sek\u00e4 nestem\u00e4isess\u00e4 ett\u00e4 kiinte\u00e4ss\u00e4 muodossa. Biolannoitetta voi k\u00e4ytt\u00e4\u00e4 ruuantuotannossa, rehun viljelyss\u00e4 tai viljan ja kasvien tuotannossa.<\/p>\n<figure class=\"wp-block-image size-large is-resized\"><\/figure>\n<p>[\/et_pb_text][\/et_pb_column][et_pb_column type=&#8221;1_2&#8243; _builder_version=&#8221;4.19.5&#8243; custom_padding=&#8221;0px|5%|0px|5%|true|true&#8221; global_colors_info=&#8221;{}&#8221;][et_pb_text _builder_version=&#8221;4.22.2&#8243; header_2_text_align=&#8221;left&#8221; header_2_text_color=&#8221;gcid-43508936-0565-4258-b9b9-165d4cc484fd&#8221; custom_margin=&#8221;||3px|||&#8221; hover_enabled=&#8221;0&#8243; global_colors_info=&#8221;{%22gcid-43508936-0565-4258-b9b9-165d4cc484fd%22:%91%22header_2_text_color%22,%22header_2_text_color%22%93}&#8221; sticky_enabled=&#8221;0&#8243;]<\/p>\n<h2 class=\"wp-block-heading\">Hy\u00f6dynn\u00e4 biomassa tehokkaasti<\/h2>\n<p>[\/et_pb_text][et_pb_text _builder_version=&#8221;4.22.2&#8243; custom_padding=&#8221;||35px|||&#8221; hover_enabled=&#8221;0&#8243; global_colors_info=&#8221;{}&#8221; sticky_enabled=&#8221;0&#8243;]<\/p>\n<div class=\"wp-block-media-text alignwide is-stacked-on-mobile is-vertically-aligned-top\">\n<div class=\"wp-block-media-text__content\">\n<p>FKBP:n teknologian avulla tietynlaisesta bioj\u00e4tteest\u00e4 saadaan talteen my\u00f6s erilaisia arvokkaita raaka-aineita l\u00e4\u00e4ke-, kemikaali-, elintarvike- ja juomateollisuuteen. N\u00e4iden sivutuotteiden myynti tuo lis\u00e4tuloja nostaen viljelyn kannattavuutta.<\/p>\n<p>FKBP:n avulla k\u00e4sittelet bioj\u00e4tteet paikallisesti ja v\u00e4ltyt maksamasta mahdollisia porttimaksuja, koska sinun ei tarvitse kuljettaa bioj\u00e4tel\u00e4hteit\u00e4 minnek\u00e4\u00e4n. Se on my\u00f6s ymp\u00e4rist\u00f6yst\u00e4v\u00e4llinen tekniikka bioj\u00e4tteen k\u00e4sittelyyn. Kasvihuoneissa voit lis\u00e4t\u00e4 vihannesten tuotantoa. FKBP tarjoaa kompaktin modulaarisen rakenteen ja tekee asennuksesta helppoa ja mahdollistaa skaalauksen. J\u00e4rjestelm\u00e4 vaatii vain v\u00e4h\u00e4n investointeja ja sen takaisinmaksuaika on lyhyt.<\/p>\n<p>T\u00e4m\u00e4 prosessi v\u00e4hent\u00e4\u00e4 my\u00f6s hiilijalanj\u00e4lke\u00e4 ja kasvihuonekaasup\u00e4\u00e4st\u00f6j\u00e4 maatalousprosesseissa. Kaiken kaikkiaan FKBP-j\u00e4rjestelm\u00e4 on ymp\u00e4rist\u00f6yst\u00e4v\u00e4llinen tapa k\u00e4sitell\u00e4 j\u00e4tett\u00e4.<\/p>\n<\/div>\n<\/div>\n<p>[\/et_pb_text][et_pb_image src=&#8221;https:\/\/fimuskraft.com\/wp-content\/uploads\/2023\/09\/Taulukko-biomassan-lahteet.png.webp&#8221; title_text=&#8221;Taulukko-biomassan-lahteet.png&#8221; _builder_version=&#8221;4.22.2&#8243; _module_preset=&#8221;default&#8221; custom_padding=&#8221;||40px|||&#8221; hover_enabled=&#8221;0&#8243; global_colors_info=&#8221;{}&#8221; sticky_enabled=&#8221;0&#8243;][\/et_pb_image][et_pb_button button_url=&#8221;@ET-DC@eyJkeW5hbWljIjp0cnVlLCJjb250ZW50IjoicG9zdF9saW5rX3VybF9wYWdlIiwic2V0dGluZ3MiOnsicG9zdF9pZCI6IjI5NCJ9fQ==@&#8221; button_text=&#8221;Ota yhteytt\u00e4!&#8221; button_alignment=&#8221;center&#8221; _builder_version=&#8221;4.22.2&#8243; _dynamic_attributes=&#8221;button_url&#8221; _module_preset=&#8221;default&#8221; hover_enabled=&#8221;0&#8243; global_colors_info=&#8221;{}&#8221; sticky_enabled=&#8221;0&#8243;][\/et_pb_button][\/et_pb_column][\/et_pb_row][\/et_pb_section]<\/p>\n","protected":false},"excerpt":{"rendered":"<p>MaatalousHaasteetMaanviljelyn ja kasvihuoneviljelyn perustana toimivat vesi ja lannoitteet. Maatalous ja sen kasteluj\u00e4rjestelm\u00e4t puolestaan tarvitsevat pumppuja ja kasvihuoneet valaistusta ja l\u00e4mmityst\u00e4. N\u00e4m\u00e4, kuten suuri osa muustakin viljelyss\u00e4 tarvittavasta kalustosta, kuluttavat s\u00e4hk\u00f6\u00e4. Ongelmaksi voikin muodostua sek\u00e4 s\u00e4hk\u00f6n ett\u00e4 erityisesti lannoitteiden hinnat. T\u00e4m\u00e4n bioj\u00e4tteen kuljettamisesta kaatopaikoille aiheutuu kalliita kuljetus- ja porttimaksuja. Haasteena voi olla my\u00f6s tilan puute bioj\u00e4tteelle.BiomassaKasvin- [&hellip;]<\/p>\n","protected":false},"author":2,"featured_media":0,"parent":0,"menu_order":0,"comment_status":"closed","ping_status":"closed","template":"","meta":{"_et_pb_use_builder":"on","_et_pb_old_content":"","_et_gb_content_width":"","footnotes":""},"class_list":["post-2006","page","type-page","status-publish","hentry"],"_links":{"self":[{"href":"https:\/\/fimuskraft.com\/fi\/wp-json\/wp\/v2\/pages\/2006","targetHints":{"allow":["GET"]}}],"collection":[{"href":"https:\/\/fimuskraft.com\/fi\/wp-json\/wp\/v2\/pages"}],"about":[{"href":"https:\/\/fimuskraft.com\/fi\/wp-json\/wp\/v2\/types\/page"}],"author":[{"embeddable":true,"href":"https:\/\/fimuskraft.com\/fi\/wp-json\/wp\/v2\/users\/2"}],"replies":[{"embeddable":true,"href":"https:\/\/fimuskraft.com\/fi\/wp-json\/wp\/v2\/comments?post=2006"}],"version-history":[{"count":3,"href":"https:\/\/fimuskraft.com\/fi\/wp-json\/wp\/v2\/pages\/2006\/revisions"}],"predecessor-version":[{"id":2165,"href":"https:\/\/fimuskraft.com\/fi\/wp-json\/wp\/v2\/pages\/2006\/revisions\/2165"}],"wp:attachment":[{"href":"https:\/\/fimuskraft.com\/fi\/wp-json\/wp\/v2\/media?parent=2006"}],"curies":[{"name":"wp","href":"https:\/\/api.w.org\/{rel}","templated":true}]}}