{"id":2010,"date":"2023-09-05T21:31:05","date_gmt":"2023-09-05T19:31:05","guid":{"rendered":"https:\/\/fimuskraft.devnettisivu.net\/customers\/fisheries\/"},"modified":"2023-09-28T13:16:07","modified_gmt":"2023-09-28T11:16:07","slug":"kalataloudet","status":"publish","type":"page","link":"https:\/\/fimuskraft.com\/fi\/kalataloudet\/","title":{"rendered":"Kalataloudet"},"content":{"rendered":"<p>[et_pb_section fb_built=&#8221;1&#8243; custom_padding_last_edited=&#8221;on|phone&#8221; admin_label=&#8221;Missio Alasivun otsikko&#8221; _builder_version=&#8221;4.22.1&#8243; background_image=&#8221;https:\/\/fimuskraft.com\/wp-content\/uploads\/2023\/09\/a2bd9b9d-84d3-4ad2-a6f9-ea99191328f4_out-1200&#215;704.jpg&#8221; parallax=&#8221;on&#8221; positioning=&#8221;none&#8221; custom_margin=&#8221;-16vh||||false|false&#8221; custom_margin_tablet=&#8221;-16vh||||false|false&#8221; custom_margin_phone=&#8221;-80px||||false|false&#8221; custom_margin_last_edited=&#8221;on|phone&#8221; custom_padding=&#8221;25vh||7vh||false|false&#8221; custom_padding_tablet=&#8221;22vh||5vh||false|false&#8221; custom_padding_phone=&#8221;93px||3vh||false|false&#8221; locked=&#8221;off&#8221; global_colors_info=&#8221;{}&#8221;][et_pb_row _builder_version=&#8221;4.19.5&#8243; global_colors_info=&#8221;{}&#8221;][et_pb_column type=&#8221;4_4&#8243; _builder_version=&#8221;4.16&#8243; global_colors_info=&#8221;{}&#8221;][et_pb_text _builder_version=&#8221;4.22.2&#8243; custom_margin=&#8221;||12px|||&#8221; header_font_size_tablet=&#8221;&#8221; header_font_size_phone=&#8221;28px&#8221; header_font_size_last_edited=&#8221;on|phone&#8221; header_text_shadow_style=&#8221;preset3&#8243; global_colors_info=&#8221;{%22gcid-43508936-0565-4258-b9b9-165d4cc484fd%22:%91%22icon_color%22%93,%22gcid-fd99c094-06ab-4dac-b621-71dff9d481ed%22:%91%22header_text_shadow_color%22%93}&#8221;]<\/p>\n<h1>Kalataloudet<\/h1>\n<p>[\/et_pb_text][\/et_pb_column][\/et_pb_row][\/et_pb_section][et_pb_section fb_built=&#8221;1&#8243; admin_label=&#8221;Missio 2 palstainen otsikko&#8221; _builder_version=&#8221;4.19.5&#8243; custom_padding=&#8221;0px||0px|||&#8221; locked=&#8221;off&#8221; global_colors_info=&#8221;{}&#8221;][et_pb_row column_structure=&#8221;1_2,1_2&#8243; use_custom_gutter=&#8221;on&#8221; gutter_width=&#8221;1&#8243; make_equal=&#8221;on&#8221; _builder_version=&#8221;4.22.1&#8243; width=&#8221;100%&#8221; max_width=&#8221;2560px&#8221; custom_padding=&#8221;7vh||9vh||false|true&#8221; global_colors_info=&#8221;{}&#8221;][et_pb_column type=&#8221;1_2&#8243; _builder_version=&#8221;4.22.1&#8243; custom_padding=&#8221;0px|5%|0px|5%|true|true&#8221; global_colors_info=&#8221;{}&#8221;][et_pb_text _builder_version=&#8221;4.22.2&#8243; header_2_text_align=&#8221;left&#8221; header_2_text_color=&#8221;gcid-43508936-0565-4258-b9b9-165d4cc484fd&#8221; custom_margin=&#8221;||3px|||&#8221; global_colors_info=&#8221;{%22gcid-43508936-0565-4258-b9b9-165d4cc484fd%22:%91%22header_2_text_color%22,%22header_2_text_color%22%93}&#8221;]<\/p>\n<h2>Haasteet<\/h2>\n<p>[\/et_pb_text][et_pb_text _builder_version=&#8221;4.22.2&#8243; custom_padding=&#8221;||35px|||&#8221; global_colors_info=&#8221;{}&#8221;]<\/p>\n<p>Kalatalouksilla on haasteena k\u00e4sitell\u00e4 bioj\u00e4tteet kustannustehokkaasti. Kala ja merenel\u00e4vien bioj\u00e4tteess\u00e4 on my\u00f6s hajuhaittoja. Kalataloudet ja niiden haasteena on kuljetus- ja porttimaksut, kun bioj\u00e4tett\u00e4 vied\u00e4\u00e4n kaatopaikoille. My\u00f6s energianhinta on usein haasteena. Bioj\u00e4tteen varastointitilan puute voi olla my\u00f6s haasteena.<\/p>\n<p>[\/et_pb_text][et_pb_text _builder_version=&#8221;4.22.2&#8243; header_2_text_align=&#8221;left&#8221; header_2_text_color=&#8221;gcid-43508936-0565-4258-b9b9-165d4cc484fd&#8221; custom_margin=&#8221;||3px|||&#8221; global_colors_info=&#8221;{%22gcid-43508936-0565-4258-b9b9-165d4cc484fd%22:%91%22header_2_text_color%22%93}&#8221;]<\/p>\n<h2>Biomassa<\/h2>\n<p>[\/et_pb_text][et_pb_text _builder_version=&#8221;4.22.2&#8243; custom_padding=&#8221;||35px|||&#8221; global_colors_info=&#8221;{}&#8221;]<\/p>\n<p>Kalan ja muiden merenel\u00e4vien bioj\u00e4tett\u00e4 voidaan k\u00e4ytt\u00e4\u00e4 my\u00f6s raaka-aineena FimusKraftin biokaasulaitoksessa. Ansaitse tuottoa biomassasi j\u00e4\u00e4nn\u00f6ksill\u00e4 ja ylij\u00e4\u00e4m\u00e4materiaalilla!<\/p>\n<p>[\/et_pb_text][et_pb_text _builder_version=&#8221;4.22.2&#8243; header_2_text_align=&#8221;left&#8221; header_2_text_color=&#8221;gcid-43508936-0565-4258-b9b9-165d4cc484fd&#8221; custom_margin=&#8221;||3px|||&#8221; global_colors_info=&#8221;{%22gcid-43508936-0565-4258-b9b9-165d4cc484fd%22:%91%22header_2_text_color%22,%22header_2_text_color%22%93}&#8221;]<\/p>\n<h2 class=\"wp-block-heading\">Mit\u00e4 FimusKraftin bioenergialaitos (FKBP) voi tarjota sinulle?<\/h2>\n<p>[\/et_pb_text][et_pb_text _builder_version=&#8221;4.22.2&#8243; custom_padding=&#8221;||35px|||&#8221; global_colors_info=&#8221;{}&#8221;]<\/p>\n<p>Kalastusteollisuuden alalla on tyypillisesti muutamia kalatalouksia. Jos kalataloudet ovat pieni\u00e4, he voisivat ker\u00e4t\u00e4 kalaj\u00e4tteet yhteen paikkaan saadakseen tarpeeksi bioj\u00e4tett\u00e4 fermentaatioprosessia varten. Jokainen FKBP moduuli tuottaa v\u00e4hint\u00e4\u00e4n 30 kW s\u00e4hk\u00f6\u00e4, jota voidaan sy\u00f6tt\u00e4\u00e4 verkkoon bioenergiana. Bioenergian avulla voidaan ladata laitteita, valaista kohteita ja py\u00f6ritt\u00e4\u00e4 itse prosessia.<\/p>\n<p>Jokainen moduuli tuottaa v\u00e4hint\u00e4\u00e4n 60 kW l\u00e4mp\u00f6\u00e4, jota voidaan k\u00e4ytt\u00e4\u00e4 itse prosessissa ja rakennusten l\u00e4mmitt\u00e4misess\u00e4.<\/p>\n<p>Fermentaatioprosessi muuttaa biomassan l\u00e4hteet ravinnerikkaaksi biolannoitteeksi, jossa on korkeat typpi- ja fosforipitoisuudet. Fermentaation j\u00e4lkeinen jatkok\u00e4sittely tuottaa korkealaatuista biolannoitetta sek\u00e4 kiinte\u00e4ss\u00e4 ett\u00e4 nestem\u00e4isess\u00e4 muodossa. T\u00e4m\u00e4 biolannoite voidaan myyd\u00e4 viljelij\u00f6ille.<\/p>\n<figure class=\"wp-block-image size-large is-resized\"><\/figure>\n<p>[\/et_pb_text][\/et_pb_column][et_pb_column type=&#8221;1_2&#8243; _builder_version=&#8221;4.19.5&#8243; custom_padding=&#8221;0px|5%|0px|5%|true|true&#8221; global_colors_info=&#8221;{}&#8221;][et_pb_text _builder_version=&#8221;4.22.2&#8243; header_2_text_align=&#8221;left&#8221; header_2_text_color=&#8221;gcid-43508936-0565-4258-b9b9-165d4cc484fd&#8221; custom_margin=&#8221;||3px|||&#8221; global_colors_info=&#8221;{%22gcid-43508936-0565-4258-b9b9-165d4cc484fd%22:%91%22header_2_text_color%22,%22header_2_text_color%22%93}&#8221;]<\/p>\n<h2 class=\"wp-block-heading\">Hy\u00f6dynn\u00e4 biomassa tehokkaasti<\/h2>\n<p>[\/et_pb_text][et_pb_text _builder_version=&#8221;4.22.2&#8243; custom_padding=&#8221;||35px|||&#8221; global_colors_info=&#8221;{}&#8221;]<\/p>\n<div class=\"wp-block-media-text alignwide is-stacked-on-mobile is-vertically-aligned-top\">\n<div class=\"wp-block-media-text__content\">\n<p>Merellisen ruuan bioj\u00e4te voi sis\u00e4ll\u00f6st\u00e4 riippuen olla arvokkaiden raaka-aineiden l\u00e4hde l\u00e4\u00e4ke-, ruoka- ja juomateollisuudelle sek\u00e4 kemianteollisuudelle. FimusKraft suorittaa pyynn\u00f6st\u00e4 testauksen, ja jos tulokset ovat positiiviset, n\u00e4iden materiaalien kehitys sis\u00e4llytet\u00e4\u00e4n FKBP-j\u00e4rjestelm\u00e4\u00e4n. T\u00e4m\u00e4n sivutuotteen myynti kasvattaa yrityksen kannattavuutta ja voi ansaita lis\u00e4tuloja. FKBP-j\u00e4rjestelm\u00e4ll\u00e4 saat s\u00e4hk\u00f6n ja l\u00e4mmityksen tiloihisi.<\/p>\n<p>Kun FKBP k\u00e4sittelee bioj\u00e4tteen paikallisesti, s\u00e4\u00e4styt\u00e4\u00e4n bioj\u00e4tteen kuljetus- ja porttimaksuilta. On my\u00f6s ymp\u00e4rist\u00f6yst\u00e4v\u00e4llist\u00e4, ett\u00e4 j\u00e4te k\u00e4sitell\u00e4\u00e4n j\u00e4tteen syntypaikassa. V\u00e4henn\u00e4t my\u00f6s hiilijalanj\u00e4lke\u00e4 ja kasvihuonekaasup\u00e4\u00e4st\u00f6j\u00e4. Kaiken kaikkiaan FKBP-j\u00e4rjestelm\u00e4 on ymp\u00e4rist\u00f6yst\u00e4v\u00e4llinen tapa k\u00e4sitell\u00e4 j\u00e4tett\u00e4.<\/p>\n<\/div>\n<\/div>\n<p>[\/et_pb_text][et_pb_image src=&#8221;https:\/\/fimuskraft.com\/wp-content\/uploads\/2023\/09\/kalat-taulukko.png.webp&#8221; title_text=&#8221;kalat-taulukko.png&#8221; _builder_version=&#8221;4.22.2&#8243; _module_preset=&#8221;default&#8221; max_height=&#8221;504px&#8221; custom_padding=&#8221;||40px|||&#8221; global_colors_info=&#8221;{}&#8221;][\/et_pb_image][et_pb_button button_url=&#8221;@ET-DC@eyJkeW5hbWljIjp0cnVlLCJjb250ZW50IjoicG9zdF9saW5rX3VybF9wYWdlIiwic2V0dGluZ3MiOnsicG9zdF9pZCI6IjI5NCJ9fQ==@&#8221; button_text=&#8221;Ota yhteytt\u00e4!&#8221; button_alignment=&#8221;center&#8221; _builder_version=&#8221;4.22.2&#8243; _dynamic_attributes=&#8221;button_url&#8221; _module_preset=&#8221;default&#8221; hover_enabled=&#8221;0&#8243; global_colors_info=&#8221;{}&#8221; sticky_enabled=&#8221;0&#8243;][\/et_pb_button][\/et_pb_column][\/et_pb_row][\/et_pb_section]<\/p>\n","protected":false},"excerpt":{"rendered":"<p>KalataloudetHaasteetKalatalouksilla on haasteena k\u00e4sitell\u00e4 bioj\u00e4tteet kustannustehokkaasti. Kala ja merenel\u00e4vien bioj\u00e4tteess\u00e4 on my\u00f6s hajuhaittoja. Kalataloudet ja niiden haasteena on kuljetus- ja porttimaksut, kun bioj\u00e4tett\u00e4 vied\u00e4\u00e4n kaatopaikoille. My\u00f6s energianhinta on usein haasteena. Bioj\u00e4tteen varastointitilan puute voi olla my\u00f6s haasteena.BiomassaKalan ja muiden merenel\u00e4vien bioj\u00e4tett\u00e4 voidaan k\u00e4ytt\u00e4\u00e4 my\u00f6s raaka-aineena FimusKraftin biokaasulaitoksessa. Ansaitse tuottoa biomassasi j\u00e4\u00e4nn\u00f6ksill\u00e4 ja ylij\u00e4\u00e4m\u00e4materiaalilla!Mit\u00e4 FimusKraftin bioenergialaitos [&hellip;]<\/p>\n","protected":false},"author":2,"featured_media":0,"parent":0,"menu_order":0,"comment_status":"closed","ping_status":"closed","template":"","meta":{"_et_pb_use_builder":"on","_et_pb_old_content":"","_et_gb_content_width":"","footnotes":""},"class_list":["post-2010","page","type-page","status-publish","hentry"],"_links":{"self":[{"href":"https:\/\/fimuskraft.com\/fi\/wp-json\/wp\/v2\/pages\/2010","targetHints":{"allow":["GET"]}}],"collection":[{"href":"https:\/\/fimuskraft.com\/fi\/wp-json\/wp\/v2\/pages"}],"about":[{"href":"https:\/\/fimuskraft.com\/fi\/wp-json\/wp\/v2\/types\/page"}],"author":[{"embeddable":true,"href":"https:\/\/fimuskraft.com\/fi\/wp-json\/wp\/v2\/users\/2"}],"replies":[{"embeddable":true,"href":"https:\/\/fimuskraft.com\/fi\/wp-json\/wp\/v2\/comments?post=2010"}],"version-history":[{"count":3,"href":"https:\/\/fimuskraft.com\/fi\/wp-json\/wp\/v2\/pages\/2010\/revisions"}],"predecessor-version":[{"id":2194,"href":"https:\/\/fimuskraft.com\/fi\/wp-json\/wp\/v2\/pages\/2010\/revisions\/2194"}],"wp:attachment":[{"href":"https:\/\/fimuskraft.com\/fi\/wp-json\/wp\/v2\/media?parent=2010"}],"curies":[{"name":"wp","href":"https:\/\/api.w.org\/{rel}","templated":true}]}}