{"id":2012,"date":"2023-09-05T21:30:47","date_gmt":"2023-09-05T19:30:47","guid":{"rendered":"https:\/\/fimuskraft.devnettisivu.net\/customers\/food-and-beverage-industry\/"},"modified":"2023-09-28T12:54:12","modified_gmt":"2023-09-28T10:54:12","slug":"elintarvike-ja-juomateollisuus","status":"publish","type":"page","link":"https:\/\/fimuskraft.com\/fi\/elintarvike-ja-juomateollisuus\/","title":{"rendered":"Elintarvike- ja juomateollisuus"},"content":{"rendered":"<p>[et_pb_section fb_built=&#8221;1&#8243; custom_padding_last_edited=&#8221;on|phone&#8221; admin_label=&#8221;Missio Alasivun otsikko&#8221; _builder_version=&#8221;4.22.1&#8243; background_image=&#8221;https:\/\/fimuskraft.com\/wp-content\/uploads\/2023\/09\/2dc85f40-3025-46d9-9d9b-1d864f6c817c_out-1152&#215;512-e1694120818825.jpg&#8221; parallax=&#8221;on&#8221; positioning=&#8221;none&#8221; custom_margin=&#8221;-16vh||||false|false&#8221; custom_margin_tablet=&#8221;-16vh||||false|false&#8221; custom_margin_phone=&#8221;-80px||||false|false&#8221; custom_margin_last_edited=&#8221;on|phone&#8221; custom_padding=&#8221;25vh||7vh||false|false&#8221; custom_padding_tablet=&#8221;22vh||5vh||false|false&#8221; custom_padding_phone=&#8221;93px||3vh||false|false&#8221; locked=&#8221;off&#8221; global_colors_info=&#8221;{}&#8221;][et_pb_row _builder_version=&#8221;4.19.5&#8243; global_colors_info=&#8221;{}&#8221;][et_pb_column type=&#8221;4_4&#8243; _builder_version=&#8221;4.16&#8243; global_colors_info=&#8221;{}&#8221;][et_pb_text _builder_version=&#8221;4.22.2&#8243; custom_margin=&#8221;||12px|||&#8221; hover_enabled=&#8221;0&#8243; header_font_size_tablet=&#8221;&#8221; header_font_size_phone=&#8221;28px&#8221; header_font_size_last_edited=&#8221;on|phone&#8221; header_text_shadow_style=&#8221;preset3&#8243; global_colors_info=&#8221;{%22gcid-43508936-0565-4258-b9b9-165d4cc484fd%22:%91%22icon_color%22%93,%22gcid-fd99c094-06ab-4dac-b621-71dff9d481ed%22:%91%22header_text_shadow_color%22%93}&#8221; sticky_enabled=&#8221;0&#8243;]<\/p>\n<h1>Elintarvike- ja juomateollisuus<\/h1>\n<p>[\/et_pb_text][\/et_pb_column][\/et_pb_row][\/et_pb_section][et_pb_section fb_built=&#8221;1&#8243; admin_label=&#8221;Missio 2 palstainen otsikko&#8221; _builder_version=&#8221;4.19.5&#8243; custom_padding=&#8221;0px||0px|||&#8221; locked=&#8221;off&#8221; global_colors_info=&#8221;{}&#8221;][et_pb_row column_structure=&#8221;1_2,1_2&#8243; use_custom_gutter=&#8221;on&#8221; gutter_width=&#8221;1&#8243; make_equal=&#8221;on&#8221; _builder_version=&#8221;4.22.1&#8243; width=&#8221;100%&#8221; max_width=&#8221;2560px&#8221; custom_padding=&#8221;7vh||9vh||false|true&#8221; global_colors_info=&#8221;{}&#8221;][et_pb_column type=&#8221;1_2&#8243; _builder_version=&#8221;4.22.1&#8243; custom_padding=&#8221;0px|5%|0px|5%|true|true&#8221; global_colors_info=&#8221;{}&#8221;][et_pb_text _builder_version=&#8221;4.22.2&#8243; header_2_text_align=&#8221;left&#8221; header_2_text_color=&#8221;gcid-43508936-0565-4258-b9b9-165d4cc484fd&#8221; custom_margin=&#8221;||3px|||&#8221; hover_enabled=&#8221;0&#8243; global_colors_info=&#8221;{%22gcid-43508936-0565-4258-b9b9-165d4cc484fd%22:%91%22header_2_text_color%22,%22header_2_text_color%22%93}&#8221; sticky_enabled=&#8221;0&#8243;]<\/p>\n<h2>Haasteet<\/h2>\n<p>[\/et_pb_text][et_pb_text _builder_version=&#8221;4.22.2&#8243; custom_padding=&#8221;||35px|||&#8221; hover_enabled=&#8221;0&#8243; global_colors_info=&#8221;{}&#8221; sticky_enabled=&#8221;0&#8243;]<\/p>\n<p>Elintarvike- ja juomateollisuus sis\u00e4lt\u00e4\u00e4 muutamia haasteita bioj\u00e4tteen hy\u00f6tyk\u00e4ytt\u00f6\u00f6n ja jatkojalostukseen liittyen. Haasteena on bioj\u00e4tteen kuljetus- ja porttimaksut sek\u00e4 energiamaksut. My\u00f6s tilan puute bioj\u00e4tteelle ja hajulle saattaa olla haaste.<\/p>\n<p>[\/et_pb_text][et_pb_text _builder_version=&#8221;4.22.2&#8243; header_2_text_align=&#8221;left&#8221; header_2_text_color=&#8221;gcid-43508936-0565-4258-b9b9-165d4cc484fd&#8221; custom_margin=&#8221;||3px|||&#8221; hover_enabled=&#8221;0&#8243; global_colors_info=&#8221;{%22gcid-43508936-0565-4258-b9b9-165d4cc484fd%22:%91%22header_2_text_color%22%93}&#8221; sticky_enabled=&#8221;0&#8243;]<\/p>\n<h2>Biomassa<\/h2>\n<p>[\/et_pb_text][et_pb_text _builder_version=&#8221;4.22.2&#8243; custom_padding=&#8221;||35px|||&#8221; hover_enabled=&#8221;0&#8243; global_colors_info=&#8221;{}&#8221; sticky_enabled=&#8221;0&#8243;]<\/p>\n<p>Elintarvike- ja juomateollisuus tuottavat paljon erilaisia bioj\u00e4tteit\u00e4. Esimerkiksi hedelmien ylij\u00e4\u00e4m\u00e4t ja j\u00e4\u00e4nn\u00f6kset, vihannesten ja el\u00e4inper\u00e4isten tuotteiden h\u00e4vikki ja pilaantuneet elintarvikkeet. Elintarviketehtailla on tyypillisesti omat bioj\u00e4tel\u00e4hteet ja jatkuva biomassan virtaus. Bioj\u00e4te on loistava vihre\u00e4n energian l\u00e4hde. Ansaitse tuottoa biomassasi j\u00e4\u00e4nn\u00f6ksill\u00e4 ja ylij\u00e4\u00e4m\u00e4materiaalilla!<\/p>\n<p>[\/et_pb_text][et_pb_text _builder_version=&#8221;4.22.2&#8243; header_2_text_align=&#8221;left&#8221; header_2_text_color=&#8221;gcid-43508936-0565-4258-b9b9-165d4cc484fd&#8221; custom_margin=&#8221;||3px|||&#8221; hover_enabled=&#8221;0&#8243; global_colors_info=&#8221;{%22gcid-43508936-0565-4258-b9b9-165d4cc484fd%22:%91%22header_2_text_color%22,%22header_2_text_color%22%93}&#8221; sticky_enabled=&#8221;0&#8243;]<\/p>\n<h2 class=\"wp-block-heading\">Mit\u00e4 FimusKraftin bioenergialaitos (FKBP) voi tarjota sinulle?<\/h2>\n<p>[\/et_pb_text][et_pb_text _builder_version=&#8221;4.22.2&#8243; custom_padding=&#8221;||35px|||&#8221; hover_enabled=&#8221;0&#8243; global_colors_info=&#8221;{}&#8221; sticky_enabled=&#8221;0&#8243;]<\/p>\n<p>Elintarvike- ja juomateollisuuden yritykset voisivat saada paljon etuja FKBP-j\u00e4rjestelm\u00e4n avulla. Biokaasua voidaan k\u00e4ytt\u00e4\u00e4 sellaisenaan esimerkiksi leipomon uunien l\u00e4mmitt\u00e4miseen. Jokainen FKBP moduuli tuottaa v\u00e4hint\u00e4\u00e4n 30 kW s\u00e4hk\u00f6\u00e4. Elintarviketehtaalla sijaitsevan FKBP-j\u00e4rjestelm\u00e4n avulla tuotettua s\u00e4hk\u00f6\u00e4 voidaan k\u00e4ytt\u00e4\u00e4 esimerkiksi tehtaan prosesseissa ja valaistuksessa. L\u00e4mp\u00f6\u00e4 voidaan k\u00e4ytt\u00e4\u00e4 itse prosessissa ja rakennusten l\u00e4mmitt\u00e4misess\u00e4. Jokainen moduuli tuottaa v\u00e4hint\u00e4\u00e4n 60 kW l\u00e4mp\u00f6\u00e4.<\/p>\n<p>Fermentaatioprosessi muuttaa bioj\u00e4tteen ravinnerikkaaksi biolannoitteeksi. Fermentaation j\u00e4lkeinen lietteen jatkok\u00e4sittely tuottaa korkealaatuista biolannoitetta sek\u00e4 kiinte\u00e4ss\u00e4 ett\u00e4 nestem\u00e4isess\u00e4 muodossa. T\u00e4m\u00e4 kasvihuonekaasu vapaa sivutuote voidaan myyd\u00e4 viljelij\u00f6ille. Elintarviketehtailla on tyypillisesti tietyt biomassan l\u00e4hteet ja jatkuvaa biomassan virtausta.<\/p>\n<figure class=\"wp-block-image size-large is-resized\"><\/figure>\n<p>[\/et_pb_text][\/et_pb_column][et_pb_column type=&#8221;1_2&#8243; _builder_version=&#8221;4.19.5&#8243; custom_padding=&#8221;0px|5%|0px|5%|true|true&#8221; global_colors_info=&#8221;{}&#8221;][et_pb_text _builder_version=&#8221;4.22.2&#8243; header_2_text_align=&#8221;left&#8221; header_2_text_color=&#8221;gcid-43508936-0565-4258-b9b9-165d4cc484fd&#8221; custom_margin=&#8221;||3px|||&#8221; hover_enabled=&#8221;0&#8243; global_colors_info=&#8221;{%22gcid-43508936-0565-4258-b9b9-165d4cc484fd%22:%91%22header_2_text_color%22,%22header_2_text_color%22%93}&#8221; sticky_enabled=&#8221;0&#8243;]<\/p>\n<h2 class=\"wp-block-heading\">Hy\u00f6dynn\u00e4 biomassa tehokkaasti<\/h2>\n<p>[\/et_pb_text][et_pb_text _builder_version=&#8221;4.22.2&#8243; custom_padding=&#8221;||35px|||&#8221; hover_enabled=&#8221;0&#8243; global_colors_info=&#8221;{}&#8221; sticky_enabled=&#8221;0&#8243;]<\/p>\n<div class=\"wp-block-media-text alignwide is-stacked-on-mobile is-vertically-aligned-top\">\n<div class=\"wp-block-media-text__content\">\n<p>FimusKraft biokaasuprosessin avulla tietyist\u00e4 bioj\u00e4tteist\u00e4 voi kehitt\u00e4\u00e4 arvokkaita raaka-aineita l\u00e4\u00e4ke-, ruoka- ja juomateollisuudelle sek\u00e4 kemianteollisuudelle. T\u00e4m\u00e4n sivutuotteen myynti kasvattaa yrityksen kannattavuutta. FimusKraft suorittaa pyynn\u00f6st\u00e4 laboratoritestauksen bioj\u00e4tteest\u00e4 saadakseen selville tietyn bioj\u00e4tteen hy\u00f6dynt\u00e4mismahdollisuuden biokaasulaitoksessaan. Kaiken kaikkiaan ansaitset hyv\u00e4n tuoton ja saat lis\u00e4arvoa br\u00e4ndille.<\/p>\n<p>Kun yritys k\u00e4sittelee bioj\u00e4tteen paikallisesti, s\u00e4\u00e4styt\u00e4\u00e4n bioj\u00e4tteen kuljetus- ja porttimaksuilta. On my\u00f6s ymp\u00e4rist\u00f6yst\u00e4v\u00e4llist\u00e4, ett\u00e4 j\u00e4te k\u00e4sitell\u00e4\u00e4n j\u00e4tteen syntypaikassa. V\u00e4henn\u00e4t my\u00f6s hiilijalanj\u00e4lke\u00e4 ja kasvihuonekaasup\u00e4\u00e4st\u00f6j\u00e4. FKBP tarjoaa kompaktin modulaarisen rakenteen ja tekee asennuksesta helppoa ja mahdollistaa j\u00e4rjestelm\u00e4n skaalauksen. J\u00e4rjestelm\u00e4 vaatii vain v\u00e4h\u00e4n investointeja ja sen takaisinmaksuaika on lyhyt. Kaiken kaikkiaan FKBP-j\u00e4rjestelm\u00e4 on ymp\u00e4rist\u00f6yst\u00e4v\u00e4llinen tapa k\u00e4sitell\u00e4 bioj\u00e4tett\u00e4. Leikkaa kustannuksiasi ja ansaitse voittoa bioj\u00e4tteell\u00e4si!<\/p>\n<\/div>\n<\/div>\n<p>[\/et_pb_text][et_pb_image src=&#8221;https:\/\/fimuskraft.com\/wp-content\/uploads\/2023\/09\/Taulukko-biomassan-lahteet.png.webp&#8221; title_text=&#8221;Taulukko-biomassan-lahteet.png&#8221; _builder_version=&#8221;4.22.2&#8243; _module_preset=&#8221;default&#8221; custom_padding=&#8221;||40px|||&#8221; hover_enabled=&#8221;0&#8243; global_colors_info=&#8221;{}&#8221; sticky_enabled=&#8221;0&#8243;][\/et_pb_image][et_pb_button button_url=&#8221;@ET-DC@eyJkeW5hbWljIjp0cnVlLCJjb250ZW50IjoicG9zdF9saW5rX3VybF9wYWdlIiwic2V0dGluZ3MiOnsicG9zdF9pZCI6IjI5NCJ9fQ==@&#8221; button_text=&#8221;Ota yhteytt\u00e4!&#8221; button_alignment=&#8221;center&#8221; _builder_version=&#8221;4.22.2&#8243; _dynamic_attributes=&#8221;button_url&#8221; _module_preset=&#8221;default&#8221; hover_enabled=&#8221;0&#8243; global_colors_info=&#8221;{}&#8221; sticky_enabled=&#8221;0&#8243;][\/et_pb_button][\/et_pb_column][\/et_pb_row][\/et_pb_section]<\/p>\n","protected":false},"excerpt":{"rendered":"<p>Elintarvike- ja juomateollisuusHaasteetElintarvike- ja juomateollisuus sis\u00e4lt\u00e4\u00e4 muutamia haasteita bioj\u00e4tteen hy\u00f6tyk\u00e4ytt\u00f6\u00f6n ja jatkojalostukseen liittyen. Haasteena on bioj\u00e4tteen kuljetus- ja porttimaksut sek\u00e4 energiamaksut. My\u00f6s tilan puute bioj\u00e4tteelle ja hajulle saattaa olla haaste.BiomassaElintarvike- ja juomateollisuus tuottavat paljon erilaisia bioj\u00e4tteit\u00e4. Esimerkiksi hedelmien ylij\u00e4\u00e4m\u00e4t ja j\u00e4\u00e4nn\u00f6kset, vihannesten ja el\u00e4inper\u00e4isten tuotteiden h\u00e4vikki ja pilaantuneet elintarvikkeet. Elintarviketehtailla on tyypillisesti omat bioj\u00e4tel\u00e4hteet ja [&hellip;]<\/p>\n","protected":false},"author":2,"featured_media":0,"parent":0,"menu_order":0,"comment_status":"closed","ping_status":"closed","template":"","meta":{"_et_pb_use_builder":"on","_et_pb_old_content":"","_et_gb_content_width":"","footnotes":""},"class_list":["post-2012","page","type-page","status-publish","hentry"],"_links":{"self":[{"href":"https:\/\/fimuskraft.com\/fi\/wp-json\/wp\/v2\/pages\/2012","targetHints":{"allow":["GET"]}}],"collection":[{"href":"https:\/\/fimuskraft.com\/fi\/wp-json\/wp\/v2\/pages"}],"about":[{"href":"https:\/\/fimuskraft.com\/fi\/wp-json\/wp\/v2\/types\/page"}],"author":[{"embeddable":true,"href":"https:\/\/fimuskraft.com\/fi\/wp-json\/wp\/v2\/users\/2"}],"replies":[{"embeddable":true,"href":"https:\/\/fimuskraft.com\/fi\/wp-json\/wp\/v2\/comments?post=2012"}],"version-history":[{"count":3,"href":"https:\/\/fimuskraft.com\/fi\/wp-json\/wp\/v2\/pages\/2012\/revisions"}],"predecessor-version":[{"id":2182,"href":"https:\/\/fimuskraft.com\/fi\/wp-json\/wp\/v2\/pages\/2012\/revisions\/2182"}],"wp:attachment":[{"href":"https:\/\/fimuskraft.com\/fi\/wp-json\/wp\/v2\/media?parent=2012"}],"curies":[{"name":"wp","href":"https:\/\/api.w.org\/{rel}","templated":true}]}}