{"id":2017,"date":"2023-09-05T21:30:33","date_gmt":"2023-09-05T19:30:33","guid":{"rendered":"https:\/\/fimuskraft.devnettisivu.net\/customers\/livestock-farming\/"},"modified":"2023-09-28T10:37:47","modified_gmt":"2023-09-28T08:37:47","slug":"karjanhoito","status":"publish","type":"page","link":"https:\/\/fimuskraft.com\/fi\/karjanhoito\/","title":{"rendered":"Karjanhoito"},"content":{"rendered":"<p>[et_pb_section fb_built=&#8221;1&#8243; custom_padding_last_edited=&#8221;on|phone&#8221; admin_label=&#8221;Missio Alasivun otsikko&#8221; _builder_version=&#8221;4.22.1&#8243; background_image=&#8221;https:\/\/fimuskraft.com\/wp-content\/uploads\/2023\/09\/c74d52d2-ac8a-495c-b516-9b6e02aa544c_out-1152&#215;704-e1694119022203.jpg&#8221; parallax=&#8221;on&#8221; positioning=&#8221;none&#8221; custom_margin=&#8221;-16vh||||false|false&#8221; custom_margin_tablet=&#8221;-16vh||||false|false&#8221; custom_margin_phone=&#8221;-80px||||false|false&#8221; custom_margin_last_edited=&#8221;on|phone&#8221; custom_padding=&#8221;25vh||7vh||false|false&#8221; custom_padding_tablet=&#8221;22vh||5vh||false|false&#8221; custom_padding_phone=&#8221;93px||3vh||false|false&#8221; locked=&#8221;off&#8221; global_colors_info=&#8221;{}&#8221;][et_pb_row _builder_version=&#8221;4.19.5&#8243; global_colors_info=&#8221;{}&#8221;][et_pb_column type=&#8221;4_4&#8243; _builder_version=&#8221;4.16&#8243; global_colors_info=&#8221;{}&#8221;][et_pb_text _builder_version=&#8221;4.22.2&#8243; custom_margin=&#8221;||12px|||&#8221; hover_enabled=&#8221;0&#8243; header_font_size_tablet=&#8221;&#8221; header_font_size_phone=&#8221;28px&#8221; header_font_size_last_edited=&#8221;on|phone&#8221; header_text_shadow_style=&#8221;preset3&#8243; global_colors_info=&#8221;{%22gcid-43508936-0565-4258-b9b9-165d4cc484fd%22:%91%22icon_color%22%93,%22gcid-fd99c094-06ab-4dac-b621-71dff9d481ed%22:%91%22header_text_shadow_color%22%93}&#8221; sticky_enabled=&#8221;0&#8243;]<\/p>\n<h1>Karjanhoito<\/h1>\n<p>[\/et_pb_text][\/et_pb_column][\/et_pb_row][\/et_pb_section][et_pb_section fb_built=&#8221;1&#8243; admin_label=&#8221;Missio 2 palstainen otsikko&#8221; _builder_version=&#8221;4.19.5&#8243; custom_padding=&#8221;0px||0px|||&#8221; locked=&#8221;off&#8221; global_colors_info=&#8221;{}&#8221;][et_pb_row column_structure=&#8221;1_2,1_2&#8243; use_custom_gutter=&#8221;on&#8221; gutter_width=&#8221;1&#8243; make_equal=&#8221;on&#8221; _builder_version=&#8221;4.22.1&#8243; width=&#8221;100%&#8221; max_width=&#8221;2560px&#8221; custom_padding=&#8221;7vh||9vh||false|true&#8221; global_colors_info=&#8221;{}&#8221;][et_pb_column type=&#8221;1_2&#8243; _builder_version=&#8221;4.22.1&#8243; custom_padding=&#8221;0px|5%|0px|5%|true|true&#8221; global_colors_info=&#8221;{}&#8221;][et_pb_text _builder_version=&#8221;4.22.2&#8243; header_2_text_align=&#8221;left&#8221; header_2_text_color=&#8221;gcid-43508936-0565-4258-b9b9-165d4cc484fd&#8221; custom_margin=&#8221;||3px|||&#8221; hover_enabled=&#8221;0&#8243; global_colors_info=&#8221;{%22gcid-43508936-0565-4258-b9b9-165d4cc484fd%22:%91%22header_2_text_color%22,%22header_2_text_color%22%93}&#8221; sticky_enabled=&#8221;0&#8243;]<\/p>\n<h2>Haasteet<\/h2>\n<p>[\/et_pb_text][et_pb_text _builder_version=&#8221;4.22.2&#8243; custom_padding=&#8221;||35px|||&#8221; hover_enabled=&#8221;0&#8243; global_colors_info=&#8221;{}&#8221; sticky_enabled=&#8221;0&#8243;]<\/p>\n<p>Karjanhoito ja sen lannan ongelmana on usein sen haju ja jatkok\u00e4sittely kustannustehokkaasti. Lannan levitt\u00e4minen sellaisenaan ei my\u00f6sk\u00e4\u00e4n ole ilmastonmuutoksen n\u00e4k\u00f6kulmasta kannattavaa. Kuljetuskustannukset ja porttimaksut syntyv\u00e4t, kun sit\u00e4 kuljetetaan kaatopaikalle. Lis\u00e4ksi karjanhoito ja siit\u00e4 aiheutuvat bioj\u00e4tel\u00e4hteet voivat sis\u00e4lt\u00e4\u00e4 ylij\u00e4\u00e4m\u00e4\u00e4 rehua ja nurmis\u00e4il\u00f6rehua. On t\u00e4rke\u00e4\u00e4 ottaa huomioon my\u00f6s ymp\u00e4rist\u00f6s\u00e4\u00e4nn\u00f6kset ja ekotrendit toiminnassa.<\/p>\n<p>Itse asiassa karjankasvatus ja maatilat tarvitsevat s\u00e4hk\u00f6\u00e4 ja l\u00e4mp\u00f6\u00e4. Nyky\u00e4\u00e4n kustannukset kasvavat, mik\u00e4 vaikuttaa tilan kannattavuuteen. Haasteena voi olla my\u00f6s varastointitilan puute bioj\u00e4tteelle.<\/p>\n<p>[\/et_pb_text][et_pb_text _builder_version=&#8221;4.22.2&#8243; header_2_text_align=&#8221;left&#8221; header_2_text_color=&#8221;gcid-43508936-0565-4258-b9b9-165d4cc484fd&#8221; custom_margin=&#8221;||3px|||&#8221; hover_enabled=&#8221;0&#8243; global_colors_info=&#8221;{%22gcid-43508936-0565-4258-b9b9-165d4cc484fd%22:%91%22header_2_text_color%22%93}&#8221; sticky_enabled=&#8221;0&#8243;]<\/p>\n<h2>Biomassa<\/h2>\n<p>[\/et_pb_text][et_pb_text _builder_version=&#8221;4.22.2&#8243; custom_padding=&#8221;||35px|||&#8221; hover_enabled=&#8221;0&#8243; global_colors_info=&#8221;{}&#8221; sticky_enabled=&#8221;0&#8243;]<\/p>\n<p>Karjataloudessa syntyv\u00e4 bioj\u00e4te koostuu p\u00e4\u00e4asiassa el\u00e4inten j\u00e4t\u00f6ksist\u00e4. Lis\u00e4ksi t\u00e4m\u00e4n biomassan l\u00e4hteet voivat sis\u00e4lt\u00e4\u00e4 ylij\u00e4\u00e4m\u00e4\u00e4 rehua ja nurmis\u00e4il\u00f6rehua. Ansaitse tuottoa biomassasi j\u00e4\u00e4nn\u00f6ksill\u00e4 ja ylij\u00e4\u00e4m\u00e4materiaalilla!<\/p>\n<p>[\/et_pb_text][et_pb_text _builder_version=&#8221;4.22.2&#8243; header_2_text_align=&#8221;left&#8221; header_2_text_color=&#8221;gcid-43508936-0565-4258-b9b9-165d4cc484fd&#8221; custom_margin=&#8221;||3px|||&#8221; hover_enabled=&#8221;0&#8243; global_colors_info=&#8221;{%22gcid-43508936-0565-4258-b9b9-165d4cc484fd%22:%91%22header_2_text_color%22,%22header_2_text_color%22%93}&#8221; sticky_enabled=&#8221;0&#8243;]<\/p>\n<h2 class=\"wp-block-heading\">Mit\u00e4 FimusKraftin bioenergialaitos (FKBP) voi tarjota sinulle?<\/h2>\n<p>[\/et_pb_text][et_pb_text _builder_version=&#8221;4.22.2&#8243; custom_padding=&#8221;||35px|||&#8221; hover_enabled=&#8221;0&#8243; global_colors_info=&#8221;{}&#8221; sticky_enabled=&#8221;0&#8243;]<\/p>\n<p>\u00a0FKBP muuttaa biomassan energiaksi. Esimerkiksi lehm\u00e4n lannan biokaasu pitoisuus on 15-25 kuutiometri\u00e4 jokaista (m\u00e4rk\u00e4paino) tonnia kohden ja t\u00e4m\u00e4n metaanipitoisuus on v\u00e4hint\u00e4\u00e4n 60 prosenttia. Sian j\u00e4t\u00f6ksille biokaasu pitoisuus jokaista tonnia kohden on 25-35 kuutiometri\u00e4 ja metaanipitoisuus v\u00e4hint\u00e4\u00e4n 65 prosenttia.<\/p>\n<p>Jokainen FKBP:n moduuli tuottaa v\u00e4hint\u00e4\u00e4n noin 30 kW s\u00e4hk\u00f6\u00e4. S\u00e4hk\u00f6\u00e4 k\u00e4ytet\u00e4\u00e4n tilan tarpeisiin, valaistukseen sek\u00e4 koneiden ja laitteiden k\u00e4ytt\u00f6\u00f6n ja lataamiseen. Paikalliseen tuuli- ja vesivoimaverkkoon on mahdollista sy\u00f6tt\u00e4\u00e4 bios\u00e4hk\u00f6\u00e4. Prosessi tuottaa v\u00e4hint\u00e4\u00e4n 60 kW l\u00e4mp\u00f6\u00e4 moduulia kohden. Sit\u00e4 k\u00e4ytet\u00e4\u00e4n tyypillisesti maatilaprosesseissa, esim. meijeri ja rakennusten ja varastojen l\u00e4mmitt\u00e4miseen.<\/p>\n<figure class=\"wp-block-image size-large is-resized\"><\/figure>\n<p>[\/et_pb_text][\/et_pb_column][et_pb_column type=&#8221;1_2&#8243; _builder_version=&#8221;4.22.1&#8243; custom_padding=&#8221;0px|5%|0px|5%|true|true&#8221; global_colors_info=&#8221;{}&#8221;][et_pb_text _builder_version=&#8221;4.22.2&#8243; header_2_text_align=&#8221;left&#8221; header_2_text_color=&#8221;gcid-43508936-0565-4258-b9b9-165d4cc484fd&#8221; custom_margin=&#8221;||3px|||&#8221; hover_enabled=&#8221;0&#8243; global_colors_info=&#8221;{%22gcid-43508936-0565-4258-b9b9-165d4cc484fd%22:%91%22header_2_text_color%22,%22header_2_text_color%22%93}&#8221; sticky_enabled=&#8221;0&#8243;]<\/p>\n<h2 class=\"wp-block-heading\">Hy\u00f6dynn\u00e4 biomassa tehokkaasti<\/h2>\n<p>[\/et_pb_text][et_pb_text _builder_version=&#8221;4.22.2&#8243; custom_padding=&#8221;||35px|||&#8221; hover_enabled=&#8221;0&#8243; global_colors_info=&#8221;{}&#8221; sticky_enabled=&#8221;0&#8243;]<\/p>\n<div class=\"wp-block-media-text alignwide is-stacked-on-mobile is-vertically-aligned-top\">\n<div class=\"wp-block-media-text__content\">\n<p>Fermentoitu lantatuote on ymp\u00e4rist\u00f6yst\u00e4v\u00e4llinen biolannoite, jolla on huomattavasti v\u00e4hemm\u00e4n hajua. Bioj\u00e4te on loistava vihre\u00e4n energian l\u00e4hde. Jos et itse tarvitse hyv\u00e4\u00e4 lannoitetta, voit my\u00f6s myyd\u00e4 sen eteenp\u00e4in. Kaiken kaikkiaan FKBP-j\u00e4rjestelm\u00e4 on ymp\u00e4rist\u00f6yst\u00e4v\u00e4llinen tapa k\u00e4sitell\u00e4 j\u00e4tett\u00e4.<\/p>\n<p>Lis\u00e4ksi v\u00e4henn\u00e4t hiilijalanj\u00e4lke\u00e4 ja kasvihuonekaasup\u00e4\u00e4st\u00f6j\u00e4 maatalousprosesseissa. FKBP:n avulla k\u00e4sittelet j\u00e4tteet paikallisesti, eik\u00e4 sinun tarvitse kuljettaa bioj\u00e4tett\u00e4 minnek\u00e4\u00e4n. Kompakti modulaarinen rakenne tekee asennuksesta helppoa ja mahdollistaa j\u00e4rjestelm\u00e4n skaalauksen kokonaan. J\u00e4rjestelm\u00e4 tarjoaa alhaisen investoinnin ja lyhyen takaisinmaksuajan. FKBP:n avulla sinulla on mahdollisuus hy\u00f6dynt\u00e4\u00e4 olemassa olevia k\u00e4ymisj\u00e4rjestelmi\u00e4 ja hy\u00f6dynt\u00e4\u00e4 bioj\u00e4tteesi eduksi!<\/p>\n<\/div>\n<\/div>\n<p>[\/et_pb_text][et_pb_image src=&#8221;https:\/\/fimuskraft.com\/wp-content\/uploads\/2023\/09\/karjanhoito-taulukko.png.webp&#8221; title_text=&#8221;karjanhoito-taulukko.png&#8221; _builder_version=&#8221;4.22.2&#8243; _module_preset=&#8221;default&#8221; custom_padding=&#8221;||40px|||&#8221; hover_enabled=&#8221;0&#8243; global_colors_info=&#8221;{}&#8221; sticky_enabled=&#8221;0&#8243;][\/et_pb_image][et_pb_button button_url=&#8221;@ET-DC@eyJkeW5hbWljIjp0cnVlLCJjb250ZW50IjoicG9zdF9saW5rX3VybF9wYWdlIiwic2V0dGluZ3MiOnsicG9zdF9pZCI6IjI5NCJ9fQ==@&#8221; button_text=&#8221;Ota yhteytt\u00e4!&#8221; button_alignment=&#8221;center&#8221; _builder_version=&#8221;4.22.2&#8243; _dynamic_attributes=&#8221;button_url&#8221; _module_preset=&#8221;default&#8221; hover_enabled=&#8221;0&#8243; global_colors_info=&#8221;{}&#8221; sticky_enabled=&#8221;0&#8243;][\/et_pb_button][\/et_pb_column][\/et_pb_row][\/et_pb_section]<\/p>\n","protected":false},"excerpt":{"rendered":"<p>KarjanhoitoHaasteetKarjanhoito ja sen lannan ongelmana on usein sen haju ja jatkok\u00e4sittely kustannustehokkaasti. Lannan levitt\u00e4minen sellaisenaan ei my\u00f6sk\u00e4\u00e4n ole ilmastonmuutoksen n\u00e4k\u00f6kulmasta kannattavaa. Kuljetuskustannukset ja porttimaksut syntyv\u00e4t, kun sit\u00e4 kuljetetaan kaatopaikalle. Lis\u00e4ksi karjanhoito ja siit\u00e4 aiheutuvat bioj\u00e4tel\u00e4hteet voivat sis\u00e4lt\u00e4\u00e4 ylij\u00e4\u00e4m\u00e4\u00e4 rehua ja nurmis\u00e4il\u00f6rehua. On t\u00e4rke\u00e4\u00e4 ottaa huomioon my\u00f6s ymp\u00e4rist\u00f6s\u00e4\u00e4nn\u00f6kset ja ekotrendit toiminnassa. Itse asiassa karjankasvatus ja maatilat [&hellip;]<\/p>\n","protected":false},"author":2,"featured_media":0,"parent":0,"menu_order":0,"comment_status":"closed","ping_status":"closed","template":"","meta":{"_et_pb_use_builder":"on","_et_pb_old_content":"","_et_gb_content_width":"","footnotes":""},"class_list":["post-2017","page","type-page","status-publish","hentry"],"_links":{"self":[{"href":"https:\/\/fimuskraft.com\/fi\/wp-json\/wp\/v2\/pages\/2017","targetHints":{"allow":["GET"]}}],"collection":[{"href":"https:\/\/fimuskraft.com\/fi\/wp-json\/wp\/v2\/pages"}],"about":[{"href":"https:\/\/fimuskraft.com\/fi\/wp-json\/wp\/v2\/types\/page"}],"author":[{"embeddable":true,"href":"https:\/\/fimuskraft.com\/fi\/wp-json\/wp\/v2\/users\/2"}],"replies":[{"embeddable":true,"href":"https:\/\/fimuskraft.com\/fi\/wp-json\/wp\/v2\/comments?post=2017"}],"version-history":[{"count":2,"href":"https:\/\/fimuskraft.com\/fi\/wp-json\/wp\/v2\/pages\/2017\/revisions"}],"predecessor-version":[{"id":2175,"href":"https:\/\/fimuskraft.com\/fi\/wp-json\/wp\/v2\/pages\/2017\/revisions\/2175"}],"wp:attachment":[{"href":"https:\/\/fimuskraft.com\/fi\/wp-json\/wp\/v2\/media?parent=2017"}],"curies":[{"name":"wp","href":"https:\/\/api.w.org\/{rel}","templated":true}]}}