{"id":2022,"date":"2023-09-05T21:32:15","date_gmt":"2023-09-05T19:32:15","guid":{"rendered":"https:\/\/fimuskraft.devnettisivu.net\/customers\/wastewater-treatment-plants\/"},"modified":"2023-09-28T13:27:06","modified_gmt":"2023-09-28T11:27:06","slug":"jatevedenpuhdistamot","status":"publish","type":"page","link":"https:\/\/fimuskraft.com\/fi\/jatevedenpuhdistamot\/","title":{"rendered":"J\u00e4tevedenpuhdistamot"},"content":{"rendered":"<p>[et_pb_section fb_built=&#8221;1&#8243; custom_padding_last_edited=&#8221;on|phone&#8221; admin_label=&#8221;Missio Alasivun otsikko&#8221; _builder_version=&#8221;4.22.1&#8243; background_image=&#8221;https:\/\/fimuskraft.com\/wp-content\/uploads\/2023\/09\/081585a8-5176-4877-b12f-4f4696987d09_out-1152&#215;512.jpg&#8221; parallax=&#8221;on&#8221; positioning=&#8221;none&#8221; custom_margin=&#8221;-16vh||||false|false&#8221; custom_margin_tablet=&#8221;-16vh||||false|false&#8221; custom_margin_phone=&#8221;-80px||||false|false&#8221; custom_margin_last_edited=&#8221;on|phone&#8221; custom_padding=&#8221;25vh||7vh||false|false&#8221; custom_padding_tablet=&#8221;22vh||5vh||false|false&#8221; custom_padding_phone=&#8221;93px||3vh||false|false&#8221; locked=&#8221;off&#8221; global_colors_info=&#8221;{}&#8221;][et_pb_row _builder_version=&#8221;4.19.5&#8243; global_colors_info=&#8221;{}&#8221;][et_pb_column type=&#8221;4_4&#8243; _builder_version=&#8221;4.16&#8243; global_colors_info=&#8221;{}&#8221;][et_pb_text _builder_version=&#8221;4.22.2&#8243; custom_margin=&#8221;||12px|||&#8221; hover_enabled=&#8221;0&#8243; header_font_size_tablet=&#8221;&#8221; header_font_size_phone=&#8221;28px&#8221; header_font_size_last_edited=&#8221;on|phone&#8221; header_text_shadow_style=&#8221;preset3&#8243; global_colors_info=&#8221;{%22gcid-43508936-0565-4258-b9b9-165d4cc484fd%22:%91%22icon_color%22%93,%22gcid-fd99c094-06ab-4dac-b621-71dff9d481ed%22:%91%22header_text_shadow_color%22%93}&#8221; content_last_edited=&#8221;on|tablet&#8221; sticky_enabled=&#8221;0&#8243; content_tablet=&#8221;<\/p>\n<h1>J\u00e4teveden-<br \/>puhdistamot<\/h1>\n<p>&#8221; content_phone=&#8221;<\/p>\n<h1>J\u00e4teveden-<br \/>puhdistamot<\/h1>\n<p>&#8221;]<\/p>\n<h1>J\u00e4tevedenpuhdistamot<\/h1>\n<p>[\/et_pb_text][\/et_pb_column][\/et_pb_row][\/et_pb_section][et_pb_section fb_built=&#8221;1&#8243; admin_label=&#8221;Missio 2 palstainen otsikko&#8221; _builder_version=&#8221;4.19.5&#8243; custom_padding=&#8221;0px||0px|||&#8221; locked=&#8221;off&#8221; global_colors_info=&#8221;{}&#8221;][et_pb_row column_structure=&#8221;1_2,1_2&#8243; use_custom_gutter=&#8221;on&#8221; gutter_width=&#8221;1&#8243; make_equal=&#8221;on&#8221; _builder_version=&#8221;4.22.1&#8243; width=&#8221;100%&#8221; max_width=&#8221;2560px&#8221; custom_padding=&#8221;7vh||9vh||false|true&#8221; global_colors_info=&#8221;{}&#8221;][et_pb_column type=&#8221;1_2&#8243; _builder_version=&#8221;4.22.1&#8243; custom_padding=&#8221;0px|5%|0px|5%|true|true&#8221; global_colors_info=&#8221;{}&#8221;][et_pb_text _builder_version=&#8221;4.22.2&#8243; header_2_text_align=&#8221;left&#8221; header_2_text_color=&#8221;gcid-43508936-0565-4258-b9b9-165d4cc484fd&#8221; custom_margin=&#8221;||3px|||&#8221; hover_enabled=&#8221;0&#8243; global_colors_info=&#8221;{%22gcid-43508936-0565-4258-b9b9-165d4cc484fd%22:%91%22header_2_text_color%22,%22header_2_text_color%22%93}&#8221; sticky_enabled=&#8221;0&#8243;]<\/p>\n<h2>Haasteet<\/h2>\n<p>[\/et_pb_text][et_pb_text _builder_version=&#8221;4.22.2&#8243; custom_padding=&#8221;||35px|||&#8221; hover_enabled=&#8221;0&#8243; global_colors_info=&#8221;{}&#8221; sticky_enabled=&#8221;0&#8243;]<\/p>\n<p>FimusKraftin biokaasulaitosta voidaan k\u00e4ytt\u00e4\u00e4 my\u00f6s j\u00e4tevedenpuhdistamoissa. J\u00e4tevedenpuhdistamot ja niiden haasteena saattaa olla energian hinnan nousu. J\u00e4tevedenpuhdistamoiden j\u00e4tevesiliete sis\u00e4lt\u00e4\u00e4 mm. k\u00e4ym\u00e4l\u00e4j\u00e4tteit\u00e4 ja muuta orgaanista j\u00e4tett\u00e4 ja biohajoavaa j\u00e4tett\u00e4. FKBP-j\u00e4rjestelm\u00e4 muuttaa t\u00e4m\u00e4n bioj\u00e4tteen bioenergiaksi edistyneell\u00e4 k\u00e4ymisprosessilla. Lis\u00e4ksi on t\u00e4rke\u00e4\u00e4 ottaa huomioon ymp\u00e4rist\u00f6m\u00e4\u00e4r\u00e4ykset ja ekotrendit.<\/p>\n<p>[\/et_pb_text][et_pb_text _builder_version=&#8221;4.22.2&#8243; header_2_text_align=&#8221;left&#8221; header_2_text_color=&#8221;gcid-43508936-0565-4258-b9b9-165d4cc484fd&#8221; custom_margin=&#8221;||3px|||&#8221; hover_enabled=&#8221;0&#8243; global_colors_info=&#8221;{%22gcid-43508936-0565-4258-b9b9-165d4cc484fd%22:%91%22header_2_text_color%22%93}&#8221; sticky_enabled=&#8221;0&#8243;]<\/p>\n<h2>Biomassa<\/h2>\n<p>[\/et_pb_text][et_pb_text _builder_version=&#8221;4.22.2&#8243; custom_padding=&#8221;||35px|||&#8221; hover_enabled=&#8221;0&#8243; global_colors_info=&#8221;{}&#8221; sticky_enabled=&#8221;0&#8243;]<\/p>\n<p>J\u00e4tevesiliete sis\u00e4lt\u00e4\u00e4 k\u00e4ym\u00e4l\u00e4j\u00e4tteit\u00e4 ja muuta orgaanista sek\u00e4 biohajoavaa j\u00e4tett\u00e4. FKBP muuttaa t\u00e4m\u00e4n bioj\u00e4tteen bioenergiaksi. J\u00e4tevedenpuhdistamot tuottavat potentiaalista bioj\u00e4tett\u00e4 biokaasulaitoksen tuotantoon, esimerkiksi kunnalliset j\u00e4tevedet ja teollisuuden j\u00e4tevedet. Tee voittoa biomassasi j\u00e4tevesill\u00e4!<\/p>\n<p>[\/et_pb_text][et_pb_text _builder_version=&#8221;4.22.2&#8243; header_2_text_align=&#8221;left&#8221; header_2_text_color=&#8221;gcid-43508936-0565-4258-b9b9-165d4cc484fd&#8221; custom_margin=&#8221;||3px|||&#8221; hover_enabled=&#8221;0&#8243; global_colors_info=&#8221;{%22gcid-43508936-0565-4258-b9b9-165d4cc484fd%22:%91%22header_2_text_color%22,%22header_2_text_color%22%93}&#8221; sticky_enabled=&#8221;0&#8243;]<\/p>\n<h2 class=\"wp-block-heading\">Mit\u00e4 FimusKraftin bioenergialaitos (FKBP) voi tarjota sinulle?<\/h2>\n<p>[\/et_pb_text][et_pb_text _builder_version=&#8221;4.22.2&#8243; custom_padding=&#8221;||35px|||&#8221; hover_enabled=&#8221;0&#8243; global_colors_info=&#8221;{}&#8221; sticky_enabled=&#8221;0&#8243;]<\/p>\n<p>Fermentaatioprosessi muuttaa bioj\u00e4tteen ravinnerikkaaksi biolannoitteeksi. Fermentaation j\u00e4lkeinen jatkok\u00e4sittely tuottaa korkealaatuista biolannoitetta sek\u00e4 kiinte\u00e4ss\u00e4 ett\u00e4 nestem\u00e4isess\u00e4 muodossa. J\u00e4rjestelm\u00e4n sijoittaja voi ansaita myym\u00e4ll\u00e4 t\u00e4t\u00e4 sivutuotetta viljelij\u00f6ille.<\/p>\n<p>Jokainen FKBP moduuli tuottaa v\u00e4hint\u00e4\u00e4n 30 kW s\u00e4hk\u00f6\u00e4 ja v\u00e4hint\u00e4\u00e4n 60 kW l\u00e4mp\u00f6\u00e4. N\u00e4it\u00e4 voidaan hy\u00f6dynt\u00e4\u00e4 j\u00e4tevedenpuhdistamoilla.<\/p>\n<figure class=\"wp-block-image size-large is-resized\"><\/figure>\n<p>[\/et_pb_text][\/et_pb_column][et_pb_column type=&#8221;1_2&#8243; _builder_version=&#8221;4.19.5&#8243; custom_padding=&#8221;0px|5%|0px|5%|true|true&#8221; global_colors_info=&#8221;{}&#8221;][et_pb_text _builder_version=&#8221;4.22.2&#8243; header_2_text_align=&#8221;left&#8221; header_2_text_color=&#8221;gcid-43508936-0565-4258-b9b9-165d4cc484fd&#8221; custom_margin=&#8221;||3px|||&#8221; hover_enabled=&#8221;0&#8243; global_colors_info=&#8221;{%22gcid-43508936-0565-4258-b9b9-165d4cc484fd%22:%91%22header_2_text_color%22,%22header_2_text_color%22%93}&#8221; sticky_enabled=&#8221;0&#8243;]<\/p>\n<h2 class=\"wp-block-heading\">Hy\u00f6dynn\u00e4 biomassa tehokkaasti<\/h2>\n<p>[\/et_pb_text][et_pb_text _builder_version=&#8221;4.22.2&#8243; custom_padding=&#8221;||35px|||&#8221; hover_enabled=&#8221;0&#8243; global_colors_info=&#8221;{}&#8221; sticky_enabled=&#8221;0&#8243;]<\/p>\n<div class=\"wp-block-media-text alignwide is-stacked-on-mobile is-vertically-aligned-top\">\n<div class=\"wp-block-media-text__content\">\n<p>Kun FKBP k\u00e4sittelee j\u00e4tevesilietett\u00e4, meret pysyv\u00e4t puhtaampina ja laitteen hiilijalanj\u00e4lki on matalampi, kun kasvihuonekaasup\u00e4\u00e4st\u00f6t on minimoitu. Etuna saat tuotemerkin tarjoaman lis\u00e4arvon, mik\u00e4 on loistava mahdollisuus yrityksellesi ja se vahvistaa my\u00f6s vihre\u00e4n energian n\u00e4k\u00f6kulmaa. Kaiken kaikkiaan FKBP-j\u00e4rjestelm\u00e4 on ymp\u00e4rist\u00f6yst\u00e4v\u00e4llinen tapa k\u00e4sitell\u00e4 j\u00e4tett\u00e4. Leikkaa kustannuksiasi ja ansaitse voittoa bioj\u00e4tteell\u00e4si!<\/p>\n<p>FKBP:n avulla k\u00e4sittelet j\u00e4tteet paikallisesti, eik\u00e4 sinun tarvitse kuljettaa bioj\u00e4tett\u00e4 minnek\u00e4\u00e4n. FKBP:n kompakti ja modulaarinen rakenne tekee asennuksesta helppoa ja se mahdollistaa my\u00f6s j\u00e4rjestelm\u00e4n skaalauksen. Investointitarve on v\u00e4h\u00e4inen ja takaisinmaksuaika on lyhyt. Nyt sinulla on mahdollisuus hy\u00f6dynt\u00e4\u00e4 olemassa olevia k\u00e4ymisj\u00e4rjestelmi\u00e4, mik\u00e4 on hyv\u00e4 tapa ottaa hy\u00f6dynt\u00e4\u00e4 bioj\u00e4te eduksi!<\/p>\n<\/div>\n<\/div>\n<p>[\/et_pb_text][et_pb_image src=&#8221;https:\/\/fimuskraft.com\/wp-content\/uploads\/2023\/09\/jatevedet-taulukko.png.webp&#8221; title_text=&#8221;jatevedet-taulukko.png&#8221; _builder_version=&#8221;4.22.2&#8243; _module_preset=&#8221;default&#8221; custom_padding=&#8221;||40px|||&#8221; hover_enabled=&#8221;0&#8243; global_colors_info=&#8221;{}&#8221; sticky_enabled=&#8221;0&#8243;][\/et_pb_image][et_pb_button button_url=&#8221;@ET-DC@eyJkeW5hbWljIjp0cnVlLCJjb250ZW50IjoicG9zdF9saW5rX3VybF9wYWdlIiwic2V0dGluZ3MiOnsicG9zdF9pZCI6IjI5NCJ9fQ==@&#8221; button_text=&#8221;Ota yhteytt\u00e4!&#8221; button_alignment=&#8221;center&#8221; _builder_version=&#8221;4.22.2&#8243; _dynamic_attributes=&#8221;button_url&#8221; _module_preset=&#8221;default&#8221; hover_enabled=&#8221;0&#8243; global_colors_info=&#8221;{}&#8221; sticky_enabled=&#8221;0&#8243;][\/et_pb_button][\/et_pb_column][\/et_pb_row][\/et_pb_section]<\/p>\n","protected":false},"excerpt":{"rendered":"<p>J\u00e4tevedenpuhdistamotHaasteetFimusKraftin biokaasulaitosta voidaan k\u00e4ytt\u00e4\u00e4 my\u00f6s j\u00e4tevedenpuhdistamoissa. J\u00e4tevedenpuhdistamot ja niiden haasteena saattaa olla energian hinnan nousu. J\u00e4tevedenpuhdistamoiden j\u00e4tevesiliete sis\u00e4lt\u00e4\u00e4 mm. k\u00e4ym\u00e4l\u00e4j\u00e4tteit\u00e4 ja muuta orgaanista j\u00e4tett\u00e4 ja biohajoavaa j\u00e4tett\u00e4. FKBP-j\u00e4rjestelm\u00e4 muuttaa t\u00e4m\u00e4n bioj\u00e4tteen bioenergiaksi edistyneell\u00e4 k\u00e4ymisprosessilla. Lis\u00e4ksi on t\u00e4rke\u00e4\u00e4 ottaa huomioon ymp\u00e4rist\u00f6m\u00e4\u00e4r\u00e4ykset ja ekotrendit.BiomassaJ\u00e4tevesiliete sis\u00e4lt\u00e4\u00e4 k\u00e4ym\u00e4l\u00e4j\u00e4tteit\u00e4 ja muuta orgaanista sek\u00e4 biohajoavaa j\u00e4tett\u00e4. FKBP muuttaa t\u00e4m\u00e4n bioj\u00e4tteen bioenergiaksi. [&hellip;]<\/p>\n","protected":false},"author":2,"featured_media":0,"parent":0,"menu_order":0,"comment_status":"closed","ping_status":"closed","template":"","meta":{"_et_pb_use_builder":"on","_et_pb_old_content":"","_et_gb_content_width":"","footnotes":""},"class_list":["post-2022","page","type-page","status-publish","hentry"],"_links":{"self":[{"href":"https:\/\/fimuskraft.com\/fi\/wp-json\/wp\/v2\/pages\/2022","targetHints":{"allow":["GET"]}}],"collection":[{"href":"https:\/\/fimuskraft.com\/fi\/wp-json\/wp\/v2\/pages"}],"about":[{"href":"https:\/\/fimuskraft.com\/fi\/wp-json\/wp\/v2\/types\/page"}],"author":[{"embeddable":true,"href":"https:\/\/fimuskraft.com\/fi\/wp-json\/wp\/v2\/users\/2"}],"replies":[{"embeddable":true,"href":"https:\/\/fimuskraft.com\/fi\/wp-json\/wp\/v2\/comments?post=2022"}],"version-history":[{"count":3,"href":"https:\/\/fimuskraft.com\/fi\/wp-json\/wp\/v2\/pages\/2022\/revisions"}],"predecessor-version":[{"id":2204,"href":"https:\/\/fimuskraft.com\/fi\/wp-json\/wp\/v2\/pages\/2022\/revisions\/2204"}],"wp:attachment":[{"href":"https:\/\/fimuskraft.com\/fi\/wp-json\/wp\/v2\/media?parent=2022"}],"curies":[{"name":"wp","href":"https:\/\/api.w.org\/{rel}","templated":true}]}}