{"id":2026,"date":"2023-09-05T21:29:38","date_gmt":"2023-09-05T19:29:38","guid":{"rendered":"https:\/\/fimuskraft.devnettisivu.net\/fimuskraft-bioenergy-plant\/about-biogas\/"},"modified":"2023-10-04T14:01:35","modified_gmt":"2023-10-04T12:01:35","slug":"lisatietoja-biokaasusta","status":"publish","type":"page","link":"https:\/\/fimuskraft.com\/fi\/teknologia\/lisatietoja-biokaasusta\/","title":{"rendered":"Tietoa biokaasusta"},"content":{"rendered":"<p>[et_pb_section fb_built=&#8221;1&#8243; custom_padding_last_edited=&#8221;on|phone&#8221; admin_label=&#8221;Missio Alasivun otsikko&#8221; _builder_version=&#8221;4.22.2&#8243; background_image=&#8221;https:\/\/fimuskraft.com\/wp-content\/uploads\/2023\/09\/0-ebd3c6db-4eff-4e54-81e9-4814284d2adf-992&#215;640.jpg&#8221; parallax=&#8221;on&#8221; positioning=&#8221;none&#8221; custom_margin=&#8221;-16vh||||false|false&#8221; custom_margin_tablet=&#8221;-16vh||||false|false&#8221; custom_margin_phone=&#8221;-80px||||false|false&#8221; custom_margin_last_edited=&#8221;on|phone&#8221; custom_padding=&#8221;25vh||7vh||false|false&#8221; custom_padding_tablet=&#8221;22vh||5vh||false|false&#8221; custom_padding_phone=&#8221;93px||3vh||false|false&#8221; hover_enabled=&#8221;0&#8243; locked=&#8221;off&#8221; global_colors_info=&#8221;{}&#8221; title_text=&#8221;0-ebd3c6db-4eff-4e54-81e9-4814284d2adf-992&#215;640&#8243; sticky_enabled=&#8221;0&#8243;][et_pb_row _builder_version=&#8221;4.19.5&#8243; global_colors_info=&#8221;{}&#8221;][et_pb_column type=&#8221;4_4&#8243; _builder_version=&#8221;4.16&#8243; global_colors_info=&#8221;{}&#8221;][et_pb_text _builder_version=&#8221;4.22.2&#8243; header_text_align=&#8221;center&#8221; text_orientation=&#8221;center&#8221; custom_margin=&#8221;||12px|||&#8221; header_text_align_tablet=&#8221;left&#8221; header_text_align_phone=&#8221;left&#8221; header_text_align_last_edited=&#8221;on|tablet&#8221; header_font_size_tablet=&#8221;&#8221; header_font_size_phone=&#8221;28px&#8221; header_font_size_last_edited=&#8221;on|phone&#8221; text_orientation_tablet=&#8221;left&#8221; text_orientation_phone=&#8221;left&#8221; text_orientation_last_edited=&#8221;on|tablet&#8221; text_text_shadow_style=&#8221;preset3&#8243; text_text_shadow_color=&#8221;gcid-fd99c094-06ab-4dac-b621-71dff9d481ed&#8221; header_text_shadow_style=&#8221;preset3&#8243; global_colors_info=&#8221;{%22gcid-43508936-0565-4258-b9b9-165d4cc484fd%22:%91%22header_2_text_color%22,%22icon_color%22%93,%22gcid-fd99c094-06ab-4dac-b621-71dff9d481ed%22:%91%22header_text_shadow_color%22,%22text_text_shadow_color%22%93}&#8221;]<\/p>\n<h1 class=\"entry-title\" itemprop=\"name\">Lis\u00e4tietoja biokaasusta<\/h1>\n<p class=\"has-white-color has-virtue-primary-background-color has-text-color has-background has-medium-font-size\"><span>Lue lis\u00e4tietoja biokaasusta, biokaasun tyypillisist\u00e4 pitoisuuksista, biokaasun metaanin tuotosta ja biokaasun energiapitoisuudesta alta.<\/span><\/p>\n<p>[\/et_pb_text][\/et_pb_column][\/et_pb_row][\/et_pb_section][et_pb_section fb_built=&#8221;1&#8243; admin_label=&#8221;Missio Valkea osio&#8221; _builder_version=&#8221;4.19.5&#8243; background_color=&#8221;#FFFFFF&#8221; custom_padding=&#8221;5vh||5vh||true|false&#8221; global_colors_info=&#8221;{}&#8221;][et_pb_row column_structure=&#8221;1_2,1_2&#8243; _builder_version=&#8221;4.22.1&#8243; global_colors_info=&#8221;{}&#8221;][et_pb_column type=&#8221;1_2&#8243; _builder_version=&#8221;4.16&#8243; global_colors_info=&#8221;{}&#8221;][et_pb_text _builder_version=&#8221;4.22.2&#8243; header_2_text_align=&#8221;left&#8221; header_2_text_color=&#8221;gcid-43508936-0565-4258-b9b9-165d4cc484fd&#8221; custom_margin=&#8221;||3px|||&#8221; global_colors_info=&#8221;{%22gcid-43508936-0565-4258-b9b9-165d4cc484fd%22:%91%22header_2_text_color%22,%22header_2_text_color%22%93}&#8221;]<\/p>\n<h2>Biokaasu fermentaation tuotteet<\/h2>\n<p>[\/et_pb_text][et_pb_text _builder_version=&#8221;4.22.2&#8243; custom_padding=&#8221;||35px|||&#8221; global_colors_info=&#8221;{}&#8221;]<\/p>\n<ul>\n<li>Biokaasu, metaanin pitoisuus 45-70 % (~90 %)<\/li>\n<li>Biokaasu voidaan muuttaa s\u00e4hk\u00f6ksi ja l\u00e4mm\u00f6ksi<\/li>\n<li>Biokaasu voidaan puhdistaa ja paineistaa liikennepolttoaineeksi\u00a0<\/li>\n<li>Erotettu lannoiteneste<\/li>\n<li>Ravinnerikas ja typpe\u00e4 sis\u00e4lt\u00e4v\u00e4 biolannoite\u00a0<\/li>\n<li>Bioj\u00e4te ja lanta voidaan hy\u00f6dynt\u00e4\u00e4 raaka-aineena, ei j\u00e4tteen\u00e4\u00a0<\/li>\n<li>Hajujen v\u00e4hent\u00e4minen<\/li>\n<li>Hygienisoitu biolannoite<\/li>\n<\/ul>\n<p>[\/et_pb_text][\/et_pb_column][et_pb_column type=&#8221;1_2&#8243; _builder_version=&#8221;4.16&#8243; global_colors_info=&#8221;{}&#8221;][et_pb_text _builder_version=&#8221;4.22.2&#8243; header_2_text_align=&#8221;left&#8221; header_2_text_color=&#8221;gcid-43508936-0565-4258-b9b9-165d4cc484fd&#8221; custom_margin=&#8221;||3px|||&#8221; global_colors_info=&#8221;{%22gcid-43508936-0565-4258-b9b9-165d4cc484fd%22:%91%22header_2_text_color%22%93}&#8221;]<\/p>\n<h2>Biokaasun tyypilliset pitoisuudet<\/h2>\n<p>[\/et_pb_text][et_pb_text _builder_version=&#8221;4.22.2&#8243; custom_padding=&#8221;||35px|||&#8221; global_colors_info=&#8221;{}&#8221;]<\/p>\n<ul>\n<li>Metaani CH4 45-75 % (~90 %)<\/li>\n<li>Hiilidioksidi CO2 25-45 % (~10 %)<\/li>\n<li>Hiilioksidi CO 0-0,3 %<\/li>\n<li>Typpi N2 1-5\u00a0 %<\/li>\n<li>Vety H2 0-3 %<\/li>\n<li>Rikkivety H2S 0,1-0,5 % (0-40 ppm)<\/li>\n<\/ul>\n<p>[\/et_pb_text][\/et_pb_column][\/et_pb_row][\/et_pb_section][et_pb_section fb_built=&#8221;1&#8243; admin_label=&#8221;Missio Valkea osio&#8221; _builder_version=&#8221;4.22.1&#8243; background_color=&#8221;gcid-fd99c094-06ab-4dac-b621-71dff9d481ed&#8221; custom_padding=&#8221;5vh||5vh||true|false&#8221; global_colors_info=&#8221;{%22gcid-fd99c094-06ab-4dac-b621-71dff9d481ed%22:%91%22background_color%22%93}&#8221;][et_pb_row _builder_version=&#8221;4.22.1&#8243; global_colors_info=&#8221;{}&#8221;][et_pb_column type=&#8221;4_4&#8243; _builder_version=&#8221;4.16&#8243; global_colors_info=&#8221;{}&#8221;][et_pb_text _builder_version=&#8221;4.22.2&#8243; header_2_text_align=&#8221;left&#8221; header_2_text_color=&#8221;gcid-43508936-0565-4258-b9b9-165d4cc484fd&#8221; custom_margin=&#8221;||3px|||&#8221; global_colors_info=&#8221;{%22gcid-43508936-0565-4258-b9b9-165d4cc484fd%22:%91%22header_2_text_color%22,%22header_2_text_color%22%93}&#8221;]<\/p>\n<h2 style=\"text-align: center;\">Tyypillinen metaanituotto eri biomassoista (yleiset arvot)<\/h2>\n<p>[\/et_pb_text][et_pb_image src=&#8221;https:\/\/fimuskraft.com\/wp-content\/uploads\/2023\/09\/Nayttokuva-2023-9-28-kello-9.12.12.png&#8221; title_text=&#8221;Na\u0308ytto\u0308kuva 2023-9-28 kello 9.12.12&#8243; _builder_version=&#8221;4.22.2&#8243; _module_preset=&#8221;default&#8221; global_colors_info=&#8221;{}&#8221;][\/et_pb_image][\/et_pb_column][\/et_pb_row][\/et_pb_section][et_pb_section fb_built=&#8221;1&#8243; admin_label=&#8221;Missio Valkea osio&#8221; _builder_version=&#8221;4.19.5&#8243; background_color=&#8221;#FFFFFF&#8221; custom_padding=&#8221;5vh||7vh||false|false&#8221; global_colors_info=&#8221;{}&#8221;][et_pb_row column_structure=&#8221;2_5,3_5&#8243; _builder_version=&#8221;4.22.1&#8243; global_colors_info=&#8221;{}&#8221;][et_pb_column type=&#8221;2_5&#8243; _builder_version=&#8221;4.16&#8243; global_colors_info=&#8221;{}&#8221;][et_pb_image src=&#8221;https:\/\/fimuskraft.com\/wp-content\/uploads\/2023\/10\/Prosessikaavio.png&#8221; title_text=&#8221;Prosessikaavio&#8221; _builder_version=&#8221;4.22.2&#8243; _module_preset=&#8221;default&#8221; hover_enabled=&#8221;0&#8243; global_colors_info=&#8221;{}&#8221; sticky_enabled=&#8221;0&#8243;][\/et_pb_image][\/et_pb_column][et_pb_column type=&#8221;3_5&#8243; _builder_version=&#8221;4.16&#8243; global_colors_info=&#8221;{}&#8221;][et_pb_text _builder_version=&#8221;4.22.2&#8243; header_2_text_align=&#8221;left&#8221; header_2_text_color=&#8221;gcid-43508936-0565-4258-b9b9-165d4cc484fd&#8221; custom_margin=&#8221;||3px|||&#8221; global_colors_info=&#8221;{%22gcid-43508936-0565-4258-b9b9-165d4cc484fd%22:%91%22header_2_text_color%22,%22header_2_text_color%22%93}&#8221;]<\/p>\n<h2>Lis\u00e4tietoja biokaasusta ja biokaasun keskim\u00e4\u00e4r\u00e4inen energiapitoisuus (muistis\u00e4\u00e4nt\u00f6):<\/h2>\n<p>[\/et_pb_text][et_pb_text _builder_version=&#8221;4.22.2&#8243; custom_padding=&#8221;||35px|||&#8221; global_colors_info=&#8221;{}&#8221;]<\/p>\n<ul>\n<li>1 m3 metaania (100%) = 1 litra \u00f6ljy\u00e4 = 10 kWh energiaa<\/li>\n<li>Biokaasun metaanipitoisuus on arvioitu olevan 60 %<\/li>\n<\/ul>\n<p>&gt;&gt;&gt;<\/p>\n<p>1 m3 biokaasua (metaanipitoisuus on noin 60%)<br \/>= noin 6 kWh energiaa<br \/>= noin 2 kWh s\u00e4hk\u00f6\u00e4 ja noin 3,5 kWh l\u00e4mp\u00f6\u00e4<\/p>\n<p>[\/et_pb_text][\/et_pb_column][\/et_pb_row][\/et_pb_section]<\/p>\n","protected":false},"excerpt":{"rendered":"<p>Lis\u00e4tietoja biokaasusta Lue lis\u00e4tietoja biokaasusta, biokaasun tyypillisist\u00e4 pitoisuuksista, biokaasun metaanin tuotosta ja biokaasun energiapitoisuudesta alta.Biokaasu fermentaation tuotteet Biokaasu, metaanin pitoisuus 45-70 % (~90 %) Biokaasu voidaan muuttaa s\u00e4hk\u00f6ksi ja l\u00e4mm\u00f6ksi Biokaasu voidaan puhdistaa ja paineistaa liikennepolttoaineeksi\u00a0 Erotettu lannoiteneste Ravinnerikas ja typpe\u00e4 sis\u00e4lt\u00e4v\u00e4 biolannoite\u00a0 Bioj\u00e4te ja lanta voidaan hy\u00f6dynt\u00e4\u00e4 raaka-aineena, ei j\u00e4tteen\u00e4\u00a0 Hajujen v\u00e4hent\u00e4minen Hygienisoitu biolannoite [&hellip;]<\/p>\n","protected":false},"author":2,"featured_media":0,"parent":2031,"menu_order":0,"comment_status":"closed","ping_status":"closed","template":"","meta":{"_et_pb_use_builder":"on","_et_pb_old_content":"","_et_gb_content_width":"","footnotes":""},"class_list":["post-2026","page","type-page","status-publish","hentry"],"_links":{"self":[{"href":"https:\/\/fimuskraft.com\/fi\/wp-json\/wp\/v2\/pages\/2026","targetHints":{"allow":["GET"]}}],"collection":[{"href":"https:\/\/fimuskraft.com\/fi\/wp-json\/wp\/v2\/pages"}],"about":[{"href":"https:\/\/fimuskraft.com\/fi\/wp-json\/wp\/v2\/types\/page"}],"author":[{"embeddable":true,"href":"https:\/\/fimuskraft.com\/fi\/wp-json\/wp\/v2\/users\/2"}],"replies":[{"embeddable":true,"href":"https:\/\/fimuskraft.com\/fi\/wp-json\/wp\/v2\/comments?post=2026"}],"version-history":[{"count":5,"href":"https:\/\/fimuskraft.com\/fi\/wp-json\/wp\/v2\/pages\/2026\/revisions"}],"predecessor-version":[{"id":2257,"href":"https:\/\/fimuskraft.com\/fi\/wp-json\/wp\/v2\/pages\/2026\/revisions\/2257"}],"up":[{"embeddable":true,"href":"https:\/\/fimuskraft.com\/fi\/wp-json\/wp\/v2\/pages\/2031"}],"wp:attachment":[{"href":"https:\/\/fimuskraft.com\/fi\/wp-json\/wp\/v2\/media?parent=2026"}],"curies":[{"name":"wp","href":"https:\/\/api.w.org\/{rel}","templated":true}]}}